{"id":10,"date":"2024-06-30T23:59:51","date_gmt":"2024-06-30T23:59:51","guid":{"rendered":"https:\/\/wp.agepoly.ch\/?page_id=10"},"modified":"2026-04-20T22:27:05","modified_gmt":"2026-04-20T21:27:05","slug":"home","status":"publish","type":"page","link":"https:\/\/agepoly.ch\/en\/","title":{"rendered":"Home page"},"content":{"rendered":"<div class=\"wp-block-cover alignfull wp-duotone-unset-1\" style=\"min-height:690px;aspect-ratio:unset;\"><img loading=\"lazy\" decoding=\"async\" width=\"2642\" height=\"1008\" class=\"wp-block-cover__image-background wp-image-2537\" alt=\"\" src=\"https:\/\/agepoly.ch\/wp-content\/uploads\/2025\/09\/Capture-decran-2025-09-23-a-10.59.41.png\" data-object-fit=\"cover\" srcset=\"https:\/\/agepoly.ch\/wp-content\/uploads\/2025\/09\/Capture-decran-2025-09-23-a-10.59.41.png 2642w, https:\/\/agepoly.ch\/wp-content\/uploads\/2025\/09\/Capture-decran-2025-09-23-a-10.59.41-300x114.png 300w, https:\/\/agepoly.ch\/wp-content\/uploads\/2025\/09\/Capture-decran-2025-09-23-a-10.59.41-1024x391.png 1024w, https:\/\/agepoly.ch\/wp-content\/uploads\/2025\/09\/Capture-decran-2025-09-23-a-10.59.41-768x293.png 768w, https:\/\/agepoly.ch\/wp-content\/uploads\/2025\/09\/Capture-decran-2025-09-23-a-10.59.41-1536x586.png 1536w, https:\/\/agepoly.ch\/wp-content\/uploads\/2025\/09\/Capture-decran-2025-09-23-a-10.59.41-2048x781.png 2048w, https:\/\/agepoly.ch\/wp-content\/uploads\/2025\/09\/Capture-decran-2025-09-23-a-10.59.41-18x7.png 18w\" sizes=\"auto, (max-width: 2642px) 100vw, 2642px\" \/><span aria-hidden=\"true\" class=\"wp-block-cover__background has-neve-text-color-background-color has-background-dim-70 has-background-dim\"><\/span><div class=\"wp-block-cover__inner-container is-layout-flow wp-block-cover-is-layout-flow\">\n<div style=\"height:51px\" aria-hidden=\"true\" class=\"wp-block-spacer\"><\/div>\n\n\n\n<h1 class=\"wp-block-heading has-text-align-center has-nv-text-dark-bg-color has-text-color\">AGEPoly is<br>your association!<\/h1>\n\n\n\n<p class=\"has-text-align-center has-nv-text-dark-bg-color has-text-color\" style=\"font-size:17px\">AGEPoly is EPFL's General Students Association<br><br>Welcome to AGEPoly's website<\/p>\n<\/div><\/div>\n\n\n\n<div style=\"height:80px\" aria-hidden=\"true\" class=\"wp-block-spacer\"><\/div>\n\n\n\n<div class=\"wp-block-columns is-layout-flex wp-container-core-columns-is-layout-9d6595d7 wp-block-columns-is-layout-flex\">\n<div class=\"wp-block-column is-layout-flow wp-block-column-is-layout-flow\"><div class=\"wp-block-image is-resized icon-style is-style-default\">\n<figure class=\"aligncenter size-large\"><img decoding=\"async\" src=\"https:\/\/agepoly.ch\/wp-content\/uploads\/2024\/08\/repres-entier.png\" alt=\"\" style=\"width:170px\"\/><\/figure><\/div>\n\n\n<h3 class=\"wp-block-heading has-text-align-center has-neve-text-color-color has-text-color\">We represent you<\/h3>\n\n\n\n<p class=\"has-text-align-center\">AGEPoly defends your interests and tries to improve the conditions in which you study.<\/p>\n\n\n\n<div style=\"height:20px\" aria-hidden=\"true\" class=\"wp-block-spacer\"><\/div>\n<\/div>\n\n\n\n<div class=\"wp-block-column is-layout-flow wp-block-column-is-layout-flow\"><div class=\"wp-block-image is-resized icon-style is-style-default\">\n<figure class=\"aligncenter size-large\"><img decoding=\"async\" src=\"https:\/\/agepoly.ch\/wp-content\/uploads\/2024\/08\/anim-entier-1024x1024.png\" alt=\"\" style=\"width:170px\"\/><\/figure><\/div>\n\n\n<h3 class=\"wp-block-heading has-text-align-center has-neve-text-color-color has-text-color\">We bring the campus to life<\/h3>\n\n\n\n<p class=\"has-text-align-center\">From distributing pancakes to a festival, to sports tournaments.<\/p>\n\n\n\n<div style=\"height:20px\" aria-hidden=\"true\" class=\"wp-block-spacer\"><\/div>\n<\/div>\n\n\n\n<div class=\"wp-block-column is-layout-flow wp-block-column-is-layout-flow\"><div class=\"wp-block-image is-resized icon-style is-style-rounded\">\n<figure class=\"aligncenter size-large\"><img loading=\"lazy\" decoding=\"async\" width=\"1024\" height=\"1024\" src=\"https:\/\/agepoly.ch\/wp-content\/uploads\/2024\/08\/prev-1024x1024.png\" alt=\"\" class=\"wp-image-123\" style=\"width:170px\" srcset=\"https:\/\/agepoly.ch\/wp-content\/uploads\/2024\/08\/prev-1024x1024.png 1024w, https:\/\/agepoly.ch\/wp-content\/uploads\/2024\/08\/prev-300x300.png 300w, https:\/\/agepoly.ch\/wp-content\/uploads\/2024\/08\/prev-150x150.png 150w, https:\/\/agepoly.ch\/wp-content\/uploads\/2024\/08\/prev-768x768.png 768w, https:\/\/agepoly.ch\/wp-content\/uploads\/2024\/08\/prev-1536x1536.png 1536w, https:\/\/agepoly.ch\/wp-content\/uploads\/2024\/08\/prev-12x12.png 12w, https:\/\/agepoly.ch\/wp-content\/uploads\/2024\/08\/prev.png 2000w\" sizes=\"auto, (max-width: 1024px) 100vw, 1024px\" \/><\/figure><\/div>\n\n\n<h3 class=\"wp-block-heading has-text-align-center has-neve-text-color-color has-text-color\">We offer you services<\/h3>\n\n\n\n<p class=\"has-text-align-center\">From partnerships to goodies, lots of little things that make life rosier! <\/p>\n\n\n\n<div style=\"height:20px\" aria-hidden=\"true\" class=\"wp-block-spacer\"><\/div>\n<\/div>\n\n\n\n<div class=\"wp-block-column is-layout-flow wp-block-column-is-layout-flow\"><div class=\"wp-block-image is-resized icon-style is-style-rounded\">\n<figure class=\"aligncenter size-large\"><img decoding=\"async\" src=\"https:\/\/agepoly.ch\/wp-content\/uploads\/2024\/08\/comm-entier.png\" alt=\"\" style=\"width:170px\"\/><\/figure><\/div>\n\n\n<h3 class=\"wp-block-heading has-text-align-center has-neve-text-color-color has-text-color\">We inform you <\/h3>\n\n\n\n<p class=\"has-text-align-center\">Decisions that affect you and impact your life and studies.<\/p>\n\n\n\n<div style=\"height:20px\" aria-hidden=\"true\" class=\"wp-block-spacer\"><\/div>\n<\/div>\n<\/div>\n\n\n\n<h3 class=\"wp-block-heading has-text-align-center\"><\/h3>\n\n\n\n<p><\/p>\n\n\n\n<h2 class=\"wp-block-heading has-text-align-center has-x-large-font-size\"><strong>Candidatures au Comit\u00e9 de Direction 26\/27<\/strong><\/h2>\n\n\n\n<p class=\"has-text-align-center has-medium-font-size\">Les candidatures au Comit\u00e9 de Direction 2026-2027 sont ouvertes jusqu&rsquo;au 21 avril 2026 !<\/p>\n\n\n\n<div class=\"wp-block-buttons is-horizontal is-content-justification-center is-layout-flex wp-container-core-buttons-is-layout-499968f5 wp-block-buttons-is-layout-flex\">\n<div class=\"wp-block-button has-custom-width wp-block-button__width-75\"><a class=\"wp-block-button__link has-text-color has-background has-medium-font-size has-custom-font-size wp-element-button\" href=\"https:\/\/agepoly.ch\/en\/candidatures-comite-de-direction-26-27\/\" style=\"border-radius:50px;color:#ffffff;background-color:#f24878\">D\u00e9couvre ici les candidat\u00b7e\u00b7s au prochain Comit\u00e9 de Direction<\/a><\/div>\n<\/div>\n\n\n\n<p><\/p>\n\n\n\n<p><\/p>\n\n\n\n<h2 class=\"wp-block-heading has-text-align-center\">D\u00e9cision de l&rsquo;Assembl\u00e9e G\u00e9n\u00e9rale du 14 avril 2026<\/h2>\n\n\n\n<div class=\"wp-block-buttons is-horizontal is-content-justification-center is-layout-flex wp-container-core-buttons-is-layout-499968f5 wp-block-buttons-is-layout-flex\">\n<div class=\"wp-block-button has-custom-width wp-block-button__width-75\"><a class=\"wp-block-button__link has-nv-c-1-background-color has-text-color has-background has-medium-font-size has-custom-font-size wp-element-button\" href=\"https:\/\/agepoly.ch\/en\/decision-de-lassemblee-generale-extraordinaire-du-14-avril-2026\/\" style=\"border-radius:50px;color:#ffffff\">D\u00e9cision et documents de l&rsquo;AG disponible ici<\/a><\/div>\n<\/div>\n\n\n\n<p><\/p>\n\n\n\n<div class=\"wp-block-cover alignfull is-light\" style=\"min-height:600px;aspect-ratio:unset;\"><span aria-hidden=\"true\" class=\"wp-block-cover__background has-nv-light-bg-background-color has-background-dim-100 has-background-dim\"><\/span><div class=\"wp-block-cover__inner-container is-layout-flow wp-block-cover-is-layout-flow\">\n<div class=\"wp-block-group\"><div class=\"wp-block-group__inner-container is-layout-flow wp-block-group-is-layout-flow\">\n<div style=\"height:80px\" aria-hidden=\"true\" class=\"wp-block-spacer\"><\/div>\n\n\n\n<div class=\"wp-block-columns are-vertically-aligned-center is-layout-flex wp-container-core-columns-is-layout-9d6595d7 wp-block-columns-is-layout-flex\">\n<div class=\"wp-block-column is-vertically-aligned-center is-layout-flow wp-block-column-is-layout-flow\" style=\"flex-basis:50%\">\n<figure class=\"wp-block-image size-large is-resized\"><img decoding=\"async\" src=\"https:\/\/agepoly.ch\/wp-content\/uploads\/2024\/08\/Reunion.png\" alt=\"\" style=\"width:555px;height:auto\"\/><\/figure>\n<\/div>\n\n\n\n<div class=\"wp-block-column is-vertically-aligned-center is-layout-flow wp-block-column-is-layout-flow\" style=\"flex-basis:50%\">\n<div style=\"height:20px\" aria-hidden=\"true\" class=\"wp-block-spacer\"><\/div>\n\n\n\n<h2 class=\"wp-block-heading has-text-align-left has-neve-text-color-color has-text-color\">Representation<\/h2>\n\n\n\n<p class=\"has-text-align-left has-neve-text-color-color has-text-color\" style=\"font-size:17px\">We represent the interests of students in front of the School Management, the ETH Board, and many others. In this section you will find plenty of information about current projects and our latest initiatives.<\/p>\n\n\n\n<div class=\"wp-block-buttons is-content-justification-left is-layout-flex wp-container-core-buttons-is-layout-fdcfc74e wp-block-buttons-is-layout-flex\">\n<div class=\"wp-block-button is-style-primary\"><a class=\"wp-block-button__link has-nv-site-bg-color has-text-color has-background has-link-color wp-element-button\" href=\"\/en\/representation\/\" style=\"background-color:#f24b78\">LEARN MORE<\/a><\/div>\n<\/div>\n<\/div>\n<\/div>\n\n\n\n<div style=\"height:40px\" aria-hidden=\"true\" class=\"wp-block-spacer\"><\/div>\n<\/div><\/div>\n<\/div><\/div>\n\n\n\n<div class=\"wp-block-cover alignfull is-light\" style=\"min-height:600px;aspect-ratio:unset;\"><span aria-hidden=\"true\" class=\"wp-block-cover__background has-nv-site-bg-background-color has-background-dim-100 has-background-dim\"><\/span><div class=\"wp-block-cover__inner-container is-layout-flow wp-block-cover-is-layout-flow\">\n<div class=\"wp-block-group\"><div class=\"wp-block-group__inner-container is-layout-flow wp-block-group-is-layout-flow\">\n<div style=\"height:80px\" aria-hidden=\"true\" class=\"wp-block-spacer\"><\/div>\n\n\n\n<div class=\"wp-block-columns are-vertically-aligned-center is-layout-flex wp-container-core-columns-is-layout-9d6595d7 wp-block-columns-is-layout-flex\">\n<div class=\"wp-block-column is-vertically-aligned-center is-layout-flow wp-block-column-is-layout-flow\" style=\"flex-basis:50%\">\n<h2 class=\"wp-block-heading has-text-align-left has-neve-text-color-color has-text-color\">Services &amp; Prevention<\/h2>\n\n\n\n<p class=\"has-text-align-left has-neve-text-color-color has-text-color\" style=\"font-size:17px\">We implement many initiatives to meet your needs. Whether it's by distributing various goodies or conducting awareness campaigns on different issues, we do everything in our power to improve your daily life and create an environment where everyone can thrive and feel supported.<\/p>\n\n\n\n<div class=\"wp-block-buttons is-content-justification-left is-layout-flex wp-container-core-buttons-is-layout-fdcfc74e wp-block-buttons-is-layout-flex\">\n<div class=\"wp-block-button is-style-primary\"><a class=\"wp-block-button__link has-nv-site-bg-color has-text-color has-background has-link-color wp-element-button\" href=\"\/en\/services\/\" style=\"background-color:#f24878\">Deals<\/a><\/div>\n\n\n\n<div class=\"wp-block-button is-style-primary\"><a class=\"wp-block-button__link has-nv-site-bg-color has-text-color has-background has-link-color wp-element-button\" href=\"\/en\/prevention\/\" style=\"background-color:#f24878\">RESSOURCES<\/a><\/div>\n<\/div>\n\n\n\n<div style=\"height:40px\" aria-hidden=\"true\" class=\"wp-block-spacer\"><\/div>\n<\/div>\n\n\n\n<div class=\"wp-block-column is-vertically-aligned-center is-layout-flow wp-block-column-is-layout-flow\" style=\"flex-basis:50%\">\n<figure class=\"wp-block-image size-large\"><img loading=\"lazy\" decoding=\"async\" width=\"1024\" height=\"1024\" src=\"https:\/\/agepoly.ch\/wp-content\/uploads\/2024\/08\/serv-entier-1024x1024.png\" alt=\"\" class=\"wp-image-128\" srcset=\"https:\/\/agepoly.ch\/wp-content\/uploads\/2024\/08\/serv-entier-1024x1024.png 1024w, https:\/\/agepoly.ch\/wp-content\/uploads\/2024\/08\/serv-entier-300x300.png 300w, https:\/\/agepoly.ch\/wp-content\/uploads\/2024\/08\/serv-entier-150x150.png 150w, https:\/\/agepoly.ch\/wp-content\/uploads\/2024\/08\/serv-entier-768x768.png 768w, https:\/\/agepoly.ch\/wp-content\/uploads\/2024\/08\/serv-entier-1536x1536.png 1536w, https:\/\/agepoly.ch\/wp-content\/uploads\/2024\/08\/serv-entier-12x12.png 12w, https:\/\/agepoly.ch\/wp-content\/uploads\/2024\/08\/serv-entier.png 2000w\" sizes=\"auto, (max-width: 1024px) 100vw, 1024px\" \/><\/figure>\n<\/div>\n<\/div>\n\n\n\n<div style=\"height:40px\" aria-hidden=\"true\" class=\"wp-block-spacer\"><\/div>\n<\/div><\/div>\n<\/div><\/div>\n\n\n\n<div class=\"wp-block-cover alignfull is-light\" style=\"min-height:600px;aspect-ratio:unset;\"><span aria-hidden=\"true\" class=\"wp-block-cover__background has-nv-dark-bg-background-color has-background-dim-100 has-background-dim\"><\/span><div class=\"wp-block-cover__inner-container is-layout-flow wp-block-cover-is-layout-flow\">\n<div class=\"wp-block-group\"><div class=\"wp-block-group__inner-container is-layout-flow wp-block-group-is-layout-flow\">\n<div style=\"height:80px\" aria-hidden=\"true\" class=\"wp-block-spacer\"><\/div>\n\n\n\n<div class=\"wp-block-columns are-vertically-aligned-center is-layout-flex wp-container-core-columns-is-layout-9d6595d7 wp-block-columns-is-layout-flex\">\n<div class=\"wp-block-column is-vertically-aligned-center is-layout-flow wp-block-column-is-layout-flow\" style=\"flex-basis:50%\">\n<figure class=\"wp-block-image size-large\"><img decoding=\"async\" src=\"https:\/\/agepoly.ch\/wp-content\/uploads\/2024\/08\/sport-1024x1024.png\" alt=\"\"\/><\/figure>\n<\/div>\n\n\n\n<div class=\"wp-block-column is-vertically-aligned-center is-layout-flow wp-block-column-is-layout-flow\" style=\"flex-basis:50%\">\n<div style=\"height:40px\" aria-hidden=\"true\" class=\"wp-block-spacer\"><\/div>\n\n\n\n<h2 class=\"wp-block-heading has-text-align-left has-nv-text-dark-bg-color has-text-color\">Animation &amp; Sport<\/h2>\n\n\n\n<p class=\"has-text-align-left has-nv-text-dark-bg-color has-text-color\" style=\"font-size:17px\">A healthy mind in a party body, uh no a healthy mind in a healthy body! Everything you need to take your mind off things!<\/p>\n\n\n\n<div class=\"wp-block-buttons is-content-justification-left is-layout-flex wp-container-core-buttons-is-layout-fdcfc74e wp-block-buttons-is-layout-flex\">\n<div class=\"wp-block-button is-style-primary\"><a class=\"wp-block-button__link has-nv-site-bg-color has-text-color has-background has-link-color wp-element-button\" href=\"\/en\/evenements\/\" style=\"background-color:#f24878\">All our events<\/a><\/div>\n<\/div>\n<\/div>\n<\/div>\n\n\n\n<div style=\"height:40px\" aria-hidden=\"true\" class=\"wp-block-spacer\"><\/div>\n<\/div><\/div>\n<\/div><\/div>\n\n\n\n<div style=\"height:40px\" aria-hidden=\"true\" class=\"wp-block-spacer\"><\/div>","protected":false},"excerpt":{"rendered":"<p>On te repr\u00e9sente L&rsquo;AGEPoly d\u00e9fend tes int\u00e9r\u00eats et essaye d&rsquo;am\u00e9liorer les conditions dans lesquelles tu \u00e9tudies. On anime le campus De la distribution de cr\u00eapes \u00e0 un festival, en passant par des tournois sportifs. On t&rsquo;offre des services Des partenariats aux goodies, plein de petites choses qui rendent la vie plus rose! On t&rsquo;informe Des&hellip;&nbsp;<a href=\"https:\/\/agepoly.ch\/en\/\" class=\"\" rel=\"bookmark\">Read More &raquo;<span class=\"screen-reader-text\">Home page<\/span><\/a><\/p>","protected":false},"author":1,"featured_media":0,"parent":0,"menu_order":0,"comment_status":"closed","ping_status":"closed","template":"","meta":{"neve_meta_sidebar":"","neve_meta_container":"","neve_meta_enable_content_width":"on","neve_meta_content_width":100,"neve_meta_title_alignment":"","neve_meta_author_avatar":"","neve_post_elements_order":"","neve_meta_disable_header":"","neve_meta_disable_footer":"","neve_meta_disable_title":"on","_themeisle_gutenberg_block_has_review":false,"footnotes":""},"class_list":["post-10","page","type-page","status-publish","hentry"],"_links":{"self":[{"href":"https:\/\/agepoly.ch\/en\/wp-json\/wp\/v2\/pages\/10","targetHints":{"allow":["GET"]}}],"collection":[{"href":"https:\/\/agepoly.ch\/en\/wp-json\/wp\/v2\/pages"}],"about":[{"href":"https:\/\/agepoly.ch\/en\/wp-json\/wp\/v2\/types\/page"}],"author":[{"embeddable":true,"href":"https:\/\/agepoly.ch\/en\/wp-json\/wp\/v2\/users\/1"}],"replies":[{"embeddable":true,"href":"https:\/\/agepoly.ch\/en\/wp-json\/wp\/v2\/comments?post=10"}],"version-history":[{"count":107,"href":"https:\/\/agepoly.ch\/en\/wp-json\/wp\/v2\/pages\/10\/revisions"}],"predecessor-version":[{"id":3105,"href":"https:\/\/agepoly.ch\/en\/wp-json\/wp\/v2\/pages\/10\/revisions\/3105"}],"wp:attachment":[{"href":"https:\/\/agepoly.ch\/en\/wp-json\/wp\/v2\/media?parent=10"}],"curies":[{"name":"wp","href":"https:\/\/api.w.org\/{rel}","templated":true}]}}