{"id":14,"date":"2024-06-30T23:59:51","date_gmt":"2024-06-30T23:59:51","guid":{"rendered":"https:\/\/wp.agepoly.ch\/?page_id=14"},"modified":"2025-12-01T14:04:16","modified_gmt":"2025-12-01T13:04:16","slug":"ressources","status":"publish","type":"page","link":"https:\/\/agepoly.ch\/en\/ressources\/","title":{"rendered":"Ressources"},"content":{"rendered":"<div class=\"wp-block-cover alignfull is-light\" style=\"min-height:300px;aspect-ratio:unset;\"><span aria-hidden=\"true\" class=\"wp-block-cover__background has-nv-site-bg-background-color has-background-dim-100 has-background-dim\"><\/span><div class=\"wp-block-cover__inner-container is-layout-flow wp-block-cover-is-layout-flow\">\n<div class=\"wp-block-group\"><div class=\"wp-block-group__inner-container is-layout-flow wp-block-group-is-layout-flow\">\n<h1 class=\"wp-block-heading has-text-align-left has-neve-text-color-color has-text-color\">Ressources<\/h1>\n\n\n\n<p>A healthy mind in a healthy body! It's important to take care of yourself! From the work environment to mental and physical health, this is where you'll learn a lot.<\/p>\n<\/div><\/div>\n<\/div><\/div>\n\n\n\n<div class=\"wp-block-cover alignfull is-light\" style=\"min-height:600px;aspect-ratio:unset;\"><span aria-hidden=\"true\" class=\"wp-block-cover__background has-nv-dark-bg-background-color has-background-dim-100 has-background-dim\"><\/span><div class=\"wp-block-cover__inner-container is-layout-flow wp-block-cover-is-layout-flow\">\n<div class=\"wp-block-group\"><div class=\"wp-block-group__inner-container is-layout-flow wp-block-group-is-layout-flow\">\n<div style=\"height:80px\" aria-hidden=\"true\" class=\"wp-block-spacer\"><\/div>\n\n\n\n<div class=\"wp-block-columns is-layout-flex wp-container-core-columns-is-layout-9d6595d7 wp-block-columns-is-layout-flex\">\n<div class=\"wp-block-column is-vertically-aligned-center is-layout-flow wp-block-column-is-layout-flow\" style=\"flex-basis:66.66%\">\n<h2 class=\"wp-block-heading has-nv-text-dark-bg-color has-text-color\">Survival Guide<\/h2>\n\n\n\n<p class=\"has-nv-site-bg-color has-text-color has-link-color wp-elements-511188415893a6fdf610a58feec68afa\" style=\"font-size:16px\">Are you starting your first year at EPFL? We have prepared a guide to help you with the steps you need to take when you arrive, as well as throughout the year.<\/p>\n\n\n\n<div class=\"wp-block-columns is-layout-flex wp-container-core-columns-is-layout-9d6595d7 wp-block-columns-is-layout-flex\">\n<div class=\"wp-block-column is-layout-flow wp-block-column-is-layout-flow\"><\/div>\n\n\n\n<div class=\"wp-block-column is-layout-flow wp-block-column-is-layout-flow\">\n<div class=\"wp-block-buttons is-layout-flex wp-block-buttons-is-layout-flex\">\n<div class=\"wp-block-button\"><a class=\"wp-block-button__link has-neve-link-color-background-color has-background wp-element-button\" href=\"https:\/\/go.agepoly.ch\/survivalguide25\">THE GUIDE HERE<\/a><\/div>\n<\/div>\n<\/div>\n\n\n\n<div class=\"wp-block-column is-layout-flow wp-block-column-is-layout-flow\"><\/div>\n<\/div>\n<\/div>\n\n\n\n<div class=\"wp-block-column is-vertically-aligned-center is-layout-flow wp-block-column-is-layout-flow\" style=\"flex-basis:33.33%\"><div class=\"wp-block-image\">\n<figure class=\"aligncenter size-full is-resized\"><img loading=\"lazy\" decoding=\"async\" width=\"539\" height=\"639\" src=\"https:\/\/agepoly.ch\/wp-content\/uploads\/2025\/09\/Perdu_Avec_Sac-2.png\" alt=\"\" class=\"wp-image-2477\" style=\"width:269px;height:auto\" srcset=\"https:\/\/agepoly.ch\/wp-content\/uploads\/2025\/09\/Perdu_Avec_Sac-2.png 539w, https:\/\/agepoly.ch\/wp-content\/uploads\/2025\/09\/Perdu_Avec_Sac-2-253x300.png 253w, https:\/\/agepoly.ch\/wp-content\/uploads\/2025\/09\/Perdu_Avec_Sac-2-10x12.png 10w\" sizes=\"auto, (max-width: 539px) 100vw, 539px\" \/><\/figure><\/div><\/div>\n<\/div>\n\n\n\n<div style=\"height:40px\" aria-hidden=\"true\" class=\"wp-block-spacer\"><\/div>\n<\/div><\/div>\n<\/div><\/div>\n\n\n\n<div style=\"height:80px\" aria-hidden=\"true\" class=\"wp-block-spacer\"><\/div>\n\n\n\n<div class=\"wp-block-columns is-layout-flex wp-container-core-columns-is-layout-9d6595d7 wp-block-columns-is-layout-flex\">\n<div class=\"wp-block-column is-layout-flow wp-block-column-is-layout-flow\" style=\"flex-basis:33.33%\">\n<figure class=\"wp-block-image size-full\"><img loading=\"lazy\" decoding=\"async\" width=\"1000\" height=\"1000\" src=\"https:\/\/agepoly.ch\/wp-content\/uploads\/2025\/11\/Petit_Coeur_sans_outline.png\" alt=\"\" class=\"wp-image-2674\" srcset=\"https:\/\/agepoly.ch\/wp-content\/uploads\/2025\/11\/Petit_Coeur_sans_outline.png 1000w, https:\/\/agepoly.ch\/wp-content\/uploads\/2025\/11\/Petit_Coeur_sans_outline-300x300.png 300w, https:\/\/agepoly.ch\/wp-content\/uploads\/2025\/11\/Petit_Coeur_sans_outline-150x150.png 150w, https:\/\/agepoly.ch\/wp-content\/uploads\/2025\/11\/Petit_Coeur_sans_outline-768x768.png 768w, https:\/\/agepoly.ch\/wp-content\/uploads\/2025\/11\/Petit_Coeur_sans_outline-12x12.png 12w\" sizes=\"auto, (max-width: 1000px) 100vw, 1000px\" \/><\/figure>\n<\/div>\n\n\n\n<div class=\"wp-block-column is-vertically-aligned-center is-layout-flow wp-block-column-is-layout-flow\">\n<h2 class=\"wp-block-heading\">Support and Respect Cell<\/h2>\n\n\n\n<p><strong>The SRC is an advisory body of AGEPoly, here if you need help or if you need someone to talk to. <\/strong>SRC is a gateway to professional systems, both internal to EPFL and external, to help you with your approaches.<\/p>\n\n\n\n<div class=\"wp-block-buttons is-layout-flex wp-block-buttons-is-layout-flex\">\n<div class=\"wp-block-button is-style-default\"><a class=\"wp-block-button__link has-neve-link-color-background-color has-background wp-element-button\" href=\"https:\/\/agepoly.ch\/en\/cellule-soutien-et-respect\/\" style=\"border-style:none;border-width:0px;border-radius:0px\">More information and contacts here<\/a><\/div>\n<\/div>\n<\/div>\n<\/div>\n\n\n\n<div style=\"height:80px\" aria-hidden=\"true\" class=\"wp-block-spacer\"><\/div>\n\n\n\n<div class=\"wp-block-cover alignfull is-light\" style=\"min-height:600px;aspect-ratio:unset;\"><span aria-hidden=\"true\" class=\"wp-block-cover__background has-nv-light-bg-background-color has-background-dim-100 has-background-dim\"><\/span><div class=\"wp-block-cover__inner-container is-layout-flow wp-block-cover-is-layout-flow\">\n<div class=\"wp-block-group\"><div class=\"wp-block-group__inner-container is-layout-flow wp-block-group-is-layout-flow\">\n<div style=\"height:80px\" aria-hidden=\"true\" class=\"wp-block-spacer\"><\/div>\n\n\n\n<div class=\"wp-block-columns are-vertically-aligned-center is-layout-flex wp-container-core-columns-is-layout-9d6595d7 wp-block-columns-is-layout-flex\">\n<div class=\"wp-block-column is-vertically-aligned-center is-layout-flow wp-block-column-is-layout-flow\" style=\"flex-basis:50%\">\n<h2 class=\"wp-block-heading has-neve-text-color-color has-text-color\">Emergencies \u2013 EPFL Rescue 24\/7<\/h2>\n\n\n\n<p class=\"has-neve-text-color-color has-text-color\" style=\"font-size:18px\">EPFL emergency services (faster than traditional emergency numbers)&nbsp;<strong>144 (Switzerland)<\/strong>&nbsp;and&nbsp;<strong>112 (International)<\/strong>&nbsp;)<\/p>\n\n\n\n<ul class=\"wp-block-list\">\n<li>Number (landline): 115&nbsp;<a href=\"tel:115\">115<\/a><\/li>\n\n\n\n<li>Number (mobile line): +4121 693 30 00<\/li>\n<\/ul>\n\n\n\n<div class=\"wp-block-buttons is-layout-flex wp-block-buttons-is-layout-flex\">\n<div class=\"wp-block-button\"><a class=\"wp-block-button__link has-background wp-element-button\" href=\"https:\/\/www.epfl.ch\/campus\/security-safety\/secours\/\" style=\"background-color:#f24878\">LEARN MORE<\/a><\/div>\n<\/div>\n<\/div>\n\n\n\n<div class=\"wp-block-column is-vertically-aligned-center is-layout-flow wp-block-column-is-layout-flow\" style=\"flex-basis:50%\">\n<figure class=\"wp-block-image size-large\"><img loading=\"lazy\" decoding=\"async\" width=\"1024\" height=\"1024\" src=\"https:\/\/agepoly.ch\/wp-content\/uploads\/2025\/11\/prev-1024x1024.png\" alt=\"\" class=\"wp-image-2670\" srcset=\"https:\/\/agepoly.ch\/wp-content\/uploads\/2025\/11\/prev-1024x1024.png 1024w, https:\/\/agepoly.ch\/wp-content\/uploads\/2025\/11\/prev-300x300.png 300w, https:\/\/agepoly.ch\/wp-content\/uploads\/2025\/11\/prev-150x150.png 150w, https:\/\/agepoly.ch\/wp-content\/uploads\/2025\/11\/prev-768x768.png 768w, https:\/\/agepoly.ch\/wp-content\/uploads\/2025\/11\/prev-1536x1536.png 1536w, https:\/\/agepoly.ch\/wp-content\/uploads\/2025\/11\/prev-12x12.png 12w, https:\/\/agepoly.ch\/wp-content\/uploads\/2025\/11\/prev.png 2000w\" sizes=\"auto, (max-width: 1024px) 100vw, 1024px\" \/><\/figure>\n<\/div>\n<\/div>\n\n\n\n<div style=\"height:40px\" aria-hidden=\"true\" class=\"wp-block-spacer\"><\/div>\n<\/div><\/div>\n<\/div><\/div>\n\n\n\n<div class=\"wp-block-cover alignfull is-light\" style=\"min-height:600px;aspect-ratio:unset;\"><span aria-hidden=\"true\" class=\"wp-block-cover__background has-nv-dark-bg-background-color has-background-dim-100 has-background-dim\"><\/span><div class=\"wp-block-cover__inner-container is-layout-flow wp-block-cover-is-layout-flow\">\n<div class=\"wp-block-group\"><div class=\"wp-block-group__inner-container is-layout-flow wp-block-group-is-layout-flow\">\n<div style=\"height:80px\" aria-hidden=\"true\" class=\"wp-block-spacer\"><\/div>\n\n\n\n<div class=\"wp-block-columns are-vertically-aligned-center is-layout-flex wp-container-core-columns-is-layout-9d6595d7 wp-block-columns-is-layout-flex\">\n<div class=\"wp-block-column is-vertically-aligned-center is-layout-flow wp-block-column-is-layout-flow\" style=\"flex-basis:50%\">\n<h2 class=\"wp-block-heading has-nv-text-dark-bg-color has-text-color\">Psychological support<\/h2>\n\n\n\n<div class=\"wp-block-cover\" style=\"min-height:70px;aspect-ratio:unset;\"><span aria-hidden=\"true\" class=\"wp-block-cover__background has-nv-c-2-background-color has-background-dim-100 has-background-dim\"><\/span><div class=\"wp-block-cover__inner-container is-layout-constrained wp-block-cover-is-layout-constrained\">\n<p class=\"has-text-align-center has-link-color has-medium-font-size wp-elements-7f48db87382435cd6044c3c48284a534 translation-block\"><strong>Emergencies: do not wait to get help: <a href=\"tel:+41848 133 133\" target=\"_self\">+41848 133 133<\/a> (Call center for on-call doctors in the Canton of Vaud)<\/strong><\/p>\n<\/div><\/div>\n\n\n\n<div id=\"wp-block-themeisle-blocks-accordion-3a2e0f05\" class=\"wp-block-themeisle-blocks-accordion exclusive\">\n<details class=\"wp-block-themeisle-blocks-accordion-item\"><summary class=\"wp-block-themeisle-blocks-accordion-item__title\"><div><mark style=\"background-color:rgba(0, 0, 0, 0)\" class=\"has-inline-color has-nv-site-bg-color\"><strong>Support for EPFL: Trust point<\/strong><\/mark><\/div><\/summary><div class=\"wp-block-themeisle-blocks-accordion-item__content\">\n<p><mark style=\"background-color:rgba(0, 0, 0, 0)\" class=\"has-inline-color has-nv-site-bg-color\">Trust point is the gateway to the Support and Trust Network, and will redirect you to all EPFL resources.<\/mark><\/p>\n\n\n\n<div class=\"wp-block-buttons is-content-justification-center is-layout-flex wp-container-core-buttons-is-layout-16018d1d wp-block-buttons-is-layout-flex\">\n<div class=\"wp-block-button is-style-primary\"><a class=\"wp-block-button__link has-nv-site-bg-color has-text-color has-background has-link-color wp-element-button\" href=\"https:\/\/trust-point.epfl.ch\/fr\/\" style=\"background-color:#f24878\">TRUST POINT<\/a><\/div>\n<\/div>\n<\/div><\/details>\n\n\n\n<details class=\"wp-block-themeisle-blocks-accordion-item\"><summary class=\"wp-block-themeisle-blocks-accordion-item__title\"><div><mark style=\"background-color:rgba(0, 0, 0, 0)\" class=\"has-inline-color has-nv-text-dark-bg-color\"><strong>Helpline numbers for psychological consultations<\/strong><\/mark><\/div><\/summary><div class=\"wp-block-themeisle-blocks-accordion-item__content\">\n<ul class=\"wp-block-list has-nv-site-bg-color has-text-color has-link-color wp-elements-e0a6317f0d8732f83d839424bac440c7\">\n<li><mark style=\"background-color:rgba(0, 0, 0, 0)\" class=\"has-inline-color has-nv-text-dark-bg-color\">Make an appointment:&nbsp;<a href=\"mailto:consult.psy-epfl@chuv.ch\">consult.psy-epfl@chuv.ch<\/a>&nbsp;(confidential)<\/mark><\/li>\n\n\n\n<li><mark style=\"background-color:rgba(0, 0, 0, 0)\" class=\"has-inline-color has-nv-text-dark-bg-color\">First consultation free, then at the expense of the insurance \/ student (~200CHF\/session):<a href=\"https:\/\/www.epfl.ch\/education\/studies\/etudes-a-lepfl\/assurances\/\">&nbsp;see insurance conditions<\/a><\/mark><\/li>\n<\/ul>\n<\/div><\/details>\n\n\n\n<details class=\"wp-block-themeisle-blocks-accordion-item\"><summary class=\"wp-block-themeisle-blocks-accordion-item__title\"><div><mark style=\"background-color:rgba(0, 0, 0, 0)\" class=\"has-inline-color has-nv-text-dark-bg-color\"><strong>Helpline numbers for psychological support<\/strong><\/mark><\/div><\/summary><div class=\"wp-block-themeisle-blocks-accordion-item__content\">\n<ul class=\"wp-block-list has-nv-site-bg-color has-text-color has-link-color wp-elements-4add928fb100c32770ccf84d3f890534\">\n<li><mark style=\"background-color:rgba(0, 0, 0, 0)\" class=\"has-inline-color has-nv-text-dark-bg-color\"><a href=\"https:\/\/www.143.ch\/\">La Main Tendue<\/a>: anonymous listening<\/mark>\n<ul class=\"wp-block-list\">\n<li>Tel.<a href=\"tel:143\">143<\/a><\/li>\n\n\n\n<li>email and chat<\/li>\n\n\n\n<li>for everyone<\/li>\n<\/ul>\n<\/li>\n\n\n\n<li><a href=\"https:\/\/www.147.ch\/\">Pro Juven tute<\/a>: advice \/ guidance for emergency situations\n<ul class=\"wp-block-list\">\n<li>Tel.<a href=\"tel:147\">147<\/a><\/li>\n\n\n\n<li>email \/ chat \/ SMS<\/li>\n\n\n\n<li>for the young persons<\/li>\n<\/ul>\n<\/li>\n\n\n\n<li><a href=\"https:\/\/www.promentesana.org\/\">pro mente sana<\/a>: Telephone permanence (free, anonymous)\n<ul class=\"wp-block-list\">\n<li><a href=\"tel:0840000061\">T\u00e9l. 0840 000 061<\/a><\/li>\n<\/ul>\n<\/li>\n<\/ul>\n<\/div><\/details>\n<\/div>\n\n\n\n<div style=\"height:20px\" aria-hidden=\"true\" class=\"wp-block-spacer\"><\/div>\n\n\n\n<div style=\"height:20px\" aria-hidden=\"true\" class=\"wp-block-spacer\"><\/div>\n<\/div>\n\n\n\n<div class=\"wp-block-column is-vertically-aligned-center is-layout-flow wp-block-column-is-layout-flow\" style=\"flex-basis:50%\">\n<figure class=\"wp-block-image size-large is-resized\"><img loading=\"lazy\" decoding=\"async\" width=\"1024\" height=\"576\" src=\"https:\/\/agepoly.ch\/wp-content\/uploads\/2024\/08\/TSN-1024x576.jpg\" alt=\"\" class=\"wp-image-505\" style=\"width:343px;height:auto\" srcset=\"https:\/\/agepoly.ch\/wp-content\/uploads\/2024\/08\/TSN-1024x576.jpg 1024w, https:\/\/agepoly.ch\/wp-content\/uploads\/2024\/08\/TSN-300x169.jpg 300w, https:\/\/agepoly.ch\/wp-content\/uploads\/2024\/08\/TSN-768x432.jpg 768w, https:\/\/agepoly.ch\/wp-content\/uploads\/2024\/08\/TSN-1536x864.jpg 1536w, https:\/\/agepoly.ch\/wp-content\/uploads\/2024\/08\/TSN-18x10.jpg 18w, https:\/\/agepoly.ch\/wp-content\/uploads\/2024\/08\/TSN.jpg 2048w\" sizes=\"auto, (max-width: 1024px) 100vw, 1024px\" \/><\/figure>\n<\/div>\n<\/div>\n\n\n\n<div style=\"height:40px\" aria-hidden=\"true\" class=\"wp-block-spacer\"><\/div>\n<\/div><\/div>\n<\/div><\/div>\n\n\n\n<div class=\"wp-block-cover alignfull is-light\" style=\"min-height:600px;aspect-ratio:unset;\"><span aria-hidden=\"true\" class=\"wp-block-cover__background has-nv-site-bg-background-color has-background-dim-100 has-background-dim\"><\/span><div class=\"wp-block-cover__inner-container is-layout-flow wp-block-cover-is-layout-flow\">\n<div class=\"wp-block-group\"><div class=\"wp-block-group__inner-container is-layout-flow wp-block-group-is-layout-flow\">\n<div style=\"height:80px\" aria-hidden=\"true\" class=\"wp-block-spacer\"><\/div>\n\n\n\n<div class=\"wp-block-columns are-vertically-aligned-center is-layout-flex wp-container-core-columns-is-layout-9d6595d7 wp-block-columns-is-layout-flex\">\n<div class=\"wp-block-column is-vertically-aligned-center is-layout-flow wp-block-column-is-layout-flow\" style=\"flex-basis:50%\">\n<figure class=\"wp-block-image size-full is-resized size-large\"><img loading=\"lazy\" decoding=\"async\" width=\"1290\" height=\"1486\" src=\"https:\/\/agepoly.ch\/wp-content\/uploads\/2024\/11\/Jsp-il-est-en-revision-.png\" alt=\"\" class=\"wp-image-952\" style=\"width:563px;height:auto\" srcset=\"https:\/\/agepoly.ch\/wp-content\/uploads\/2024\/11\/Jsp-il-est-en-revision-.png 1290w, https:\/\/agepoly.ch\/wp-content\/uploads\/2024\/11\/Jsp-il-est-en-revision--260x300.png 260w, https:\/\/agepoly.ch\/wp-content\/uploads\/2024\/11\/Jsp-il-est-en-revision--889x1024.png 889w, https:\/\/agepoly.ch\/wp-content\/uploads\/2024\/11\/Jsp-il-est-en-revision--768x885.png 768w, https:\/\/agepoly.ch\/wp-content\/uploads\/2024\/11\/Jsp-il-est-en-revision--10x12.png 10w\" sizes=\"auto, (max-width: 1290px) 100vw, 1290px\" \/><\/figure>\n<\/div>\n\n\n\n<div class=\"wp-block-column is-vertically-aligned-center is-layout-flow wp-block-column-is-layout-flow\" style=\"flex-basis:50%\">\n<h2 class=\"wp-block-heading has-neve-text-color-color has-text-color\">Harassment \u2013 \u200b\u200bViolence<\/h2>\n\n\n\n<div id=\"wp-block-themeisle-blocks-accordion-bc79a967\" class=\"wp-block-themeisle-blocks-accordion exclusive\">\n<details class=\"wp-block-themeisle-blocks-accordion-item\"><summary class=\"wp-block-themeisle-blocks-accordion-item__title\"><div><strong>Support for EPFL: Trust point<\/strong><\/div><\/summary><div class=\"wp-block-themeisle-blocks-accordion-item__content\">\n<p class=\"has-neve-text-color-color has-text-color has-link-color wp-elements-1e4f46b3208982fd5cc372ba8fb3a1c5\"><mark style=\"background-color:rgba(0, 0, 0, 0)\" class=\"has-inline-color has-nv-dark-bg-color\">Trust point is the gateway to the Support and Trust Network, and will redirect you to all EPFL resources.<\/mark><\/p>\n\n\n\n<div class=\"wp-block-buttons is-content-justification-center is-layout-flex wp-container-core-buttons-is-layout-16018d1d wp-block-buttons-is-layout-flex\">\n<div class=\"wp-block-button is-style-primary\"><a class=\"wp-block-button__link has-nv-site-bg-color has-text-color has-background has-link-color wp-element-button\" href=\"https:\/\/trust-point.epfl.ch\/fr\/\" style=\"background-color:#f24878\">TRUST POINT<\/a><\/div>\n<\/div>\n<\/div><\/details>\n\n\n\n<details class=\"wp-block-themeisle-blocks-accordion-item\"><summary class=\"wp-block-themeisle-blocks-accordion-item__title\"><div><strong>External support from EPFL<\/strong><\/div><\/summary><div class=\"wp-block-themeisle-blocks-accordion-item__content\">\n<ul class=\"wp-block-list\">\n<li class=\"translation-block\"><a href=\"https:\/\/www.aide-aux-victimes.ch\/\" target=\"_self\">Help for victims<\/a>: advice and help (free, anonymous)<\/li>\n\n\n\n<li><a href=\"https:\/\/www.profa.ch\/services-2\/centre-lavi\/\">LAVI<\/a>: Centre d\u2019aide aux victimes d\u2019aggressions violentes\n<ul class=\"wp-block-list\">\n<li>T\u00e9l.&nbsp;<a href=\"tel:+41216310300\">021 631 03 00<\/a><\/li>\n<\/ul>\n<\/li>\n\n\n\n<li class=\"translation-block\"><a href=\"http:\/\/www.apscv.ch\/accueil.html\" target=\"_self\">APSCV<\/a>: help for people with excessive violence<\/li>\n<\/ul>\n<\/div><\/details>\n\n\n\n<details class=\"wp-block-themeisle-blocks-accordion-item\"><summary class=\"wp-block-themeisle-blocks-accordion-item__title\"><div><strong>Share your testimony<\/strong><\/div><\/summary><div class=\"wp-block-themeisle-blocks-accordion-item__content\">\n<ul class=\"wp-block-list\">\n<li class=\"translation-block\">Send your testimonial to Polyquity: <a href=\"mailto:soutien.polyquity@gmail.com\" target=\"_self\">soutien.polyquity@gmail.com<\/a><\/li>\n\n\n\n<li class=\"translation-block\">The association maintains a page of <a href=\"https:\/\/polyquity.ch\/index.php\/inform-support-help\/\" target=\"_self\">resources for victims<\/a><\/li>\n<\/ul>\n<\/div><\/details>\n<\/div>\n<\/div>\n<\/div>\n\n\n\n<div style=\"height:40px\" aria-hidden=\"true\" class=\"wp-block-spacer\"><\/div>\n<\/div><\/div>\n<\/div><\/div>\n\n\n\n<div class=\"wp-block-cover alignfull is-light\" style=\"min-height:600px;aspect-ratio:unset;\"><span aria-hidden=\"true\" class=\"wp-block-cover__background has-nv-light-bg-background-color has-background-dim-100 has-background-dim\"><\/span><div class=\"wp-block-cover__inner-container is-layout-flow wp-block-cover-is-layout-flow\">\n<div class=\"wp-block-columns is-layout-flex wp-container-core-columns-is-layout-9d6595d7 wp-block-columns-is-layout-flex\">\n<div class=\"wp-block-column is-vertically-aligned-center is-layout-flow wp-block-column-is-layout-flow\">\n<h2 class=\"wp-block-heading has-neve-text-color-color has-text-color\">Addiction<\/h2>\n\n\n\n<p style=\"font-size:18px\"><a href=\"https:\/\/www.safezone.ch\/fr\/\">Safe Zone <\/a>: online consultation for affected people and their entourage (free, anonymous)<\/p>\n<\/div>\n\n\n\n<div class=\"wp-block-column is-layout-flow wp-block-column-is-layout-flow\"><div class=\"wp-block-image\">\n<figure class=\"aligncenter size-full is-resized\"><img loading=\"lazy\" decoding=\"async\" width=\"1000\" height=\"1000\" src=\"https:\/\/agepoly.ch\/wp-content\/uploads\/2024\/11\/Pouf.png\" alt=\"\" class=\"wp-image-955\" style=\"width:388px;height:auto\" srcset=\"https:\/\/agepoly.ch\/wp-content\/uploads\/2024\/11\/Pouf.png 1000w, https:\/\/agepoly.ch\/wp-content\/uploads\/2024\/11\/Pouf-300x300.png 300w, https:\/\/agepoly.ch\/wp-content\/uploads\/2024\/11\/Pouf-150x150.png 150w, https:\/\/agepoly.ch\/wp-content\/uploads\/2024\/11\/Pouf-768x768.png 768w, https:\/\/agepoly.ch\/wp-content\/uploads\/2024\/11\/Pouf-12x12.png 12w\" sizes=\"auto, (max-width: 1000px) 100vw, 1000px\" \/><\/figure><\/div><\/div>\n<\/div>\n<\/div><\/div>\n\n\n\n<div class=\"wp-block-cover alignfull is-light\" style=\"min-height:600px;aspect-ratio:unset;\"><span aria-hidden=\"true\" class=\"wp-block-cover__background has-nv-site-bg-background-color has-background-dim-100 has-background-dim\"><\/span><div class=\"wp-block-cover__inner-container is-layout-flow wp-block-cover-is-layout-flow\">\n<div class=\"wp-block-group\"><div class=\"wp-block-group__inner-container is-layout-flow wp-block-group-is-layout-flow\">\n<div style=\"height:80px\" aria-hidden=\"true\" class=\"wp-block-spacer\"><\/div>\n\n\n\n<div class=\"wp-block-columns are-vertically-aligned-center is-layout-flex wp-container-core-columns-is-layout-9d6595d7 wp-block-columns-is-layout-flex\">\n<div class=\"wp-block-column is-vertically-aligned-center is-layout-flow wp-block-column-is-layout-flow\" style=\"flex-basis:50%\">\n<div class=\"wp-block-buttons is-layout-flex wp-block-buttons-is-layout-flex\">\n<div class=\"wp-block-button is-style-primary\"><a class=\"wp-block-button__link has-nv-site-bg-color has-text-color has-link-color wp-element-button\" href=\"https:\/\/drive.google.com\/file\/d\/1eliWeYCn3mBUla6sRlDkGmWO06Yt9kyI\/view?usp=share_link\">THE GUIDE HERE<\/a><\/div>\n<\/div>\n<\/div>\n\n\n\n<div class=\"wp-block-column is-vertically-aligned-center is-layout-flow wp-block-column-is-layout-flow\" style=\"flex-basis:50%\">\n<h2 class=\"wp-block-heading has-neve-text-color-color has-text-color\">Transports guide<\/h2>\n\n\n\n<p>We prepared a guide about public transportation that could be very useful for you ! If you read until the end of the document, you will find some tips to get subventions.<\/p>\n<\/div>\n<\/div>\n\n\n\n<div style=\"height:40px\" aria-hidden=\"true\" class=\"wp-block-spacer\"><\/div>\n<\/div><\/div>\n<\/div><\/div>","protected":false},"excerpt":{"rendered":"<p>Cellule de Soutien et Respect La CSR est un organe consultatif de l\u2019AGEPoly qui est l\u00e0 si tu as besoin d\u2019aide, ou juste si tu as besoin de parler \u00e0 quelqu\u2019un. La CSR est une porte d\u2019entr\u00e9e vers les syst\u00e8mes professionnels, internes \u00e0 l\u2019EPFL, ou externes pour t\u2019aider dans tes d\u00e9marches.<\/p>","protected":false},"author":1,"featured_media":0,"parent":0,"menu_order":0,"comment_status":"closed","ping_status":"closed","template":"","meta":{"neve_meta_sidebar":"","neve_meta_container":"","neve_meta_enable_content_width":"on","neve_meta_content_width":100,"neve_meta_title_alignment":"","neve_meta_author_avatar":"","neve_post_elements_order":"","neve_meta_disable_header":"","neve_meta_disable_footer":"","neve_meta_disable_title":"on","_themeisle_gutenberg_block_has_review":false,"footnotes":""},"class_list":["post-14","page","type-page","status-publish","hentry"],"_links":{"self":[{"href":"https:\/\/agepoly.ch\/en\/wp-json\/wp\/v2\/pages\/14","targetHints":{"allow":["GET"]}}],"collection":[{"href":"https:\/\/agepoly.ch\/en\/wp-json\/wp\/v2\/pages"}],"about":[{"href":"https:\/\/agepoly.ch\/en\/wp-json\/wp\/v2\/types\/page"}],"author":[{"embeddable":true,"href":"https:\/\/agepoly.ch\/en\/wp-json\/wp\/v2\/users\/1"}],"replies":[{"embeddable":true,"href":"https:\/\/agepoly.ch\/en\/wp-json\/wp\/v2\/comments?post=14"}],"version-history":[{"count":69,"href":"https:\/\/agepoly.ch\/en\/wp-json\/wp\/v2\/pages\/14\/revisions"}],"predecessor-version":[{"id":2712,"href":"https:\/\/agepoly.ch\/en\/wp-json\/wp\/v2\/pages\/14\/revisions\/2712"}],"wp:attachment":[{"href":"https:\/\/agepoly.ch\/en\/wp-json\/wp\/v2\/media?parent=14"}],"curies":[{"name":"wp","href":"https:\/\/api.w.org\/{rel}","templated":true}]}}