{"id":1697,"date":"2025-03-26T23:00:07","date_gmt":"2025-03-26T22:00:07","guid":{"rendered":"https:\/\/wp.agepoly.ch\/?page_id=1697"},"modified":"2025-03-26T23:00:08","modified_gmt":"2025-03-26T22:00:08","slug":"checklist-delegation","status":"publish","type":"page","link":"https:\/\/agepoly.ch\/en\/checklist-delegation\/","title":{"rendered":"Delegation checklist"},"content":{"rendered":"<p>Ceci est purement indicatif. Ce sont des rappels de certaines t\u00e2ches dont doivent s\u2019occuper les d\u00e9l\u00e9gations de classe.<\/p>\n\n\n\n<p><em>Semaine 4<\/em><\/p>\n\n\n\n<ul class=\"wp-block-list\">\n<li>Se pr\u00e9senter aux profs\n<ul class=\"wp-block-list\">\n<li>Expliquer votre r\u00f4le en tant que d\u00e9l\u00e9gation de classe, ce que vous pouvez faire pour travailler ensemble<\/li>\n<\/ul>\n<\/li>\n\n\n\n<li>Bien noter les dates des CE (Commission d\u2019Enseignement), des CdS (Conseil de Section), des AdR (Assembl\u00e9es de la Repr\u00e9sentation) et de la R\u00e9union Repr\u00e9sentation \u2013 Direction<\/li>\n\n\n\n<li>Aller \u00e0 la formation repr\u00e9sentation<\/li>\n\n\n\n<li>Se pr\u00e9parer pour parler du retour indicatif, par exemple :\n<ul class=\"wp-block-list\">\n<li>Contacter les profs pour pouvoir faire des annonces en amphi<\/li>\n\n\n\n<li>Faire une vid\u00e9o avec les autres d\u00e9l\u00e9gu\u00e9\u00b7e\u00b7s de sa section \u00e0 publier sur les groupes<\/li>\n<\/ul>\n<\/li>\n<\/ul>\n\n\n\n<p><em>Semaine 5<\/em><\/p>\n\n\n\n<ul class=\"wp-block-list\">\n<li>Faire de la pub pour le\u00a0<strong>retour indicatif\u00a0<\/strong>(par exemple: envoyer un message sur ton groupe de classe, annoncer les retours en amphi, envoyer un mail \u00e0 ta vol\u00e9e \u2026)<\/li>\n<\/ul>\n\n\n\n<p><em>Semaine 6<\/em><\/p>\n\n\n\n<ul class=\"wp-block-list\">\n<li>Aller discuter des r\u00e9sultats du retour indicatif avec les profs, notamment celleux avec un retour n\u00e9gatif, r\u00e9fl\u00e9chir avec elleux \u00e0 des solutions si iels sont ouvert\u00b7e\u00b7s \u00e0 la discussion<\/li>\n\n\n\n<li>Pr\u00e9parer les retours et commentaires afin d\u2019en discuter en commission d\u2019enseignement\u00a0<\/li>\n<\/ul>\n\n\n\n<p><em>Semaines 7 \u2013 8 \u2013 9 \u2013 10<\/em><\/p>\n\n\n\n<ul class=\"wp-block-list\">\n<li>Participer aux Assembl\u00e9es de la Repr\u00e9sentation<\/li>\n\n\n\n<li>Participer \u00e0 la R\u00e9union Repr\u00e9sentation \u2013 Direction<\/li>\n\n\n\n<li>Participer \u00e0 la Chambre des Repr\u00e9sentant\u00b7e\u00b7s (CdR) puis \u00e9ventuellement l\u2019Assembl\u00e9e G\u00e9n\u00e9rale (AG)<\/li>\n\n\n\n<li>Pr\u00e9parer les commissions d\u2019enseignement en ARES (assembl\u00e9e des repr\u00e9sentant\u00b7e\u00b7s \u00e9tudiant\u00b7e\u00b7s de section)<\/li>\n<\/ul>\n\n\n\n<p><em>Semaines 11 \u2013 12<\/em><\/p>\n\n\n\n<ul class=\"wp-block-list\">\n<li>Pr\u00e9parer le tableau des modalit\u00e9s d\u2019examen (qui contient format, pond\u00e9ration, horaire, etc\u2026)\n<ul class=\"wp-block-list\">\n<li>Envoyer le tableau \u00e0 votre classe une fois pr\u00eat\u00a0<\/li>\n<\/ul>\n<\/li>\n\n\n\n<li>Organiser les s\u00e9ances de Q&amp;A pr\u00e9-examen pour chaque mati\u00e8re\n<ul class=\"wp-block-list\">\n<li>Consulter chaque prof pour savoir s\u2019iels seraient pr\u00eat\u00b7e\u00b7s \u00e0 organiser une s\u00e9ance de r\u00e9ponse aux questions pendant les r\u00e9visions<\/li>\n\n\n\n<li>Consulter la classe sur les dates et cr\u00e9neaux horaires o\u00f9 iels seraient disponibles<\/li>\n\n\n\n<li>Convenir de la date avec les profs<\/li>\n\n\n\n<li>Transmettre la date \u00e0 la classe<\/li>\n<\/ul>\n<\/li>\n\n\n\n<li>V\u00e9rifier que les LEX et bonnes pratiques sont respect\u00e9es vis-\u00e0-vis des examens, c\u2019est-\u00e0-dire :\n<ul class=\"wp-block-list\">\n<li>Prof a mis des examens blancs \u00e0 disposition sur moodle<\/li>\n\n\n\n<li>Prof a annonc\u00e9 la salle et la r\u00e9partition des places dans la salle au moins une semaine \u00e0 l\u2019avance<\/li>\n\n\n\n<li>S\u2019assurer que la\u00b7le prof a mis en place tout ce qui est n\u00e9cessaire pour les \u00e9tudiant\u00b7e\u00b7s n\u00e9cessitant des conditions particuli\u00e8res, i.e salles s\u00e9par\u00e9es ou places \u00e0 l\u2019avant ou \u00e0 l\u2019arri\u00e8re de l\u2019amphi<\/li>\n<\/ul>\n<\/li>\n<\/ul>\n\n\n\n<p><em>Semaine 13<\/em><\/p>\n\n\n\n<ul class=\"wp-block-list\">\n<li>Faire de la pub pour l\u2019<strong>\u00e9valuation approfondie<\/strong>\u00a0des cours<\/li>\n<\/ul>","protected":false},"excerpt":{"rendered":"<p>Ceci est purement indicatif. Ce sont des rappels de certaines t\u00e2ches dont doivent s\u2019occuper les d\u00e9l\u00e9gations de classe. Semaine 4 Semaine 5 Semaine 6 Semaines 7 \u2013 8 \u2013 9 \u2013 10 Semaines 11 \u2013 12 Semaine 13<\/p>","protected":false},"author":2,"featured_media":0,"parent":0,"menu_order":0,"comment_status":"closed","ping_status":"closed","template":"","meta":{"neve_meta_sidebar":"","neve_meta_container":"","neve_meta_enable_content_width":"","neve_meta_content_width":0,"neve_meta_title_alignment":"","neve_meta_author_avatar":"","neve_post_elements_order":"","neve_meta_disable_header":"","neve_meta_disable_footer":"","neve_meta_disable_title":"","_themeisle_gutenberg_block_has_review":false,"footnotes":""},"class_list":["post-1697","page","type-page","status-publish","hentry"],"_links":{"self":[{"href":"https:\/\/agepoly.ch\/en\/wp-json\/wp\/v2\/pages\/1697","targetHints":{"allow":["GET"]}}],"collection":[{"href":"https:\/\/agepoly.ch\/en\/wp-json\/wp\/v2\/pages"}],"about":[{"href":"https:\/\/agepoly.ch\/en\/wp-json\/wp\/v2\/types\/page"}],"author":[{"embeddable":true,"href":"https:\/\/agepoly.ch\/en\/wp-json\/wp\/v2\/users\/2"}],"replies":[{"embeddable":true,"href":"https:\/\/agepoly.ch\/en\/wp-json\/wp\/v2\/comments?post=1697"}],"version-history":[{"count":1,"href":"https:\/\/agepoly.ch\/en\/wp-json\/wp\/v2\/pages\/1697\/revisions"}],"predecessor-version":[{"id":1698,"href":"https:\/\/agepoly.ch\/en\/wp-json\/wp\/v2\/pages\/1697\/revisions\/1698"}],"wp:attachment":[{"href":"https:\/\/agepoly.ch\/en\/wp-json\/wp\/v2\/media?parent=1697"}],"curies":[{"name":"wp","href":"https:\/\/api.w.org\/{rel}","templated":true}]}}