{"id":2220,"date":"2025-05-18T15:51:01","date_gmt":"2025-05-18T14:51:01","guid":{"rendered":"https:\/\/agepoly.ch\/?page_id=2220"},"modified":"2026-03-24T22:46:23","modified_gmt":"2026-03-24T21:46:23","slug":"polyspheres","status":"publish","type":"page","link":"https:\/\/agepoly.ch\/en\/polyspheres\/","title":{"rendered":"Polysph\u00e8res"},"content":{"rendered":"<p>Chaque ann\u00e9e, les \u00e9tudiant\u00b7e\u00b7s ont l\u2019occasion de d\u00e9signer le\u00b7a professeur\u00b7e qui, selon eux\u00b7elles, a le plus de m\u00e9rite. Le\u00b7a professeur\u00b7e r\u00e9coltant le plus de voix recevra la \u00ab Polysph\u00e8re d\u2019Or \u00bb, le prix des \u00e9tudiant\u00b7e\u00b7s, soutenu par l\u2019EPFL. Un prix est \u00e9galement d\u00e9cern\u00e9 au premier\u00b7e professeur\u00b7e \u00e9lu\u00b7e de chaque facult\u00e9.<\/p>\n\n\n\n<p>Whilst there are many accolades that teachers can receive for their research, publications and discoveries, it is important not to overlook the vital aspect of their career that is teaching. Teaching skills, the ability to listen, the time devoted to students and the sharing of knowledge are just a few of the valuable qualities that make an excellent teacher.<\/p>\n\n\n\n<p>The prizes are presented at the Magistrale (the graduation and awards ceremony) every autumn.<\/p>\n\n\n\n<p>The winners for 2025 are as follows.<\/p>\n\n\n\n<p><strong>Polysph\u00e8re d\u2019Or<\/strong><\/p>\n\n\n\n<p>Dr. <a href=\"https:\/\/people.epfl.ch\/david.strutt?lang=fr\">David Str\u00fctt<\/a> \u2013 SB Faculty<\/p>\n\n\n\n<p><strong>Faculty Polysph\u00e8res<\/strong><\/p>\n\n\n\n<p>Professeur <a href=\"https:\/\/people.epfl.ch\/anders.meibom\">Anders Meibom<\/a> \u2013 ENAC Faculty<\/p>\n\n\n\n<p>Professeure <a href=\"https:\/\/people.epfl.ch\/katerina.argyraki\">Katerina Argyraki<\/a> \u2013 IC Faculty<\/p>\n\n\n\n<p>Professeure <a href=\"https:\/\/people.epfl.ch\/camille.goemans\">Camille Goemans<\/a> \u2013 SV Faculty<\/p>\n\n\n\n<p>Professeur <a href=\"https:\/\/people.epfl.ch\/giovanni.boero\">Giovanni Boero<\/a> \u2013 STI Faculty<\/p>\n\n\n\n<p>To view the list of all previous winners, open <a href=\"https:\/\/agepoly.ch\/en\/polyspheres-archives\/\">the Polysph\u00e8res archive page<\/a>.<\/p>\n\n\n\n<h3 class=\"wp-block-heading\">Rules<\/h3>\n\n\n\n<p>Votes for a teacher are weighted according to the number of students attending the courses taught by that teacher and are cast online. A teacher may only be elected once every three years.&nbsp;<\/p>\n\n\n\n<p>The election process and the presentation of the Polysph\u00e8res are the responsibility of the AGEPoly Board, which is required to keep students informed and to maintain the strictest confidentiality regarding the winners until the graduation ceremony. The Board reserves the right to amend these rules at any time.<\/p>\n\n\n\n<p>For more info:&nbsp;<a href=\"https:\/\/go.agepoly.ch\/reglement-polyspheres\">Official rules of the Polysph\u00e8res<\/a>.<\/p>","protected":false},"excerpt":{"rendered":"<p>Chaque ann\u00e9e, les \u00e9tudiant\u00b7e\u00b7s ont l\u2019occasion de d\u00e9signer le\u00b7a professeur\u00b7e qui, selon eux\u00b7elles, a le plus de m\u00e9rite. Le\u00b7a professeur\u00b7e r\u00e9coltant le plus de voix recevra la \u00ab Polysph\u00e8re d\u2019Or \u00bb, le prix des \u00e9tudiant\u00b7e\u00b7s, soutenu par l\u2019EPFL. Un prix est \u00e9galement d\u00e9cern\u00e9 au premier\u00b7e professeur\u00b7e \u00e9lu\u00b7e de chaque facult\u00e9. Parmi toutes les distinctions auxquelles&hellip;&nbsp;<a href=\"https:\/\/agepoly.ch\/en\/polyspheres\/\" class=\"\" rel=\"bookmark\">Read More &raquo;<span class=\"screen-reader-text\">Polysph\u00e8res<\/span><\/a><\/p>","protected":false},"author":6,"featured_media":0,"parent":0,"menu_order":0,"comment_status":"closed","ping_status":"closed","template":"","meta":{"neve_meta_sidebar":"","neve_meta_container":"","neve_meta_enable_content_width":"","neve_meta_content_width":0,"neve_meta_title_alignment":"","neve_meta_author_avatar":"","neve_post_elements_order":"","neve_meta_disable_header":"","neve_meta_disable_footer":"","neve_meta_disable_title":"","_themeisle_gutenberg_block_has_review":false,"footnotes":""},"class_list":["post-2220","page","type-page","status-publish","hentry"],"_links":{"self":[{"href":"https:\/\/agepoly.ch\/en\/wp-json\/wp\/v2\/pages\/2220","targetHints":{"allow":["GET"]}}],"collection":[{"href":"https:\/\/agepoly.ch\/en\/wp-json\/wp\/v2\/pages"}],"about":[{"href":"https:\/\/agepoly.ch\/en\/wp-json\/wp\/v2\/types\/page"}],"author":[{"embeddable":true,"href":"https:\/\/agepoly.ch\/en\/wp-json\/wp\/v2\/users\/6"}],"replies":[{"embeddable":true,"href":"https:\/\/agepoly.ch\/en\/wp-json\/wp\/v2\/comments?post=2220"}],"version-history":[{"count":6,"href":"https:\/\/agepoly.ch\/en\/wp-json\/wp\/v2\/pages\/2220\/revisions"}],"predecessor-version":[{"id":2967,"href":"https:\/\/agepoly.ch\/en\/wp-json\/wp\/v2\/pages\/2220\/revisions\/2967"}],"wp:attachment":[{"href":"https:\/\/agepoly.ch\/en\/wp-json\/wp\/v2\/media?parent=2220"}],"curies":[{"name":"wp","href":"https:\/\/api.w.org\/{rel}","templated":true}]}}