{"id":2222,"date":"2025-05-18T15:53:35","date_gmt":"2025-05-18T14:53:35","guid":{"rendered":"https:\/\/agepoly.ch\/?page_id=2222"},"modified":"2026-04-13T07:53:46","modified_gmt":"2026-04-13T06:53:46","slug":"polyspheres-archives","status":"publish","type":"page","link":"https:\/\/agepoly.ch\/en\/polyspheres-archives\/","title":{"rendered":"Polysph\u00e8res \u2013 Archives"},"content":{"rendered":"<h4 class=\"wp-block-heading\">2024<\/h4>\n\n\n\n<\/h4>\n<p><strong>Polysph\u00e8re d\u2019or<\/strong><\/p>\n<h4>\n\n\n\n<p>Professeur <a href=\"https:\/\/people.epfl.ch\/f.richter\">Florian Richter<\/a> \u2013 SB Faculty<\/p>\n\n\n\n<\/h4>\n<p><strong>Faculty Polysph\u00e8res<\/strong><\/p>\n<h4>\n\n\n\n<\/h4>\n<p>Professeur <a href=\"https:\/\/people.epfl.ch\/laurent.vulliet\">Laurent Vulliet<\/a> \u2013 ENAC Faculty<\/p>\n<h4>\n\n\n\n<\/h4>\n<p>Professeur <a href=\"https:\/\/people.epfl.ch\/emre.telatar\">Emre Telatar<\/a> \u2013 IC Faculty<\/p>\n<h4>\n\n\n\n<\/h4>\n<p>Professeur <a href=\"https:\/\/people.epfl.ch\/michele.depalma\">Michele De Palma<\/a> \u2013 SV Faculty<\/p>\n<h4>\n\n\n\n<\/h4>\n<p>Dr. <a href=\"https:\/\/people.epfl.ch\/lionel.sofia\">Lionel Sofia<\/a> \u2013 STI Faculty<\/p>\n<h4>2023<\/h4>\n<h4>\n\n\n\n<\/h4>\n<p><strong>Polysph\u00e8re d\u2019or<\/strong><\/p>\n<h4>\n\n\n\n<\/h4>\n<p>Dr. <a href=\"https:\/\/people.epfl.ch\/andreas.schueler\">Andreas Schueler<\/a> \u2013 ENAC Faculty<\/p>\n<h4>\n\n\n\n<\/h4>\n<p><strong>Faculty Polysph\u00e8res<\/strong><\/p>\n<h4>\n\n\n\n<\/h4>\n<p>Dr. <a href=\"https:\/\/people.epfl.ch\/peter.wittwer\">Peter Wittwer<\/a> \u2013 SB Faculty<\/p>\n<h4>\n\n\n\n<\/h4>\n<p>Dr. <a href=\"https:\/\/people.epfl.ch\/jamila.sam\">Jamila Sam<\/a> \u2013 IC Faculty<\/p>\n<h4>\n\n\n\n<\/h4>\n<p>Professeur <a href=\"https:\/\/people.epfl.ch\/wouter.karthaus\">Wouter Richard Karthaus<\/a> \u2013 SV Faculty<\/p>\n<h4>\n\n\n\n<\/h4>\n<p>Professeur <a href=\"https:\/\/people.epfl.ch\/tobias.schneider\">Tobias Schneider<\/a> \u2013 STI Faculty<\/p>\n<p>Professeur <a href=\"https:\/\/people.epfl.ch\/daniel.kuhn\">Daniel Kuhn<\/a> \u2013 CDM College<\/p>\n<h4>2022<\/h4>\n<h4>\n\n\n\n<\/h4>\n<p><strong>Polysph\u00e8re d\u2019or<\/strong><\/p>\n<h4>\n\n\n\n<\/h4>\n<p>Professeur <a href=\"https:\/\/people.epfl.ch\/nicolas.grandjean\">Nicolas Grandjean<\/a> \u2013 SB Faculty<\/p>\n<h4>\n\n\n\n<\/h4>\n<p><strong>Faculty Polysph\u00e8res<\/strong><\/p>\n<h4>\n\n\n\n<\/h4>\n<p>Professeur <a href=\"https:\/\/people.epfl.ch\/fernando.porte-agel?lang=fr\">Fernando Port\u00e9 Agel<\/a> \u2013 ENAC Faculty<\/p>\n<h4>\n\n\n\n<\/h4>\n<p>Professeure <a href=\"https:\/\/people.epfl.ch\/katerina.argyraki\">Katerina Argyraki<\/a> \u2013 IC Faculty<\/p>\n<h4>\n\n\n\n<\/h4>\n<p>Professeur <a href=\"https:\/\/people.epfl.ch\/johannes.graeff\">Johannes Gr\u00e4ff<\/a> \u2013 SV Faculty<\/p>\n<h4>\n\n\n\n<\/h4>\n<p>Professeur <a href=\"https:\/\/people.epfl.ch\/pedro.reis\">Pedro Reis<\/a> \u2013 STI Faculty<\/p>\n<h4>2021<\/h4>\n<h4>\n\n\n\n<\/h4>\n<p><strong>Polysph\u00e8re d\u2019or<\/strong><\/p>\n<h4>\n\n\n\n<\/h4>\n<p>Professeur <a href=\"https:\/\/people.epfl.ch\/paolo.ricci\">Paolo Ricci<\/a> \u2013 SB Faculty<\/p>\n<h4>\n\n\n\n<\/h4>\n<p><strong>Faculty Polysph\u00e8res<\/strong><\/p>\n<h4>\n\n\n\n<\/h4>\n<p>Professeure <a href=\"https:\/\/people.epfl.ch\/kristin.schirmer\">Kristin Schirmer<\/a> \u2013 ENAC Faculty<\/p>\n<h4>\n\n\n\n<\/h4>\n<p>Professeur <a href=\"https:\/\/people.epfl.ch\/michel.schinz\">Michel Schinz<\/a> \u2013 IC Faculty<\/p>\n<h4>\n\n\n\n<\/h4>\n<p>Dr. <a href=\"https:\/\/people.epfl.ch\/julian.shillcock\">Julian Shillcock<\/a> \u2013 SV Faculty<\/p>\n<h4>\n\n\n\n<\/h4>\n<p>Professeur <a href=\"https:\/\/people.epfl.ch\/pedro.reis\">Pedro Reis<\/a> \u2013 STI Faculty<\/p>\n<p>Dr. <a href=\"https:\/\/people.epfl.ch\/nicola.winzenried\">Nicola Winzenried<\/a> \u2013 CDM College<\/p>\n<h4>2020<\/h4>\n\n\n\n<p><strong>Polysph\u00e8re d\u2019or<\/strong><\/p>\n\n\n\n<p>Dr. <a href=\"https:\/\/people.epfl.ch\/david.strutt\">David Str\u00fctt<\/a> \u2013 SB Faculty<\/p>\n\n\n\n<p><strong>Faculty Polysph\u00e8res<\/strong><\/p>\n\n\n\n<p>Dr. <a href=\"https:\/\/people.epfl.ch\/luca.rossi\">Luca Rossi<\/a> \u2013 ENAC Faculty<\/p>\n\n\n\n<p>Professeure <a href=\"https:\/\/people.epfl.ch\/sabine.susstrunk\">Sabine S\u00fcsstrunk<\/a> \u2013 IC Faculty<\/p>\n\n\n\n<p>Dr. <a href=\"https:\/\/people.epfl.ch\/sylvain.roy\">Sylvain Roy<\/a> \u2013 SV Faculty<\/p>\n\n\n\n<p><p>Professeure <a href=\"https:\/\/people.epfl.ch\/anna.fontcuberta-morral\">Anna Fontcuberta i Morral<\/a> \u2013 STI Faculty<\/p>\n<h4>2019<\/h4><\/p>\n\n\n\n<p><strong>Polysph\u00e8re d\u2019or<\/strong><\/p>\n\n\n\n<p>Dr. <a href=\"https:\/\/people.epfl.ch\/arnaud.magrez\">Arnaud Magrez<\/a> \u2013 SB Faculty<\/p>\n\n\n\n<p><strong>Faculty Polysph\u00e8res<\/strong><\/p>\n\n\n\n<p>Dr. <a href=\"https:\/\/people.epfl.ch\/pierre.rossi\">Pierre Rossi<\/a> \u2013 ENAC Faculty<\/p>\n\n\n\n<p>Professeure <a href=\"https:\/\/people.epfl.ch\/katerina.argyraki\">Katerina Argyraki<\/a> \u2013 IC Faculty<\/p>\n\n\n\n<p>Professeure <a href=\"https:\/\/people.epfl.ch\/gisou.vandergoot\">Gisou van der Goot<\/a> \u2013 SV Faculty<\/p>\n\n\n\n<p>Professeur <a href=\"https:\/\/people.epfl.ch\/romain.fleury\">Romain Fleury<\/a> \u2013 STI Faculty<\/p>\n\n\n\n<h4 class=\"wp-block-heading\">2018<\/h4>\n\n\n\n<p><strong>Polysph\u00e8re d\u2019or<\/strong><\/p>\n\n\n\n<p>M. <a href=\"https:\/\/people.epfl.ch\/antonio.gentile?lang=fr&amp;cvlang=fr\">Antonio Gentile<\/a> \u2013 SB Faculty<\/p>\n\n\n\n<p><strong>Faculty Polysph\u00e8res<\/strong><\/p>\n\n\n\n<p>Professeure <a href=\"https:\/\/people.epfl.ch\/virginie.lurkin?lang=fr&amp;cvlang=fr\">Virginie Lurkin<\/a> \u2013 ENAC Faculty<\/p>\n\n\n\n<p>Professeur <a href=\"https:\/\/people.epfl.ch\/arjen.lenstra\">Arjen Lenstra<\/a> \u2013 IC Faculty<\/p>\n\n\n\n<p>Professeure <a href=\"https:\/\/people.epfl.ch\/carmen.sandi\">Carmen Sandi<\/a> \u2013 SV Faculty<\/p>\n\n\n\n<p>Professeur <a href=\"https:\/\/people.epfl.ch\/fabien.sorin?lang=fr&amp;cvlang=fr\">Fabien Sorin<\/a> \u2013 STI Faculty<\/p>\n\n\n\n<p>Professeur <a href=\"https:\/\/people.epfl.ch\/julien.hugonnier\">Julien Hugonnier<\/a> \u2013 CDM<\/p>\n\n\n\n<h4 class=\"wp-block-heading\">2017<\/h4>\n\n\n\n<p><strong>Polysph\u00e8re d\u2019or<\/strong><\/p>\n\n\n\n<p>M. <a href=\"https:\/\/people.epfl.ch\/nicolas.turin?lang=fr\">Nicolas Turin<\/a> \u2013 SB Faculty<\/p>\n\n\n\n<p><strong>Faculty Polysph\u00e8res<\/strong><\/p>\n\n\n\n<p>Professeur <a href=\"https:\/\/people.epfl.ch\/fernando.porte-agel?lang=fr\">Fernando Port\u00e9 Agel<\/a> \u2013 ENAC Faculty<\/p>\n\n\n\n<p>Professeur <a href=\"https:\/\/people.epfl.ch\/alain.wegmann?lang=fr\">Alain Wegmann<\/a> \u2013 IC Faculty<\/p>\n\n\n\n<p>Professeur <a href=\"https:\/\/people.epfl.ch\/denis.duboule?lang=fr\">Denis Duboule<\/a> \u2013 SV Faculty<\/p>\n\n\n\n<p>Professeur <a href=\"https:\/\/people.epfl.ch\/holger.frauenrath?lang=fr\">Holger Frauenrath<\/a> \u2013 STI Faculty<\/p>\n\n\n\n<h4 class=\"wp-block-heading\">2016<\/h4>\n\n\n\n<p><strong>Polysph\u00e8re d\u2019or<\/strong><\/p>\n\n\n\n<p>Professeur <a href=\"https:\/\/people.epfl.ch\/richard.nguyen?lang=fr\">Richard Nguyen<\/a> \u2013 ENAC Faculty<\/p>\n\n\n\n<p><strong>Faculty Polysph\u00e8res<\/strong><\/p>\n\n\n\n<p>Professeur <a href=\"https:\/\/people.epfl.ch\/amin.shokrollahi?lang=fr\">Amin Shokrollahi<\/a> \u2013 IC Faculty<\/p>\n\n\n\n<p>Professeur <a href=\"https:\/\/people.epfl.ch\/yann.barrandon?lang=fr\">Yann Barrandon<\/a> \u2013 SV Faculty<\/p>\n\n\n\n<p>Professeur <a href=\"https:\/\/people.epfl.ch\/flavio.noca?lang=fr\">Flavio Noca<\/a> \u2013 STI Faculty<\/p>\n\n\n\n<p>Professeur <a href=\"https:\/\/people.epfl.ch\/donna.testerman?lang=fr\">Donna Testerman<\/a> \u2013 SB Faculty<\/p>\n\n\n\n<h4 class=\"wp-block-heading\">2015<\/h4>\n\n\n\n<p><strong>Polysph\u00e8re d\u2019or<\/strong><\/p>\n\n\n\n<p>Professeur <a href=\"https:\/\/people.epfl.ch\/jacques.thevenaz?lang=en\">Jacques Th\u00e9venaz<\/a> \u2013 SB Faculty<\/p>\n\n\n\n<p><strong>Faculty Polysph\u00e8res<\/strong><\/p>\n\n\n\n<p>Professeur <a href=\"https:\/\/people.epfl.ch\/rudiger.urbanke?lang=en\">R\u00fcdiger Urbanke<\/a> \u2013 IC Faculty<\/p>\n\n\n\n<p>Professeur <a href=\"https:\/\/people.epfl.ch\/melanie.blokesch?lang=en\">Melanie Blokesch<\/a> \u2013 SV Faculty<\/p>\n\n\n\n<p>Docteur <a href=\"https:\/\/people.epfl.ch\/jean-luc.desbiolles?lang=en\">Jean-Luc Desbiolles<\/a> \u2013 STI Faculty<\/p>\n\n\n\n<p>Professeur <a href=\"https:\/\/people.epfl.ch\/ruediger.fahlenbrach?lang=en\">R\u00fcdiger Fahlenbrach<\/a> \u2013 Facult\u00e9 CDM<\/p>\n\n\n\n<p>Professeur <a href=\"https:\/\/people.epfl.ch\/jacques.lucan?lang=en\">Jacques Lucan<\/a> \u2013 ENAC Faculty<\/p>\n\n\n\n<h4 class=\"wp-block-heading\">2014<\/h4>\n\n\n\n<p><strong>Polysph\u00e8re d\u2019or<\/strong><\/p>\n\n\n\n<p>Docteur <a href=\"http:\/\/personnes.epfl.ch\/joseluis.zuletaestrugo\">Jos\u00e9 Luis Zuleta Estrugo<\/a> \u2013 SB Faculty<\/p>\n\n\n\n<p><strong>Faculty Polysph\u00e8res<\/strong><\/p>\n\n\n\n<p>Professeur <a href=\"http:\/\/people.epfl.ch\/ambrogio.fasoli?lang=fr\">Ambrogio Fasoli<\/a> \u2013 SV Faculty<\/p>\n\n\n\n<p>Professeur <a href=\"http:\/\/people.epfl.ch\/anders.meibom?lang=fr\">Anders Meibom<\/a> \u2013 ENAC Faculty<\/p>\n\n\n\n<p>Professeur <a href=\"http:\/\/people.epfl.ch\/peter.wittwer?lang=fr\">Peter Wittwer<\/a> \u2013 IC Faculty<\/p>\n\n\n\n<p>Docteur <a href=\"http:\/\/people.epfl.ch\/michel.cibils?lang=fr\">Michel Cibils<\/a> \u2013 STI Faculty<\/p>\n\n\n\n<h4 class=\"wp-block-heading\">2013<\/h4>\n\n\n\n<p><strong>Polysph\u00e8re d\u2019or<\/strong><\/p>\n\n\n\n<p>Professeur <a href=\"http:\/\/people.epfl.ch\/kathryn.hess?lang=fr\">Kathryn Hess Bellwald<\/a> \u2013 SB Faculty<\/p>\n\n\n\n<p><strong>Faculty Polysph\u00e8res<\/strong><\/p>\n\n\n\n<p>Professeur <a href=\"http:\/\/people.epfl.ch\/oliver.hantschel?lang=fr\">Oliver Hantschel<\/a> \u2013 SV Faculty<\/p>\n\n\n\n<p>Docteur <a href=\"http:\/\/people.epfl.ch\/luca.rossi?lang=fr\">Luca Rossi<\/a> \u2013 ENAC Faculty<\/p>\n\n\n\n<p>Professeur <a href=\"http:\/\/people.epfl.ch\/jean-yves.leboudec?lang=fr\">Jean-Yves Le Boudec<\/a> \u2013 IC Faculty<\/p>\n\n\n\n<p>Docteur <a href=\"http:\/\/people.epfl.ch\/philippe.chabloz?lang=fr\">Philippe Chabloz<\/a> \u2013 STI Faculty<\/p>\n\n\n\n<h4 class=\"wp-block-heading\">2012<\/h4>\n\n\n\n<p><strong>Polysph\u00e8re d\u2019or<\/strong><\/p>\n\n\n\n<p>Professeur <a href=\"http:\/\/people.epfl.ch\/gisou.vandergoot?lang=fr\">Gisou Van Der Goot<\/a> \u2013 SV Faculty<\/p>\n\n\n\n<p><strong>Faculty Polysph\u00e8res<\/strong><\/p>\n\n\n\n<p>Professeur <a href=\"http:\/\/people.epfl.ch\/jacques.rappaz?lang=fr\">Jacques Rappaz<\/a> \u2013 SB Faculty<\/p>\n\n\n\n<p>Professeur <a href=\"http:\/\/people.epfl.ch\/anton.schleiss?lang=fr\">Anton Schleiss<\/a> \u2013 ENAC Faculty<\/p>\n\n\n\n<p>Professeur <a href=\"http:\/\/people.epfl.ch\/mark.pauly?lang=fr\">Mark Pauly<\/a> \u2013 IC Faculty<\/p>\n\n\n\n<p>Professeur <a href=\"http:\/\/people.epfl.ch\/francesco.mondada?lang=fr\">Francesco Mondada<\/a> \u2013 STI<\/p>\n\n\n\n<h4 class=\"wp-block-heading\">2011<\/h4>\n\n\n\n<p><strong>Polysph\u00e8re d\u2019or<\/strong><\/p>\n\n\n\n<p>Professeur <a href=\"http:\/\/people.epfl.ch\/arjen.lenstra\">Arjen Lenstra<\/a> \u2013 IC Faculty<\/p>\n\n\n\n<p><strong>Faculty Polysph\u00e8res<\/strong><\/p>\n\n\n\n<p>Docteur <a href=\"http:\/\/personnes.epfl.ch\/joseluis.zuletaestrugo\">Jos\u00e9 Luis Zuleta Estrugo<\/a> \u2013 SB<\/p>\n\n\n\n<p>Professeur <a href=\"http:\/\/personnes.epfl.ch\/bruno.marchand\">Bruno Marchand<\/a> \u2013 ENAC Faculty<\/p>\n\n\n\n<p>Professeur <a href=\"http:\/\/personnes.epfl.ch\/denis.duboule\">Denis Duboule<\/a> \u2013 SV Faculty<\/p>\n\n\n\n<p>Professeur <a href=\"http:\/\/people.epfl.ch\/andreas.mortensen\">Andreas Mortensen<\/a> \u2013 STI<\/p>\n\n\n\n<h4 class=\"wp-block-heading\">2010<\/h4>\n\n\n\n<p><strong>Polysph\u00e8re d\u2019or<\/strong><\/p>\n\n\n\n<p>Professeur <a href=\"http:\/\/personnes.epfl.ch\/libero.zuppiroli\">Libero Zuppiroli<\/a> \u2013 STI<\/p>\n\n\n\n<p><strong>Faculty Polysph\u00e8res<\/strong><\/p>\n\n\n\n<p>Professeur <a href=\"http:\/\/personnes.epfl.ch\/frederic.mila\">Fr\u00e9d\u00e9ric Mila<\/a> \u2013 SB<\/p>\n\n\n\n<p>Professeur <a href=\"http:\/\/personnes.epfl.ch\/marc.parlange\">Marc Parlange<\/a> \u2013 ENAC Faculty<\/p>\n\n\n\n<p>Professeur <a href=\"http:\/\/personnes.epfl.ch\/yann.barrandon\">Yann Barrandon<\/a> \u2013 SV Faculty<\/p>\n\n\n\n<p>Professeur <a href=\"http:\/\/personnes.epfl.ch\/rudiger.urbanke\">R\u00fcdiger Urbanke<\/a> \u2013 IC Faculty<\/p>\n\n\n\n<h4 class=\"wp-block-heading\">2009<\/h4>\n\n\n\n<p><strong>Polysph\u00e8re d\u2019or<\/strong><\/p>\n\n\n\n<p>Docteur <a href=\"http:\/\/personnes.epfl.ch\/philippe.chabloz\">Philippe Chabloz<\/a><\/p>\n\n\n\n<p><strong>Faculty Polysph\u00e8res<\/strong><\/p>\n\n\n\n<p>Professeur <a href=\"http:\/\/personnes.epfl.ch\/peter.beard\">Peter Martin Beard<\/a> \u2013 SV Faculty<\/p>\n\n\n\n<p>Professeur <a href=\"http:\/\/personnes.epfl.ch\/jeremy.arey\">Jeremy Arey<\/a> \u2013 ENAC Faculty<\/p>\n\n\n\n<p>Professeur <a href=\"http:\/\/personnes.epfl.ch\/jacques.rappaz\">Jacques Rappaz<\/a> \u2013 SB Faculty<\/p>\n\n\n\n<p>Professeur <a href=\"http:\/\/personnes.epfl.ch\/martin.odersky\">Martin Odersky<\/a>\u2013 IC Faculty<\/p>\n\n\n\n<h4 class=\"wp-block-heading\">2008<\/h4>\n\n\n\n<p><strong>Polysph\u00e8re d\u2019or<\/strong><\/p>\n\n\n\n<p>Professeur <a href=\"http:\/\/personnes.epfl.ch\/andreas.mortensen\">Andreas Mortensen<\/a> \u2013 STI Faculty<\/p>\n\n\n\n<p><strong>Faculty Polysph\u00e8res<\/strong><\/p>\n\n\n\n<p>Professeur <a href=\"http:\/\/personnes.epfl.ch\/arjen.lenstra\">Arjen Lenstra<\/a> \u2013 IC Faculty<\/p>\n\n\n\n<p>Professeur <a href=\"http:\/\/personnes.epfl.ch\/ambrogio.fasoli\">Ambrogio Fasoli<\/a> \u2013 SV Faculty<\/p>\n\n\n\n<p>Docteur <a href=\"http:\/\/personnes.epfl.ch\/marcel.drabbels\">Marcel Drabbels<\/a> \u2013 SB Faculty<\/p>\n\n\n\n<p>Docteur <a href=\"http:\/\/personnes.epfl.ch\/pierino.lestuzzi\">Pierino Lestuzzi <\/a>\u2013 ENAC Faculty<\/p>\n\n\n\n<h4 class=\"wp-block-heading\">2007<\/h4>\n\n\n\n<p><strong>Polysph\u00e8re d\u2019or<\/strong><\/p>\n\n\n\n<p>Docteur <a href=\"http:\/\/personnes.epfl.ch\/joseluis.zuletaestrugo\">Jos\u00e9 Luis Zuleta<\/a> \u2013 SB Faculty<\/p>\n\n\n\n<p><strong>Faculty Polysph\u00e8res<\/strong><\/p>\n\n\n\n<p>Professeur <a href=\"http:\/\/personnes.epfl.ch\/eduardo.sanchez\">Eduardo Sanchez<\/a> \u2013 IC Faculty<\/p>\n\n\n\n<p>Professeur <a href=\"http:\/\/personnes.epfl.ch\/denis.duboule\">Denis Duboule<\/a> \u2013 SV Faculty<\/p>\n\n\n\n<p>Professeur <a href=\"http:\/\/personnes.epfl.ch\/yves.perriard\">Yves Perriard<\/a> \u2013 STI Faculty<\/p>\n\n\n\n<p>Professeur <a href=\"http:\/\/personnes.epfl.ch\/luca.ortelli\">Luca Ortelli<\/a> \u2013 ENAC Faculty<\/p>\n\n\n\n<h4 class=\"wp-block-heading\">2006<\/h4>\n\n\n\n<p><strong>Polysph\u00e8re d\u2019Or<\/strong><\/p>\n\n\n\n<p>Professeur <a href=\"http:\/\/people.epfl.ch\/francesco.mondada?lang=fr\">Francesco Mondada<\/a><\/p>\n\n\n\n<p><strong>Faculty Polysph\u00e8res<\/strong><\/p>\n\n\n\n<p>Professeur <a href=\"http:\/\/people.epfl.ch\/maher.kayal?lang=fr\">Maher Kayal<\/a><\/p>\n\n\n\n<p>Professeur <a href=\"http:\/\/people.epfl.ch\/marcel.jufer?lang=fr\">Marcel Jufer<\/a><\/p>\n\n\n\n<p>Professeur <a href=\"http:\/\/people.epfl.ch\/hubert.vandenbergh?lang=fr\">Hubert van den Bergh<\/a><\/p>\n\n\n\n<p>Professeur Fran\u00e7ois Rey<\/p>\n\n\n\n<p>Professeur <a href=\"http:\/\/people.epfl.ch\/yann.barrandon?lang=fr\">Yann Barrandon<\/a><\/p>","protected":false},"excerpt":{"rendered":"<p>2024 Polysph\u00e8re d\u2019or Professeur Florian Richter &#8211; Facult\u00e9 SB Polysph\u00e8res de facult\u00e9 Professeur Laurent Vulliet \u2013 Facult\u00e9 ENAC Professeur Emre Telatar \u2013 Facult\u00e9 IC Professeur Michele De Palma \u2013 Facult\u00e9 SV Dr. Lionel Sofia \u2013 Facult\u00e9 STI 2023 Polysph\u00e8re d\u2019or Dr. Andreas Schueler \u2013 Facult\u00e9 ENAC Polysph\u00e8res de facult\u00e9 Dr. Peter Wittwer \u2013 Facult\u00e9 SB&hellip;&nbsp;<a href=\"https:\/\/agepoly.ch\/en\/polyspheres-archives\/\" class=\"\" rel=\"bookmark\">Read More &raquo;<span class=\"screen-reader-text\">Polysph\u00e8res \u2013 Archives<\/span><\/a><\/p>","protected":false},"author":1,"featured_media":0,"parent":0,"menu_order":0,"comment_status":"closed","ping_status":"closed","template":"","meta":{"neve_meta_sidebar":"","neve_meta_container":"","neve_meta_enable_content_width":"","neve_meta_content_width":0,"neve_meta_title_alignment":"","neve_meta_author_avatar":"","neve_post_elements_order":"","neve_meta_disable_header":"","neve_meta_disable_footer":"","neve_meta_disable_title":"","_themeisle_gutenberg_block_has_review":false,"footnotes":""},"class_list":["post-2222","page","type-page","status-publish","hentry"],"_links":{"self":[{"href":"https:\/\/agepoly.ch\/en\/wp-json\/wp\/v2\/pages\/2222","targetHints":{"allow":["GET"]}}],"collection":[{"href":"https:\/\/agepoly.ch\/en\/wp-json\/wp\/v2\/pages"}],"about":[{"href":"https:\/\/agepoly.ch\/en\/wp-json\/wp\/v2\/types\/page"}],"author":[{"embeddable":true,"href":"https:\/\/agepoly.ch\/en\/wp-json\/wp\/v2\/users\/1"}],"replies":[{"embeddable":true,"href":"https:\/\/agepoly.ch\/en\/wp-json\/wp\/v2\/comments?post=2222"}],"version-history":[{"count":3,"href":"https:\/\/agepoly.ch\/en\/wp-json\/wp\/v2\/pages\/2222\/revisions"}],"predecessor-version":[{"id":3039,"href":"https:\/\/agepoly.ch\/en\/wp-json\/wp\/v2\/pages\/2222\/revisions\/3039"}],"wp:attachment":[{"href":"https:\/\/agepoly.ch\/en\/wp-json\/wp\/v2\/media?parent=2222"}],"curies":[{"name":"wp","href":"https:\/\/api.w.org\/{rel}","templated":true}]}}