{"id":2347,"date":"2025-07-06T10:31:50","date_gmt":"2025-07-06T09:31:50","guid":{"rendered":"https:\/\/agepoly.ch\/?page_id=2347"},"modified":"2025-07-06T10:35:59","modified_gmt":"2025-07-06T09:35:59","slug":"conseil-juridique","status":"publish","type":"page","link":"https:\/\/agepoly.ch\/en\/conseil-juridique\/","title":{"rendered":"Legal counsel"},"content":{"rendered":"\n<div class=\"wp-block-buttons is-content-justification-center is-layout-flex wp-container-core-buttons-is-layout-16018d1d wp-block-buttons-is-layout-flex\">\n<div class=\"wp-block-button is-style-default\"><a class=\"wp-block-button__link wp-element-button\" href=\"https:\/\/go.agepoly.ch\/form-legal-counsel\">Contacter le service juridique (form)<\/a><\/div>\n<\/div>\n\n\n\n<p>L\u2019AGEPoly s\u2019est dot\u00e9e d\u2019un conseil juridique pour les questions d\u2019ordre acad\u00e9mique. Il s\u2019agit d\u2019un partenariat avec la FAE, la F\u00e9d\u00e9ration des Associations d\u2019Etudiant\u00b7e\u00b7x\u00b7s de l\u2019UNIL, avec <a href=\"https:\/\/fae-unil.ch\/service-juridique\/\">son service juridique [lien]<\/a>. Il nous permet notamment d\u2019apporter des \u00e9clairages juridiques \u00e0 des \u00e9tudiant\u00b7e\u00b7s quant \u00e0 leurs cas sp\u00e9cifiques, en particulier survenant durant les examens.&nbsp;<\/p>\n\n\n\n<p>Pour le contacter,<a href=\"https:\/\/go.agepoly.ch\/form-legal-counsel\"> cliquer sur le bouton ci-dessus ou ici [lien]<\/a>.<\/p>\n\n\n\n\n\n<p>For more info, check out <a href=\"https:\/\/agepoly.ch\/en\/2024\/05\/24\/mise-en-place-dun-conseil-juridique\/\" data-type=\"link\" data-id=\"https:\/\/agepoly.ch\/en\/2024\/05\/24\/mise-en-place-dun-conseil-juridique\/\">the service&rsquo;s history page [link]<\/a>.<\/p>\n","protected":false},"excerpt":{"rendered":"<p>L\u2019AGEPoly s\u2019est dot\u00e9e d\u2019un conseil juridique pour les questions d\u2019ordre acad\u00e9mique. Il s\u2019agit d\u2019un partenariat avec la FAE, la F\u00e9d\u00e9ration des Associations d\u2019Etudiant\u00b7e\u00b7x\u00b7s de l\u2019UNIL, avec son service juridique [lien]. Il nous permet notamment d\u2019apporter des \u00e9clairages juridiques \u00e0 des \u00e9tudiant\u00b7e\u00b7s quant \u00e0 leurs cas sp\u00e9cifiques, en particulier survenant durant les examens.&nbsp; Pour le contacter,&hellip;&nbsp;<a href=\"https:\/\/agepoly.ch\/en\/conseil-juridique\/\" class=\"\" rel=\"bookmark\">Read More &raquo;<span class=\"screen-reader-text\">Conseil juridique<\/span><\/a><\/p>\n","protected":false},"author":6,"featured_media":0,"parent":0,"menu_order":0,"comment_status":"closed","ping_status":"closed","template":"","meta":{"neve_meta_sidebar":"","neve_meta_container":"","neve_meta_enable_content_width":"","neve_meta_content_width":0,"neve_meta_title_alignment":"","neve_meta_author_avatar":"","neve_post_elements_order":"","neve_meta_disable_header":"","neve_meta_disable_footer":"","neve_meta_disable_title":"","_themeisle_gutenberg_block_has_review":false,"footnotes":""},"class_list":["post-2347","page","type-page","status-publish","hentry"],"_links":{"self":[{"href":"https:\/\/agepoly.ch\/en\/wp-json\/wp\/v2\/pages\/2347","targetHints":{"allow":["GET"]}}],"collection":[{"href":"https:\/\/agepoly.ch\/en\/wp-json\/wp\/v2\/pages"}],"about":[{"href":"https:\/\/agepoly.ch\/en\/wp-json\/wp\/v2\/types\/page"}],"author":[{"embeddable":true,"href":"https:\/\/agepoly.ch\/en\/wp-json\/wp\/v2\/users\/6"}],"replies":[{"embeddable":true,"href":"https:\/\/agepoly.ch\/en\/wp-json\/wp\/v2\/comments?post=2347"}],"version-history":[{"count":3,"href":"https:\/\/agepoly.ch\/en\/wp-json\/wp\/v2\/pages\/2347\/revisions"}],"predecessor-version":[{"id":2352,"href":"https:\/\/agepoly.ch\/en\/wp-json\/wp\/v2\/pages\/2347\/revisions\/2352"}],"wp:attachment":[{"href":"https:\/\/agepoly.ch\/en\/wp-json\/wp\/v2\/media?parent=2347"}],"curies":[{"name":"wp","href":"https:\/\/api.w.org\/{rel}","templated":true}]}}