{"id":2457,"date":"2025-09-14T15:48:45","date_gmt":"2025-09-14T14:48:45","guid":{"rendered":"https:\/\/agepoly.ch\/?page_id=2457"},"modified":"2025-09-24T08:27:28","modified_gmt":"2025-09-24T07:27:28","slug":"candidatures-elections-complementaires-25","status":"publish","type":"page","link":"https:\/\/agepoly.ch\/en\/candidatures-elections-complementaires-25\/","title":{"rendered":"Elections compl\u00e9mentaires au comit\u00e9 de direction"},"content":{"rendered":"<p>Sur cette page sont list\u00e9s tous les postes ainsi que les candidatures respectives! Pour candidater tu peux nous contacter \u00e0 <a href=\"mailto:comite@agepoly.ch\">comite@agepoly.ch<\/a> . <\/p>\n\n\n\n<p>Tu peux candidater jusqu\u2019au 24 septembre 2025 s\u2019il y a strictement moins de deux candidat\u00b7e\u00b7s pour un poste.<\/p>\n\n\n\n<div class=\"wp-block-group\"><div class=\"wp-block-group__inner-container is-layout-constrained wp-block-group-is-layout-constrained\">\n<h2 class=\"wp-block-heading\">Co-presidency<\/h2>\n\n\n\n<div class=\"wp-block-group\"><div class=\"wp-block-group__inner-container is-layout-constrained wp-block-group-is-layout-constrained\">\n<p><em>Together, the <strong>two<\/strong> co-presidents coordinate and support the committee members to ensure the successful completion of their projects. The co-presidents are the face of the association; they participate in numerous school events such as the Welcome and the Magistrale, and frequently interact with entities inside and outside EPFL. Similarly, the co-presidents actively participate in the administrative management of AGEPoly and engage in long-term thinking.<\/em><\/p>\n\n\n\n<p>If you would like to know more, feel free to send an email to&nbsp;<a href=\"mailto:presidence@agepoly.ch\">presidence@agepoly.ch<\/a>, or feel free to send a message on Telegram to&nbsp;<a href=\"https:\/\/t.me\/Alexia_GiroudNyer\">@Alexia_GiroudNyer<\/a>.<\/p>\n\n\n\n<div class=\"wp-block-columns is-layout-flex wp-container-core-columns-is-layout-9d6595d7 wp-block-columns-is-layout-flex\">\n<div class=\"wp-block-column is-layout-flow wp-block-column-is-layout-flow\"><\/div>\n\n\n\n<div class=\"wp-block-column is-layout-flow wp-block-column-is-layout-flow\">\n<div class=\"wp-block-cover\" style=\"border-radius:14px;padding-top:var(--wp--preset--spacing--40);padding-right:var(--wp--preset--spacing--50);padding-bottom:0;padding-left:var(--wp--preset--spacing--50)\"><span aria-hidden=\"true\" class=\"wp-block-cover__background has-nv-light-bg-background-color has-background-dim-100 has-background-dim\"><\/span><div class=\"wp-block-cover__inner-container is-layout-constrained wp-container-core-cover-is-layout-bbf4f3c3 wp-block-cover-is-layout-constrained\">\n<figure class=\"wp-block-image size-full is-resized is-style-rounded\"><img loading=\"lazy\" decoding=\"async\" width=\"884\" height=\"884\" src=\"https:\/\/agepoly.ch\/wp-content\/uploads\/2025\/09\/Benjamin.png\" alt=\"\" class=\"wp-image-2503\" style=\"width:333px;height:auto\" srcset=\"https:\/\/agepoly.ch\/wp-content\/uploads\/2025\/09\/Benjamin.png 884w, https:\/\/agepoly.ch\/wp-content\/uploads\/2025\/09\/Benjamin-300x300.png 300w, https:\/\/agepoly.ch\/wp-content\/uploads\/2025\/09\/Benjamin-150x150.png 150w, https:\/\/agepoly.ch\/wp-content\/uploads\/2025\/09\/Benjamin-768x768.png 768w, https:\/\/agepoly.ch\/wp-content\/uploads\/2025\/09\/Benjamin-12x12.png 12w\" sizes=\"auto, (max-width: 884px) 100vw, 884px\" \/><\/figure>\n\n\n\n<p><\/p>\n\n\n\n<div class=\"wp-block-buttons has-custom-font-size has-large-font-size is-layout-flex wp-block-buttons-is-layout-flex\">\n<div class=\"wp-block-button has-custom-width wp-block-button__width-100 has-custom-font-size is-style-primary has-medium-font-size\" style=\"font-style:normal;font-weight:700\"><a class=\"wp-block-button__link has-nv-site-bg-color has-text-color has-link-color wp-element-button\" href=\"https:\/\/people.epfl.ch\/benjamin.faltin\" style=\"border-style:none;border-width:0px;border-radius:25px;padding-top:var(--wp--preset--spacing--40);padding-right:0;padding-bottom:var(--wp--preset--spacing--40);padding-left:0\">Benjamin Faltin<\/a><\/div>\n<\/div>\n\n\n\n<div id=\"wp-block-themeisle-blocks-accordion-a949e3d5\" class=\"wp-block-themeisle-blocks-accordion exclusive has-light-title-bg has-light-active-title-bg has-light-content-bg\">\n<details class=\"wp-block-themeisle-blocks-accordion-item\"><summary class=\"wp-block-themeisle-blocks-accordion-item__title\"><div>A little word \ud83e\udeb6<\/div><\/summary><div class=\"wp-block-themeisle-blocks-accordion-item__content\">\n<p><\/p>\n<\/div><\/details>\n<\/div>\n\n\n\n<div style=\"height:0px\" aria-hidden=\"true\" class=\"wp-block-spacer\"><\/div>\n\n\n\n<p class=\"has-text-align-center has-neve-text-color-color has-text-color has-link-color has-medium-font-size wp-elements-46182d6962b19a3d9ea532755bcd7766\"><em>Any questions? It\u2019s here \ud83d\udc47<\/em><\/p>\n\n\n\n<div class=\"wp-block-columns is-layout-flex wp-container-core-columns-is-layout-9d6595d7 wp-block-columns-is-layout-flex\">\n<div class=\"wp-block-column is-layout-flow wp-block-column-is-layout-flow\"><div class=\"wp-block-image\">\n<figure class=\"aligncenter size-full is-resized\"><a href=\"mailto:benjamin.faltin@p.agepoly.ch\"><img loading=\"lazy\" decoding=\"async\" width=\"320\" height=\"320\" src=\"https:\/\/agepoly.ch\/wp-content\/uploads\/2025\/03\/mail-envelope-symbol-logo-png_seeklogo-254303.png\" alt=\"\" class=\"wp-image-1068\" style=\"width:70px\" srcset=\"https:\/\/agepoly.ch\/wp-content\/uploads\/2025\/03\/mail-envelope-symbol-logo-png_seeklogo-254303.png 320w, https:\/\/agepoly.ch\/wp-content\/uploads\/2025\/03\/mail-envelope-symbol-logo-png_seeklogo-254303-300x300.png 300w, https:\/\/agepoly.ch\/wp-content\/uploads\/2025\/03\/mail-envelope-symbol-logo-png_seeklogo-254303-150x150.png 150w, https:\/\/agepoly.ch\/wp-content\/uploads\/2025\/03\/mail-envelope-symbol-logo-png_seeklogo-254303-12x12.png 12w\" sizes=\"auto, (max-width: 320px) 100vw, 320px\" \/><\/a><\/figure><\/div><\/div>\n\n\n\n<div class=\"wp-block-column is-layout-flow wp-block-column-is-layout-flow\"><div class=\"wp-block-image\">\n<figure class=\"aligncenter size-large is-resized\"><a href=\"https:\/\/t.me\/BenjaminFaltin\"><img loading=\"lazy\" decoding=\"async\" width=\"1024\" height=\"1024\" src=\"https:\/\/agepoly.ch\/wp-content\/uploads\/2024\/09\/Telegram_logo.svg-1024x1024.png\" alt=\"\" class=\"wp-image-545\" style=\"width:70px\" srcset=\"https:\/\/agepoly.ch\/wp-content\/uploads\/2024\/09\/Telegram_logo.svg-1024x1024.png 1024w, https:\/\/agepoly.ch\/wp-content\/uploads\/2024\/09\/Telegram_logo.svg-300x300.png 300w, https:\/\/agepoly.ch\/wp-content\/uploads\/2024\/09\/Telegram_logo.svg-150x150.png 150w, https:\/\/agepoly.ch\/wp-content\/uploads\/2024\/09\/Telegram_logo.svg-768x768.png 768w, https:\/\/agepoly.ch\/wp-content\/uploads\/2024\/09\/Telegram_logo.svg-12x12.png 12w, https:\/\/agepoly.ch\/wp-content\/uploads\/2024\/09\/Telegram_logo.svg.png 1200w\" sizes=\"auto, (max-width: 1024px) 100vw, 1024px\" \/><\/a><\/figure><\/div><\/div>\n<\/div>\n<\/div><\/div>\n<\/div>\n\n\n\n<div class=\"wp-block-column is-layout-flow wp-block-column-is-layout-flow\"><\/div>\n<\/div>\n<\/div><\/div>\n<\/div><\/div>\n\n\n\n<div class=\"wp-block-group\"><div class=\"wp-block-group__inner-container is-layout-constrained wp-block-group-is-layout-constrained\">\n<div class=\"wp-block-group\"><div class=\"wp-block-group__inner-container is-layout-constrained wp-block-group-is-layout-constrained\"><\/div><\/div>\n\n\n\n<h2 class=\"wp-block-heading\">Head of Commissions<\/h2>\n<\/div><\/div>\n\n\n\n<div class=\"wp-block-group\"><div class=\"wp-block-group__inner-container is-layout-constrained wp-block-group-is-layout-constrained\">\n<div class=\"wp-block-group\"><div class=\"wp-block-group__inner-container is-layout-constrained wp-block-group-is-layout-constrained\">\n<div class=\"wp-block-group\"><div class=\"wp-block-group__inner-container is-layout-constrained wp-block-group-is-layout-constrained\">\n<p><em><em><em>Assure la coordination, le soutien et le suivi de nos 17 commissions. A un contact direct avec elles pour les aider au quotidien, et organise des \u00e9venements inter-commissions. Travail aux liens entre entre les commissions, ainsi qu&rsquo;avec les organes responsables de la validation des \u00e9v\u00e9nements sur le campus. Cr\u00e9er ses propres projets tels que, ces derni\u00e8res ann\u00e9es, des r\u00e9flexions profondes sur la structure de certaines commissions.<\/em><\/em><\/em><\/p>\n\n\n\n<p>If you would like to know more, feel free to send an email to&nbsp;<a href=\"mailto:commissions@agepoly.ch\">commissions@agepoly.ch<\/a>, or feel free to send a message on Telegram to&nbsp;<a href=\"https:\/\/t.me\/Alexia_GiroudNyer\">@Alexia_GiroudNyer<\/a>.<\/p>\n\n\n\n<div class=\"wp-block-columns is-layout-flex wp-container-core-columns-is-layout-9d6595d7 wp-block-columns-is-layout-flex\">\n<div class=\"wp-block-column is-layout-flow wp-block-column-is-layout-flow\"><\/div>\n\n\n\n<div class=\"wp-block-column is-layout-flow wp-block-column-is-layout-flow\">\n<div class=\"wp-block-cover\" style=\"border-radius:14px;padding-top:var(--wp--preset--spacing--40);padding-right:var(--wp--preset--spacing--50);padding-bottom:0;padding-left:var(--wp--preset--spacing--50)\"><span aria-hidden=\"true\" class=\"wp-block-cover__background has-nv-light-bg-background-color has-background-dim-100 has-background-dim\"><\/span><div class=\"wp-block-cover__inner-container is-layout-constrained wp-container-core-cover-is-layout-bbf4f3c3 wp-block-cover-is-layout-constrained\">\n<figure class=\"wp-block-image size-full is-resized is-style-rounded\"><img loading=\"lazy\" decoding=\"async\" width=\"386\" height=\"386\" src=\"https:\/\/agepoly.ch\/wp-content\/uploads\/2025\/09\/Capture-decran-2025-09-04-a-15.04.15.png\" alt=\"\" class=\"wp-image-2410\" style=\"width:333px;height:auto\" srcset=\"https:\/\/agepoly.ch\/wp-content\/uploads\/2025\/09\/Capture-decran-2025-09-04-a-15.04.15.png 386w, https:\/\/agepoly.ch\/wp-content\/uploads\/2025\/09\/Capture-decran-2025-09-04-a-15.04.15-300x300.png 300w, https:\/\/agepoly.ch\/wp-content\/uploads\/2025\/09\/Capture-decran-2025-09-04-a-15.04.15-150x150.png 150w, https:\/\/agepoly.ch\/wp-content\/uploads\/2025\/09\/Capture-decran-2025-09-04-a-15.04.15-12x12.png 12w\" sizes=\"auto, (max-width: 386px) 100vw, 386px\" \/><\/figure>\n\n\n\n<div style=\"height:31px\" aria-hidden=\"true\" class=\"wp-block-spacer\"><\/div>\n\n\n\n<div class=\"wp-block-buttons has-custom-font-size has-large-font-size is-layout-flex wp-block-buttons-is-layout-flex\">\n<div class=\"wp-block-button has-custom-width wp-block-button__width-100 has-custom-font-size is-style-primary has-medium-font-size\" style=\"font-style:normal;font-weight:700\"><a class=\"wp-block-button__link has-nv-site-bg-color has-text-color has-link-color wp-element-button\" href=\"https:\/\/people.epfl.ch\/alexandre.hetet\" style=\"border-style:none;border-width:0px;border-radius:25px;padding-top:var(--wp--preset--spacing--40);padding-right:0;padding-bottom:var(--wp--preset--spacing--40);padding-left:0\">Alexandre Dunoyer de Segonzac<\/a><\/div>\n<\/div>\n\n\n\n<div id=\"wp-block-themeisle-blocks-accordion-1287d0d0\" class=\"wp-block-themeisle-blocks-accordion exclusive has-light-title-bg has-light-active-title-bg has-light-content-bg\">\n<details class=\"wp-block-themeisle-blocks-accordion-item\"><summary class=\"wp-block-themeisle-blocks-accordion-item__title\"><div>A little word \ud83e\udeb6<\/div><\/summary><div class=\"wp-block-themeisle-blocks-accordion-item__content\">\n<p>\u00c9tudiant en MA1 Cybers\u00e9curit\u00e9, responsable IT puis pr\u00e9sident du Coaching, je postule aujourd&rsquo;hui au poste de Responsable Commissions pour continuer \u00e0 apporter de ma personne \u00e0 l&rsquo;associatif de l&rsquo;EPFL ! Mes envies principales ? Amener l&rsquo;AGEPoly aux commissions, les commissions \u00e0 l&rsquo;AGEPoly, repr\u00e9senter les commissions (et les \u00e9tudiants) aupr\u00e8s de l&rsquo;EPFL !<\/p>\n<\/div><\/details>\n<\/div>\n\n\n\n<div style=\"height:0px\" aria-hidden=\"true\" class=\"wp-block-spacer\"><\/div>\n\n\n\n<p class=\"has-text-align-center has-neve-text-color-color has-text-color has-link-color has-medium-font-size wp-elements-46182d6962b19a3d9ea532755bcd7766\"><em>Any questions? It\u2019s here \ud83d\udc47<\/em><\/p>\n\n\n\n<div class=\"wp-block-columns is-layout-flex wp-container-core-columns-is-layout-9d6595d7 wp-block-columns-is-layout-flex\">\n<div class=\"wp-block-column is-layout-flow wp-block-column-is-layout-flow\"><div class=\"wp-block-image\">\n<figure class=\"aligncenter size-full is-resized\"><a href=\"mailto:alexandre.hetet@epfl.ch\"><img loading=\"lazy\" decoding=\"async\" width=\"320\" height=\"320\" src=\"https:\/\/agepoly.ch\/wp-content\/uploads\/2025\/03\/mail-envelope-symbol-logo-png_seeklogo-254303.png\" alt=\"\" class=\"wp-image-1068\" style=\"width:70px\" srcset=\"https:\/\/agepoly.ch\/wp-content\/uploads\/2025\/03\/mail-envelope-symbol-logo-png_seeklogo-254303.png 320w, https:\/\/agepoly.ch\/wp-content\/uploads\/2025\/03\/mail-envelope-symbol-logo-png_seeklogo-254303-300x300.png 300w, https:\/\/agepoly.ch\/wp-content\/uploads\/2025\/03\/mail-envelope-symbol-logo-png_seeklogo-254303-150x150.png 150w, https:\/\/agepoly.ch\/wp-content\/uploads\/2025\/03\/mail-envelope-symbol-logo-png_seeklogo-254303-12x12.png 12w\" sizes=\"auto, (max-width: 320px) 100vw, 320px\" \/><\/a><\/figure><\/div><\/div>\n\n\n\n<div class=\"wp-block-column is-layout-flow wp-block-column-is-layout-flow\"><div class=\"wp-block-image\">\n<figure class=\"aligncenter size-large is-resized\"><a href=\"https:\/\/t.me\/wylwi\"><img loading=\"lazy\" decoding=\"async\" width=\"1024\" height=\"1024\" src=\"https:\/\/agepoly.ch\/wp-content\/uploads\/2024\/09\/Telegram_logo.svg-1024x1024.png\" alt=\"\" class=\"wp-image-545\" style=\"width:70px\" srcset=\"https:\/\/agepoly.ch\/wp-content\/uploads\/2024\/09\/Telegram_logo.svg-1024x1024.png 1024w, https:\/\/agepoly.ch\/wp-content\/uploads\/2024\/09\/Telegram_logo.svg-300x300.png 300w, https:\/\/agepoly.ch\/wp-content\/uploads\/2024\/09\/Telegram_logo.svg-150x150.png 150w, https:\/\/agepoly.ch\/wp-content\/uploads\/2024\/09\/Telegram_logo.svg-768x768.png 768w, https:\/\/agepoly.ch\/wp-content\/uploads\/2024\/09\/Telegram_logo.svg-12x12.png 12w, https:\/\/agepoly.ch\/wp-content\/uploads\/2024\/09\/Telegram_logo.svg.png 1200w\" sizes=\"auto, (max-width: 1024px) 100vw, 1024px\" \/><\/a><\/figure><\/div><\/div>\n<\/div>\n<\/div><\/div>\n<\/div>\n\n\n\n<div class=\"wp-block-column is-layout-flow wp-block-column-is-layout-flow\"><\/div>\n<\/div>\n<\/div><\/div>\n<\/div><\/div>\n<\/div><\/div>","protected":false},"excerpt":{"rendered":"<p>Sur cette page sont list\u00e9s tous les postes ainsi que les candidatures respectives! Pour candidater tu peux nous contacter \u00e0 comite@agepoly.ch . Tu peux candidater jusqu\u2019au 24 septembre 2025 s\u2019il y a strictement moins de deux candidat\u00b7e\u00b7s pour un poste. Copr\u00e9sidence Ensemble, les deux copr\u00e9sident\u00b7e\u00b7s coordonnent et accompagnent les membres du comit\u00e9 pour assurer la&hellip;&nbsp;<a href=\"https:\/\/agepoly.ch\/en\/candidatures-elections-complementaires-25\/\" class=\"\" rel=\"bookmark\">Read More &raquo;<span class=\"screen-reader-text\">Elections compl\u00e9mentaires au comit\u00e9 de direction<\/span><\/a><\/p>","protected":false},"author":2,"featured_media":0,"parent":0,"menu_order":0,"comment_status":"closed","ping_status":"closed","template":"","meta":{"neve_meta_sidebar":"","neve_meta_container":"","neve_meta_enable_content_width":"","neve_meta_content_width":0,"neve_meta_title_alignment":"","neve_meta_author_avatar":"","neve_post_elements_order":"","neve_meta_disable_header":"","neve_meta_disable_footer":"","neve_meta_disable_title":"","_themeisle_gutenberg_block_has_review":false,"footnotes":""},"class_list":["post-2457","page","type-page","status-publish","hentry"],"_links":{"self":[{"href":"https:\/\/agepoly.ch\/en\/wp-json\/wp\/v2\/pages\/2457","targetHints":{"allow":["GET"]}}],"collection":[{"href":"https:\/\/agepoly.ch\/en\/wp-json\/wp\/v2\/pages"}],"about":[{"href":"https:\/\/agepoly.ch\/en\/wp-json\/wp\/v2\/types\/page"}],"author":[{"embeddable":true,"href":"https:\/\/agepoly.ch\/en\/wp-json\/wp\/v2\/users\/2"}],"replies":[{"embeddable":true,"href":"https:\/\/agepoly.ch\/en\/wp-json\/wp\/v2\/comments?post=2457"}],"version-history":[{"count":6,"href":"https:\/\/agepoly.ch\/en\/wp-json\/wp\/v2\/pages\/2457\/revisions"}],"predecessor-version":[{"id":2549,"href":"https:\/\/agepoly.ch\/en\/wp-json\/wp\/v2\/pages\/2457\/revisions\/2549"}],"wp:attachment":[{"href":"https:\/\/agepoly.ch\/en\/wp-json\/wp\/v2\/media?parent=2457"}],"curies":[{"name":"wp","href":"https:\/\/api.w.org\/{rel}","templated":true}]}}