{"id":2668,"date":"2025-12-01T14:03:15","date_gmt":"2025-12-01T13:03:15","guid":{"rendered":"https:\/\/agepoly.ch\/?page_id=2668"},"modified":"2025-12-01T14:03:15","modified_gmt":"2025-12-01T13:03:15","slug":"cellule-soutien-et-respect","status":"publish","type":"page","link":"https:\/\/agepoly.ch\/en\/cellule-soutien-et-respect\/","title":{"rendered":"Support and Respect Cell"},"content":{"rendered":"<h2 class=\"wp-block-heading\">At your disposal to listen to and help you !<\/h2>\n\n\n\n<div class=\"wp-block-columns alignfull has-nv-c-1-background-color has-background is-layout-flex wp-container-core-columns-is-layout-9d6595d7 wp-block-columns-is-layout-flex\">\n<div class=\"wp-block-column is-layout-flow wp-block-column-is-layout-flow\" style=\"flex-basis:33.33%\"><div class=\"wp-block-image\">\n<figure class=\"aligncenter size-full is-resized\"><img loading=\"lazy\" decoding=\"async\" width=\"2000\" height=\"2000\" src=\"https:\/\/agepoly.ch\/wp-content\/uploads\/2025\/11\/prev.png\" alt=\"\" class=\"wp-image-2670\" style=\"width:294px;height:auto\" srcset=\"https:\/\/agepoly.ch\/wp-content\/uploads\/2025\/11\/prev.png 2000w, https:\/\/agepoly.ch\/wp-content\/uploads\/2025\/11\/prev-300x300.png 300w, https:\/\/agepoly.ch\/wp-content\/uploads\/2025\/11\/prev-1024x1024.png 1024w, https:\/\/agepoly.ch\/wp-content\/uploads\/2025\/11\/prev-150x150.png 150w, https:\/\/agepoly.ch\/wp-content\/uploads\/2025\/11\/prev-768x768.png 768w, https:\/\/agepoly.ch\/wp-content\/uploads\/2025\/11\/prev-1536x1536.png 1536w, https:\/\/agepoly.ch\/wp-content\/uploads\/2025\/11\/prev-12x12.png 12w\" sizes=\"auto, (max-width: 2000px) 100vw, 2000px\" \/><\/figure><\/div><\/div>\n\n\n\n<div class=\"wp-block-column is-vertically-aligned-center is-layout-flow wp-block-column-is-layout-flow\" style=\"flex-basis:66.66%\">\n<p class=\"has-nv-site-bg-color has-text-color has-link-color wp-elements-16237fbfa65d4603a517e19f14a57e82\" style=\"font-size:25px\"><strong>The SRC is an advisory body of AGEPoly, here if you need help or if you need someone to talk to. <\/strong>RSC is a gateway to professional systems, both internal to EPFL and external, to help you with your approaches. There are currently five students at your disposal at any time to help and listen to you.&nbsp;<\/p>\n<\/div>\n<\/div>\n\n\n\n<div class=\"wp-block-columns is-layout-flex wp-container-core-columns-is-layout-9d6595d7 wp-block-columns-is-layout-flex\">\n<div class=\"wp-block-column is-layout-flow wp-block-column-is-layout-flow\" style=\"flex-basis:66.66%\">\n<p class=\"has-medium-font-size\"><strong>The SRC goals are :<\/strong><\/p>\n\n\n\n<p style=\"font-size:18px\">Listening to you if you are facing an issue and redirect you toward a competent authority from EPFL or the canton Vaud to relieve you from your mental burden ;<\/p>\n\n\n\n<p style=\"font-size:18px\">Helping the Direction Committee from AGEPoly to make decisions when a situation is internal to the association.<\/p>\n<\/div>\n<\/div>\n\n\n\n<h2 class=\"wp-block-heading\">Why contact the SRC ? <\/h2>\n\n\n\n<div class=\"wp-block-columns is-layout-flex wp-container-core-columns-is-layout-9d6595d7 wp-block-columns-is-layout-flex\">\n<div class=\"wp-block-column is-layout-flow wp-block-column-is-layout-flow\">\n<div class=\"wp-block-cover has-nv-site-bg-color has-text-color has-link-color has-medium-font-size wp-elements-5d0675ee5bfd9e29253156a2311de9d3 wp-duotone-unset-1\" style=\"border-radius:14px;padding-top:var(--wp--preset--spacing--40);padding-right:var(--wp--preset--spacing--50);padding-bottom:0;padding-left:var(--wp--preset--spacing--50);min-height:272px;aspect-ratio:unset;\"><span aria-hidden=\"true\" class=\"wp-block-cover__background has-neve-link-color-background-color has-background-dim-100 has-background-dim\"><\/span><div class=\"wp-block-cover__inner-container is-layout-constrained wp-container-core-cover-is-layout-bbf4f3c3 wp-block-cover-is-layout-constrained\">\n<p class=\"has-medium-font-size\" style=\"font-style:normal;font-weight:700\">If you are an internal member from AGEPoly and have an internal problem that you don't\/can't discuss with the committee. <\/p>\n\n\n\n<p class=\"has-medium-font-size\" style=\"font-style:normal;font-weight:700\">RSC is a gateway to help you deal with the situation.<\/p>\n\n\n\n<div style=\"height:0px\" aria-hidden=\"true\" class=\"wp-block-spacer\"><\/div>\n<\/div><\/div>\n<\/div>\n\n\n\n<div class=\"wp-block-column is-layout-flow wp-block-column-is-layout-flow\">\n<div class=\"wp-block-cover has-nv-site-bg-color has-text-color has-link-color has-medium-font-size wp-elements-ec8915c4d174f572a70f6a7411478c8b wp-duotone-unset-2\" style=\"border-radius:14px;padding-top:var(--wp--preset--spacing--40);padding-right:var(--wp--preset--spacing--50);padding-bottom:0;padding-left:var(--wp--preset--spacing--50);min-height:272px;aspect-ratio:unset;\"><span aria-hidden=\"true\" class=\"wp-block-cover__background has-neve-link-color-background-color has-background-dim-100 has-background-dim\"><\/span><div class=\"wp-block-cover__inner-container is-layout-constrained wp-container-core-cover-is-layout-bbf4f3c3 wp-block-cover-is-layout-constrained\">\n<p class=\"has-medium-font-size\" style=\"font-style:normal;font-weight:700\"><strong>If you are victim of harassment, discrimination or any type of sexist or sexual violence. <\/strong><\/p>\n\n\n\n<p class=\"has-medium-font-size\" style=\"font-style:normal;font-weight:700\"><strong>RSC will listen to you, inform you and help direct you to the internal or external services at your disposal.<\/strong><\/p>\n\n\n\n<div style=\"height:0px\" aria-hidden=\"true\" class=\"wp-block-spacer\"><\/div>\n<\/div><\/div>\n<\/div>\n\n\n\n<div class=\"wp-block-column is-layout-flow wp-block-column-is-layout-flow\">\n<div class=\"wp-block-cover has-nv-site-bg-color has-text-color has-link-color has-medium-font-size wp-elements-568d7d49954b64fe4b2178f9eeba60b1 wp-duotone-unset-3\" style=\"border-radius:14px;padding-top:var(--wp--preset--spacing--40);padding-right:var(--wp--preset--spacing--50);padding-bottom:0;padding-left:var(--wp--preset--spacing--50);min-height:272px;aspect-ratio:unset;\"><span aria-hidden=\"true\" class=\"wp-block-cover__background has-neve-link-color-background-color has-background-dim-100 has-background-dim\"><\/span><div class=\"wp-block-cover__inner-container is-layout-constrained wp-container-core-cover-is-layout-bbf4f3c3 wp-block-cover-is-layout-constrained\">\n<p class=\"has-medium-font-size\" style=\"font-style:normal;font-weight:700\"><strong>If you are suffering from depression, burn out or are in psychological distress. <\/strong><\/p>\n\n\n\n<p class=\"has-medium-font-size\" style=\"font-style:normal;font-weight:700\">RSC will listen to, inform you and direct you so that you can get all the help you need. <\/p>\n\n\n\n<div style=\"height:9px\" aria-hidden=\"true\" class=\"wp-block-spacer\"><\/div>\n<\/div><\/div>\n<\/div>\n<\/div>\n\n\n\n<p><\/p>\n\n\n\n<h2 class=\"wp-block-heading\">How does the RSC work ?<\/h2>\n\n\n\n<p style=\"font-size:18px\">RSC is composed of 5 volunteers, trained by La Main Tendue to listen, to handle the process of a first consultation, to know about the Swiss social network (VSS, financial, emergency housing, mental health, etc.) and the internal system of EPFL ... (according to status). They are non professionals and give from their free time and their ears to listen to you and redirect you when necessary.<\/p>\n\n\n\n<p><\/p>\n\n\n\n<div class=\"wp-block-group is-content-justification-center is-nowrap is-layout-flex wp-container-core-group-is-layout-065bca85 wp-block-group-is-layout-flex\">\n<p class=\"has-text-align-center has-nv-dark-bg-color has-nv-text-dark-bg-background-color has-text-color has-background has-link-color wp-elements-bde7b74f651fd942c23988fc614cd942\" style=\"border-radius:61px;font-size:18px;font-style:normal;font-weight:600\">What you share with us stays between us, you can check out the confidentiality chart, signed by the cell's members.<\/p>\n\n\n\n<p class=\"has-text-align-center has-nv-dark-bg-color has-nv-text-dark-bg-background-color has-text-color has-background has-link-color wp-elements-90508fcb7c053979f232a2a3aba8b5ce\" style=\"border-radius:61px;font-size:18px;font-style:normal;font-weight:600\">The members of the RSC are non preofessionnals and can therefore not take any responsibility.&nbsp;<\/p>\n<\/div>\n\n\n\n<div class=\"wp-block-buttons is-content-justification-center is-layout-flex wp-container-core-buttons-is-layout-16018d1d wp-block-buttons-is-layout-flex\">\n<div class=\"wp-block-button\"><a class=\"wp-block-button__link has-medium-font-size has-custom-font-size wp-element-button\" href=\"https:\/\/drive.google.com\/drive\/folders\/1iSmW2RrASsh2tYok4ebc3TczG-OMyxUr?usp=drive_link\" style=\"border-radius:48px\">Official documents<\/a><\/div>\n<\/div>\n\n\n\n<div class=\"wp-block-group\"><div class=\"wp-block-group__inner-container is-layout-constrained wp-block-group-is-layout-constrained\">\n<div class=\"wp-block-columns is-layout-flex wp-container-core-columns-is-layout-9d6595d7 wp-block-columns-is-layout-flex\">\n<div class=\"wp-block-column is-layout-flow wp-block-column-is-layout-flow\" style=\"flex-basis:100%\"><\/div>\n<\/div>\n<\/div><\/div>\n\n\n\n<p class=\"has-neve-link-color-color has-text-color has-link-color has-medium-font-size wp-elements-0812a00bb4b638fb11f8c4077aa6eef0\">We want to remind that we are non professionnals and can therefore take no responsibility. In case of a situation external to the association, your data will be deleted after the case is handled. A confidentiality clause guarantees that no information will be disclosed. Finally, take note that if you are a minor, we have a legal obligation to report it.<br><\/p>\n\n\n\n<h2 class=\"wp-block-heading has-text-align-left\">How to contact RSC ?<\/h2>\n\n\n\n<ol class=\"wp-block-list\"><\/ol>\n\n\n\n<div class=\"wp-block-group is-vertical is-layout-flex wp-container-core-group-is-layout-8cf370e7 wp-block-group-is-layout-flex\">\n<div class=\"wp-block-columns is-layout-flex wp-container-core-columns-is-layout-9d6595d7 wp-block-columns-is-layout-flex\">\n<div class=\"wp-block-column is-layout-flow wp-block-column-is-layout-flow\"><\/div>\n\n\n\n<div class=\"wp-block-column is-layout-flow wp-block-column-is-layout-flow\"><\/div>\n<\/div>\n\n\n\n<p style=\"font-size:18px\">Contact us by email and you will get a reply as soon as possible !<\/p>\n\n\n\n<p style=\"font-size:18px\">Contacte-nous par mail \u00e0 <a href=\"mailto:CSR_2025-2026@groupes.epfl.ch\">CSR_2025-2026@groupes.epfl.ch<\/a><\/p>\n<\/div>\n\n\n\n<p style=\"font-size:18px\">If you would rather contact a member individually, here is the list :<\/p>\n\n\n\n<figure style=\"font-size:19px\" class=\"wp-block-table\"><table class=\"has-border-color has-nv-c-1-border-color has-fixed-layout\" style=\"border-width:2px\"><tbody><tr><td class=\"has-text-align-center\" data-align=\"center\">C\u00f4me Moinier<br><a href=\"mailto:come.moinier@epfl.ch\">come.moinier@epfl.ch<\/a><\/td><td class=\"has-text-align-center\" data-align=\"center\">Sarah Badr<br><a href=\"mailto:sarah.badr@epfl.ch\">sarah.badr@epfl.ch<\/a><\/td><td class=\"has-text-align-center\" data-align=\"center\">Tancredi Cogne<br><a href=\"mailto:tancredi.cogne@epfl.ch\">tancredi.cogne@epfl.ch<\/a><\/td><td class=\"has-text-align-center\" data-align=\"center\">Maya Trouvat<br><a href=\"mailto:maya.trouvat@epfl.ch\">maya.trouvat@epfl.ch<\/a><\/td><td class=\"has-text-align-center\" data-align=\"center\">Julie Varupenne<br><a href=\"mailto:julie.varupenne@epfl.ch\">julie.varupenne@epfl.ch<\/a><\/td><\/tr><\/tbody><\/table><\/figure>\n\n\n\n\n\n<p><\/p>\n\n\n\n<p><\/p>\n\n\n\n<p><\/p>","protected":false},"excerpt":{"rendered":"<p>\u00c0 ta disposition pour t&rsquo;\u00e9couter et d&rsquo;aider ! La CSR est un organe consultatif de l\u2019AGEPoly qui est l\u00e0 si tu as besoin d\u2019aide, ou juste si tu as besoin de parler \u00e0 quelqu\u2019un. La CSR est une porte d\u2019entr\u00e9e vers les syst\u00e8mes professionnels, internes \u00e0 l\u2019EPFL, ou externes pour t\u2019aider dans tes d\u00e9marches. Actuellement,&hellip;&nbsp;<a href=\"https:\/\/agepoly.ch\/en\/cellule-soutien-et-respect\/\" class=\"\" rel=\"bookmark\">Read More &raquo;<span class=\"screen-reader-text\">Support and Respect Cell<\/span><\/a><\/p>","protected":false},"author":1,"featured_media":0,"parent":0,"menu_order":0,"comment_status":"closed","ping_status":"closed","template":"","meta":{"neve_meta_sidebar":"","neve_meta_container":"","neve_meta_enable_content_width":"","neve_meta_content_width":0,"neve_meta_title_alignment":"","neve_meta_author_avatar":"","neve_post_elements_order":"","neve_meta_disable_header":"","neve_meta_disable_footer":"","neve_meta_disable_title":"","_themeisle_gutenberg_block_has_review":false,"footnotes":""},"class_list":["post-2668","page","type-page","status-publish","hentry"],"_links":{"self":[{"href":"https:\/\/agepoly.ch\/en\/wp-json\/wp\/v2\/pages\/2668","targetHints":{"allow":["GET"]}}],"collection":[{"href":"https:\/\/agepoly.ch\/en\/wp-json\/wp\/v2\/pages"}],"about":[{"href":"https:\/\/agepoly.ch\/en\/wp-json\/wp\/v2\/types\/page"}],"author":[{"embeddable":true,"href":"https:\/\/agepoly.ch\/en\/wp-json\/wp\/v2\/users\/1"}],"replies":[{"embeddable":true,"href":"https:\/\/agepoly.ch\/en\/wp-json\/wp\/v2\/comments?post=2668"}],"version-history":[{"count":9,"href":"https:\/\/agepoly.ch\/en\/wp-json\/wp\/v2\/pages\/2668\/revisions"}],"predecessor-version":[{"id":2711,"href":"https:\/\/agepoly.ch\/en\/wp-json\/wp\/v2\/pages\/2668\/revisions\/2711"}],"wp:attachment":[{"href":"https:\/\/agepoly.ch\/en\/wp-json\/wp\/v2\/media?parent=2668"}],"curies":[{"name":"wp","href":"https:\/\/api.w.org\/{rel}","templated":true}]}}