{"id":2723,"date":"2025-12-01T16:57:07","date_gmt":"2025-12-01T15:57:07","guid":{"rendered":"https:\/\/agepoly.ch\/?page_id=2723"},"modified":"2025-12-01T16:58:37","modified_gmt":"2025-12-01T15:58:37","slug":"assurances","status":"publish","type":"page","link":"https:\/\/agepoly.ch\/en\/services\/assurances\/","title":{"rendered":"Insurances"},"content":{"rendered":"<p>Si tu souhaites explorer l&rsquo;une des diff\u00e9rentes options d&rsquo;assurance disponibles en Suisse, tu peux venir \u00e0 nos permanences pour poser tes questions! <br><br><strong>Horaires:<\/strong> Tous les mardis, de 9h \u00e0 16h<br><\/p>\n\n\n\n<div class=\"wp-block-buttons is-layout-flex wp-block-buttons-is-layout-flex\">\n<div class=\"wp-block-button\"><a class=\"wp-block-button__link has-background wp-element-button\" href=\"https:\/\/plan.epfl.ch\/?room==RLC%20A1%20320\" style=\"background-color:#f24878\">GO THERE<\/a><\/div>\n<\/div>\n\n\n\n<div style=\"height:64px\" aria-hidden=\"true\" class=\"wp-block-spacer\"><\/div>\n\n\n\n<p>Tu peux aussi les contacter en tout temps \u00e0 <a href=\"mailto:assurances@agepoly.ch\">assurances@agepoly.ch<\/a>.<\/p>\n\n\n\n<h2 class=\"wp-block-heading\">FAQ<\/h2>\n\n\n\n<p><em>(\u00e0 venir \ud83d\udea7)<\/em><\/p>","protected":false},"excerpt":{"rendered":"<p>Si tu souhaites explorer l&rsquo;une des diff\u00e9rentes options d&rsquo;assurance disponibles en Suisse, tu peux venir \u00e0 nos permanences pour poser tes questions! Horaires: Tous les mardis, de 9h \u00e0 16h Tu peux aussi les contacter en tout temps \u00e0 assurances@agepoly.ch. FAQ (\u00e0 venir \ud83d\udea7)<\/p>","protected":false},"author":1,"featured_media":0,"parent":13,"menu_order":0,"comment_status":"closed","ping_status":"closed","template":"","meta":{"neve_meta_sidebar":"","neve_meta_container":"","neve_meta_enable_content_width":"","neve_meta_content_width":0,"neve_meta_title_alignment":"","neve_meta_author_avatar":"","neve_post_elements_order":"","neve_meta_disable_header":"","neve_meta_disable_footer":"","neve_meta_disable_title":"","_themeisle_gutenberg_block_has_review":false,"footnotes":""},"class_list":["post-2723","page","type-page","status-publish","hentry"],"_links":{"self":[{"href":"https:\/\/agepoly.ch\/en\/wp-json\/wp\/v2\/pages\/2723","targetHints":{"allow":["GET"]}}],"collection":[{"href":"https:\/\/agepoly.ch\/en\/wp-json\/wp\/v2\/pages"}],"about":[{"href":"https:\/\/agepoly.ch\/en\/wp-json\/wp\/v2\/types\/page"}],"author":[{"embeddable":true,"href":"https:\/\/agepoly.ch\/en\/wp-json\/wp\/v2\/users\/1"}],"replies":[{"embeddable":true,"href":"https:\/\/agepoly.ch\/en\/wp-json\/wp\/v2\/comments?post=2723"}],"version-history":[{"count":3,"href":"https:\/\/agepoly.ch\/en\/wp-json\/wp\/v2\/pages\/2723\/revisions"}],"predecessor-version":[{"id":2726,"href":"https:\/\/agepoly.ch\/en\/wp-json\/wp\/v2\/pages\/2723\/revisions\/2726"}],"up":[{"embeddable":true,"href":"https:\/\/agepoly.ch\/en\/wp-json\/wp\/v2\/pages\/13"}],"wp:attachment":[{"href":"https:\/\/agepoly.ch\/en\/wp-json\/wp\/v2\/media?parent=2723"}],"curies":[{"name":"wp","href":"https:\/\/api.w.org\/{rel}","templated":true}]}}