{"id":2828,"date":"2026-02-11T10:32:49","date_gmt":"2026-02-11T09:32:49","guid":{"rendered":"https:\/\/agepoly.ch\/?page_id=2828"},"modified":"2026-02-11T10:32:50","modified_gmt":"2026-02-11T09:32:50","slug":"candidatures-election-complementaire-comite-de-direction","status":"publish","type":"page","link":"https:\/\/agepoly.ch\/en\/candidatures-election-complementaire-comite-de-direction\/","title":{"rendered":"Candidatures pour \u00c9lection Compl\u00e9mentaire au Comit\u00e9 de Direction"},"content":{"rendered":"<p>Suite \u00e0 la d\u00e9mission du Responsable Pr\u00e9vention,<strong>\u00a0<\/strong>il est important d\u2019\u00e9lire une nouvelle personne pour remplir cette mission.<\/p>\n\n\n\n<div class=\"wp-block-buttons alignwide has-custom-font-size has-medium-font-size is-content-justification-center is-layout-flex wp-container-core-buttons-is-layout-16018d1d wp-block-buttons-is-layout-flex\">\n<div class=\"wp-block-button is-style-primary\"><a class=\"wp-block-button__link has-nv-site-bg-color has-text-color has-link-color has-medium-font-size has-custom-font-size wp-element-button\" style=\"border-radius:14px\">Candidate par mail \u00e0 comite@agepoly.ch<\/a><\/div>\n<\/div>\n\n\n\n<div style=\"height:20px\" aria-hidden=\"true\" class=\"wp-block-spacer\"><\/div>\n\n\n\n<p><\/p>\n\n\n\n<div class=\"wp-block-group\"><div class=\"wp-block-group__inner-container is-layout-constrained wp-block-group-is-layout-constrained\">\n<div class=\"wp-block-group\"><div class=\"wp-block-group__inner-container is-layout-constrained wp-block-group-is-layout-constrained\">\n<h2 class=\"wp-block-heading\">Head of Prevention<\/h2>\n\n\n\n<div class=\"wp-block-group\"><div class=\"wp-block-group__inner-container is-layout-constrained wp-block-group-is-layout-constrained\">\n<p><em><em><em>Conducts various prevention initiatives; their role is a mix of services, activities, and representation. They provide the student community with prevention materials, events, and training for associations. They organize events and projects that promote prevention. They participate in the school's discussions and projects related to prevention.<\/em><\/em><\/em><\/p>\n\n\n\n<p>If you would like to know more, feel free to send an email to\u00a0<a href=\"mailto:prevention@agepoly.ch\">prevention@agepoly.ch<\/a>.<\/p>\n\n\n\n<div class=\"wp-block-columns is-layout-flex wp-container-core-columns-is-layout-9d6595d7 wp-block-columns-is-layout-flex\">\n<div class=\"wp-block-column is-layout-flow wp-block-column-is-layout-flow\"><\/div>\n\n\n\n<div class=\"wp-block-column is-layout-flow wp-block-column-is-layout-flow\">\n<div class=\"wp-block-cover\" style=\"border-radius:14px;padding-top:var(--wp--preset--spacing--40);padding-right:var(--wp--preset--spacing--50);padding-bottom:0;padding-left:var(--wp--preset--spacing--50)\"><span aria-hidden=\"true\" class=\"wp-block-cover__background has-nv-light-bg-background-color has-background-dim-100 has-background-dim\"><\/span><div class=\"wp-block-cover__inner-container is-layout-constrained wp-container-core-cover-is-layout-bbf4f3c3 wp-block-cover-is-layout-constrained\">\n<figure class=\"wp-block-image size-full is-resized is-style-rounded\"><img loading=\"lazy\" decoding=\"async\" width=\"2000\" height=\"2000\" src=\"https:\/\/agepoly.ch\/wp-content\/uploads\/2025\/11\/prev.png\" alt=\"\" class=\"wp-image-2670\" style=\"width:333px;height:auto\" srcset=\"https:\/\/agepoly.ch\/wp-content\/uploads\/2025\/11\/prev.png 2000w, https:\/\/agepoly.ch\/wp-content\/uploads\/2025\/11\/prev-300x300.png 300w, https:\/\/agepoly.ch\/wp-content\/uploads\/2025\/11\/prev-1024x1024.png 1024w, https:\/\/agepoly.ch\/wp-content\/uploads\/2025\/11\/prev-150x150.png 150w, https:\/\/agepoly.ch\/wp-content\/uploads\/2025\/11\/prev-768x768.png 768w, https:\/\/agepoly.ch\/wp-content\/uploads\/2025\/11\/prev-1536x1536.png 1536w, https:\/\/agepoly.ch\/wp-content\/uploads\/2025\/11\/prev-12x12.png 12w\" sizes=\"auto, (max-width: 2000px) 100vw, 2000px\" \/><\/figure>\n\n\n\n<div style=\"height:31px\" aria-hidden=\"true\" class=\"wp-block-spacer\"><\/div>\n\n\n\n<div class=\"wp-block-buttons has-custom-font-size has-large-font-size is-layout-flex wp-block-buttons-is-layout-flex\">\n<div class=\"wp-block-button has-custom-width wp-block-button__width-100 is-style-primary\"><a class=\"wp-block-button__link has-nv-site-bg-color has-text-color has-link-color has-medium-font-size has-custom-font-size wp-element-button\" href=\"https:\/\/people.epfl.ch\/jacopo.moretti\" style=\"border-style:none;border-width:0px;border-radius:25px;padding-top:var(--wp--preset--spacing--40);padding-right:0;padding-bottom:var(--wp--preset--spacing--40);padding-left:0;font-style:normal;font-weight:700\">Zo\u00e9 Noble<\/a><\/div>\n<\/div>\n\n\n\n<div id=\"wp-block-themeisle-blocks-accordion-91f11c1b\" class=\"wp-block-themeisle-blocks-accordion exclusive has-light-title-bg has-light-active-title-bg has-light-content-bg\">\n<details class=\"wp-block-themeisle-blocks-accordion-item\"><summary class=\"wp-block-themeisle-blocks-accordion-item__title\"><div>A little word \ud83e\udeb6<\/div><\/summary><div class=\"wp-block-themeisle-blocks-accordion-item__content\">\n<p>Pr\u00e9sentation<\/p>\n<\/div><\/details>\n<\/div>\n\n\n\n<div style=\"height:0px\" aria-hidden=\"true\" class=\"wp-block-spacer\"><\/div>\n\n\n\n<p class=\"has-text-align-center has-neve-text-color-color has-text-color has-link-color has-medium-font-size wp-elements-46182d6962b19a3d9ea532755bcd7766\"><em>Any questions? It\u2019s here \ud83d\udc47<\/em><\/p>\n\n\n\n<div class=\"wp-block-columns is-layout-flex wp-container-core-columns-is-layout-9d6595d7 wp-block-columns-is-layout-flex\">\n<div class=\"wp-block-column is-layout-flow wp-block-column-is-layout-flow\"><div class=\"wp-block-image\">\n<figure class=\"aligncenter size-full is-resized\"><a href=\"\/en\/zoe.noble@epfl.ch\/\"><img loading=\"lazy\" decoding=\"async\" width=\"320\" height=\"320\" src=\"https:\/\/agepoly.ch\/wp-content\/uploads\/2025\/03\/mail-envelope-symbol-logo-png_seeklogo-254303.png\" alt=\"\" class=\"wp-image-1068\" style=\"width:70px\" srcset=\"https:\/\/agepoly.ch\/wp-content\/uploads\/2025\/03\/mail-envelope-symbol-logo-png_seeklogo-254303.png 320w, https:\/\/agepoly.ch\/wp-content\/uploads\/2025\/03\/mail-envelope-symbol-logo-png_seeklogo-254303-300x300.png 300w, https:\/\/agepoly.ch\/wp-content\/uploads\/2025\/03\/mail-envelope-symbol-logo-png_seeklogo-254303-150x150.png 150w, https:\/\/agepoly.ch\/wp-content\/uploads\/2025\/03\/mail-envelope-symbol-logo-png_seeklogo-254303-12x12.png 12w\" sizes=\"auto, (max-width: 320px) 100vw, 320px\" \/><\/a><\/figure><\/div><\/div>\n\n\n\n<div class=\"wp-block-column is-layout-flow wp-block-column-is-layout-flow\"><div class=\"wp-block-image\">\n<figure class=\"aligncenter size-large is-resized\"><a href=\"https:\/\/t.me\/zoe_noble\"><img loading=\"lazy\" decoding=\"async\" width=\"1024\" height=\"1024\" src=\"https:\/\/agepoly.ch\/wp-content\/uploads\/2024\/09\/Telegram_logo.svg-1024x1024.png\" alt=\"\" class=\"wp-image-545\" style=\"width:70px\" srcset=\"https:\/\/agepoly.ch\/wp-content\/uploads\/2024\/09\/Telegram_logo.svg-1024x1024.png 1024w, https:\/\/agepoly.ch\/wp-content\/uploads\/2024\/09\/Telegram_logo.svg-300x300.png 300w, https:\/\/agepoly.ch\/wp-content\/uploads\/2024\/09\/Telegram_logo.svg-150x150.png 150w, https:\/\/agepoly.ch\/wp-content\/uploads\/2024\/09\/Telegram_logo.svg-768x768.png 768w, https:\/\/agepoly.ch\/wp-content\/uploads\/2024\/09\/Telegram_logo.svg-12x12.png 12w, https:\/\/agepoly.ch\/wp-content\/uploads\/2024\/09\/Telegram_logo.svg.png 1200w\" sizes=\"auto, (max-width: 1024px) 100vw, 1024px\" \/><\/a><\/figure><\/div><\/div>\n<\/div>\n<\/div><\/div>\n<\/div>\n\n\n\n<div class=\"wp-block-column is-layout-flow wp-block-column-is-layout-flow\"><\/div>\n<\/div>\n<\/div><\/div>\n\n\n\n<div class=\"wp-block-group\"><div class=\"wp-block-group__inner-container is-layout-constrained wp-block-group-is-layout-constrained\"><\/div><\/div>\n<\/div><\/div>\n<\/div><\/div>\n\n\n\n<div class=\"wp-block-columns is-layout-flex wp-container-core-columns-is-layout-9d6595d7 wp-block-columns-is-layout-flex\">\n<div class=\"wp-block-column is-layout-flow wp-block-column-is-layout-flow\">\n<div class=\"wp-block-columns is-layout-flex wp-container-core-columns-is-layout-9d6595d7 wp-block-columns-is-layout-flex\">\n<div class=\"wp-block-column is-layout-flow wp-block-column-is-layout-flow\" style=\"flex-basis:33.33%\"><\/div>\n\n\n\n<div class=\"wp-block-column is-layout-flow wp-block-column-is-layout-flow\" style=\"flex-basis:66.66%\"><\/div>\n<\/div>\n<\/div>\n\n\n\n<div class=\"wp-block-column is-layout-flow wp-block-column-is-layout-flow\">\n<div class=\"wp-block-columns is-layout-flex wp-container-core-columns-is-layout-9d6595d7 wp-block-columns-is-layout-flex\">\n<div class=\"wp-block-column is-layout-flow wp-block-column-is-layout-flow\" style=\"flex-basis:66.66%\"><\/div>\n\n\n\n<div class=\"wp-block-column is-layout-flow wp-block-column-is-layout-flow\" style=\"flex-basis:33.33%\"><\/div>\n<\/div>\n<\/div>\n<\/div>","protected":false},"excerpt":{"rendered":"<p>Suite \u00e0 la d\u00e9mission du Responsable Pr\u00e9vention,\u00a0il est important d\u2019\u00e9lire une nouvelle personne pour remplir cette mission. Responsable Pr\u00e9vention M\u00e8ne diverses actions de pr\u00e9vention, son r\u00f4le est un mix entre services, animation et repr\u00e9sentation. Mise \u00e0 disposition \u00e0 la communaut\u00e9 estudiantine de mat\u00e9riel de pr\u00e9vention, \u00e9v\u00e8nements et formations pour les associations. Organisation d&rsquo;\u00e9v\u00e8nements et projets&hellip;&nbsp;<a href=\"https:\/\/agepoly.ch\/en\/candidatures-election-complementaire-comite-de-direction\/\" class=\"\" rel=\"bookmark\">Read More &raquo;<span class=\"screen-reader-text\">Candidatures pour \u00c9lection Compl\u00e9mentaire au Comit\u00e9 de Direction<\/span><\/a><\/p>","protected":false},"author":1,"featured_media":0,"parent":0,"menu_order":0,"comment_status":"closed","ping_status":"closed","template":"","meta":{"neve_meta_sidebar":"","neve_meta_container":"","neve_meta_enable_content_width":"","neve_meta_content_width":0,"neve_meta_title_alignment":"","neve_meta_author_avatar":"","neve_post_elements_order":"","neve_meta_disable_header":"","neve_meta_disable_footer":"","neve_meta_disable_title":"","_themeisle_gutenberg_block_has_review":false,"footnotes":""},"class_list":["post-2828","page","type-page","status-publish","hentry"],"_links":{"self":[{"href":"https:\/\/agepoly.ch\/en\/wp-json\/wp\/v2\/pages\/2828","targetHints":{"allow":["GET"]}}],"collection":[{"href":"https:\/\/agepoly.ch\/en\/wp-json\/wp\/v2\/pages"}],"about":[{"href":"https:\/\/agepoly.ch\/en\/wp-json\/wp\/v2\/types\/page"}],"author":[{"embeddable":true,"href":"https:\/\/agepoly.ch\/en\/wp-json\/wp\/v2\/users\/1"}],"replies":[{"embeddable":true,"href":"https:\/\/agepoly.ch\/en\/wp-json\/wp\/v2\/comments?post=2828"}],"version-history":[{"count":1,"href":"https:\/\/agepoly.ch\/en\/wp-json\/wp\/v2\/pages\/2828\/revisions"}],"predecessor-version":[{"id":2830,"href":"https:\/\/agepoly.ch\/en\/wp-json\/wp\/v2\/pages\/2828\/revisions\/2830"}],"wp:attachment":[{"href":"https:\/\/agepoly.ch\/en\/wp-json\/wp\/v2\/media?parent=2828"}],"curies":[{"name":"wp","href":"https:\/\/api.w.org\/{rel}","templated":true}]}}