{"id":3086,"date":"2026-04-20T22:20:39","date_gmt":"2026-04-20T21:20:39","guid":{"rendered":"https:\/\/agepoly.ch\/?page_id=3086"},"modified":"2026-04-21T09:48:25","modified_gmt":"2026-04-21T08:48:25","slug":"decision-de-lassemblee-generale-extraordinaire-du-14-avril-2026","status":"publish","type":"page","link":"https:\/\/agepoly.ch\/en\/decision-de-lassemblee-generale-extraordinaire-du-14-avril-2026\/","title":{"rendered":"D\u00e9cision de l&rsquo;Assembl\u00e9e G\u00e9n\u00e9rale Extraordinaire du 14 avril 2026"},"content":{"rendered":"<p>On April 14, 2026, an Extraordinary General Assembly was convened following a campaign by a group of students who had gathered enough people to request its convening. The agenda was:<\/p>\n\n\n\n<ol class=\"wp-block-list\">\n<li>Welcome and explanation of how the General Assembly works<\/li>\n\n\n\n<li>Election of the scrutineers<\/li>\n\n\n\n<li>Support for the Palestinian cultural and academic boycott campaign &amp; promoting it at EPFL<\/li>\n\n\n\n<li>Commitment to defending the exercise of fundamental rights on campus and, in this vein, financial support for students facing criminal and disciplinary proceedings initiated by EPFL following the Vivapoly counter-demonstration<\/li>\n\n\n\n<li>Miscellaneous<\/li>\n<\/ol>\n\n\n\n<p>Monitoring the implementation of General Assembly decisions:<\/p>\n\n\n\n<ul class=\"wp-block-list\">\n<li>\u2705 Publication of the resolutions adopted by the General Assembly<\/li>\n\n\n\n<li>\u2705 Sending the positions to EPFL management <\/li>\n\n\n\n<li>\u2705 Submission of positions to Gina Romero, UN Special Rapporteur<\/li>\n\n\n\n<li>\u2705 Send the positions to Amnesty International<\/li>\n\n\n\n<li>Position statement on the revision of the Directive on the Recognition of Student Associations by EPFL (LEX 8.2.1), the Directive on the Recognition of Student Associations by EPFL (LEX 8.3.1), as well as the implementation of Regulations on the Use of EPFL Premises and Outdoor Spaces (LEX 7.1.4), requesting that they be brought into compliance with Swiss law. <\/li>\n\n\n\n<li>Publication of a semi-annual report on progress made on these demands. <\/li>\n<\/ul>\n\n\n\n<div id=\"wp-block-themeisle-blocks-progress-bar-e2c37785\" class=\"wp-block-themeisle-blocks-progress-bar\" data-percent=\"67\" data-duration=\"2\"><div class=\"wp-block-themeisle-blocks-progress-bar__area\"><div class=\"wp-block-themeisle-blocks-progress-bar__area__title\"><span>Progress<\/span><\/div><div class=\"wp-block-themeisle-blocks-progress-bar__area__bar\"><\/div><div class=\"wp-block-themeisle-blocks-progress-bar__progress wp-block-themeisle-blocks-progress-bar__number\">67%<\/div><\/div><\/div>\n\n\n\n<div class=\"wp-block-columns is-layout-flex wp-container-core-columns-is-layout-9d6595d7 wp-block-columns-is-layout-flex\">\n<div class=\"wp-block-column is-layout-flow wp-block-column-is-layout-flow\">\n<div class=\"wp-block-columns is-layout-flex wp-container-core-columns-is-layout-9d6595d7 wp-block-columns-is-layout-flex\">\n<div class=\"wp-block-column is-layout-flow wp-block-column-is-layout-flow\">\n<div class=\"wp-block-cover has-nv-site-bg-color has-text-color has-link-color has-medium-font-size wp-elements-0508b8a2414695a83341ce71c974433f wp-duotone-unset-1\" style=\"border-radius:14px;padding-top:var(--wp--preset--spacing--40);padding-right:var(--wp--preset--spacing--50);padding-bottom:0;padding-left:var(--wp--preset--spacing--50);min-height:272px;aspect-ratio:unset;\"><span aria-hidden=\"true\" class=\"wp-block-cover__background has-neve-link-color-background-color has-background-dim-100 has-background-dim\"><\/span><div class=\"wp-block-cover__inner-container is-layout-constrained wp-container-core-cover-is-layout-bbf4f3c3 wp-block-cover-is-layout-constrained\">\n<p class=\"has-medium-font-size\" style=\"font-style:normal;font-weight:700\">Position on collaborations with Israeli institutions.<\/p>\n\n\n\n<div class=\"wp-block-buttons is-layout-flex wp-block-buttons-is-layout-flex\">\n<div class=\"wp-block-button has-custom-width wp-block-button__width-100\"><a class=\"wp-block-button__link wp-element-button\" href=\"https:\/\/go.agepoly.ch\/decisions-age\">You can find the position here<\/a><\/div>\n<\/div>\n\n\n\n<div style=\"height:0px\" aria-hidden=\"true\" class=\"wp-block-spacer\"><\/div>\n<\/div><\/div>\n<\/div>\n\n\n\n<div class=\"wp-block-column is-layout-flow wp-block-column-is-layout-flow\">\n<div class=\"wp-block-cover has-nv-site-bg-color has-text-color has-link-color has-medium-font-size wp-elements-5661931e9dc054966ff6cbcd4daaf20a wp-duotone-unset-2\" style=\"border-radius:14px;padding-top:var(--wp--preset--spacing--40);padding-right:var(--wp--preset--spacing--50);padding-bottom:0;padding-left:var(--wp--preset--spacing--50);min-height:280px;aspect-ratio:unset;\"><span aria-hidden=\"true\" class=\"wp-block-cover__background has-neve-link-color-background-color has-background-dim-100 has-background-dim\"><\/span><div class=\"wp-block-cover__inner-container is-layout-constrained wp-container-core-cover-is-layout-bbf4f3c3 wp-block-cover-is-layout-constrained\">\n<p class=\"has-medium-font-size\" style=\"font-style:normal;font-weight:700\">Position on the exercise of fundamental rights on campus.<\/p>\n\n\n\n<div class=\"wp-block-buttons is-layout-flex wp-block-buttons-is-layout-flex\">\n<div class=\"wp-block-button\"><a class=\"wp-block-button__link wp-element-button\" href=\"http:\/\/go.agepoly.ch\/decisions-age\">You can find the position here<\/a><\/div>\n<\/div>\n\n\n\n<div style=\"height:0px\" aria-hidden=\"true\" class=\"wp-block-spacer\"><\/div>\n<\/div><\/div>\n<\/div>\n<\/div>\n<\/div>\n\n\n\n<div class=\"wp-block-column is-layout-flow wp-block-column-is-layout-flow\">\n<div class=\"wp-block-columns is-layout-flex wp-container-core-columns-is-layout-9d6595d7 wp-block-columns-is-layout-flex\">\n<div class=\"wp-block-column is-layout-flow wp-block-column-is-layout-flow\">\n<div class=\"wp-block-cover has-nv-site-bg-color has-text-color has-link-color has-medium-font-size wp-elements-3bad4e25ba9d201d0f3b18ccefe1ff27 wp-duotone-unset-3\" style=\"border-radius:14px;padding-top:var(--wp--preset--spacing--40);padding-right:var(--wp--preset--spacing--50);padding-bottom:0;padding-left:var(--wp--preset--spacing--50);min-height:272px;aspect-ratio:unset;\"><span aria-hidden=\"true\" class=\"wp-block-cover__background has-neve-link-color-background-color has-background-dim-100 has-background-dim\"><\/span><div class=\"wp-block-cover__inner-container is-layout-constrained wp-container-core-cover-is-layout-bbf4f3c3 wp-block-cover-is-layout-constrained\">\n<p class=\"has-medium-font-size\" style=\"font-style:normal;font-weight:700\">AGEPoly\u2019s Position Statement on LEX 8.2.1, 8.3.1, and 7.1.4.<br><\/p>\n\n\n\n<div class=\"wp-block-buttons is-layout-flex wp-block-buttons-is-layout-flex\">\n<div class=\"wp-block-button\"><a class=\"wp-block-button__link wp-element-button\">Not available yet<\/a><\/div>\n<\/div>\n\n\n\n<div style=\"height:0px\" aria-hidden=\"true\" class=\"wp-block-spacer\"><\/div>\n<\/div><\/div>\n<\/div>\n\n\n\n<div class=\"wp-block-column is-layout-flow wp-block-column-is-layout-flow\">\n<div class=\"wp-block-cover has-nv-site-bg-color has-text-color has-link-color has-medium-font-size wp-elements-8c7bd7bb1159e3bfe62c1e51fc259dd1 wp-duotone-unset-4\" style=\"border-radius:14px;padding-top:var(--wp--preset--spacing--40);padding-right:var(--wp--preset--spacing--50);padding-bottom:0;padding-left:var(--wp--preset--spacing--50);min-height:272px;aspect-ratio:unset;\"><span aria-hidden=\"true\" class=\"wp-block-cover__background has-neve-link-color-background-color has-background-dim-100 has-background-dim\"><\/span><div class=\"wp-block-cover__inner-container is-layout-constrained wp-container-core-cover-is-layout-bbf4f3c3 wp-block-cover-is-layout-constrained\">\n<p class=\"has-medium-font-size\" style=\"font-style:normal;font-weight:700\">AGEPoly's semi-annual report on the demands made by the AGE on April 14. <\/p>\n\n\n\n<div class=\"wp-block-buttons is-layout-flex wp-block-buttons-is-layout-flex\">\n<div class=\"wp-block-button\"><a class=\"wp-block-button__link wp-element-button\">Not available yet<\/a><\/div>\n<\/div>\n\n\n\n<div style=\"height:0px\" aria-hidden=\"true\" class=\"wp-block-spacer\"><\/div>\n<\/div><\/div>\n<\/div>\n<\/div>\n<\/div>\n<\/div>\n\n\n\n<p><\/p>","protected":false},"excerpt":{"rendered":"<p>Le 14 avril 2026 une Assembl\u00e9e G\u00e9n\u00e9rale Extraordinaire a \u00e9t\u00e9 convoqu\u00e9e suite \u00e0 la mobilisation d&rsquo;un groupe d&rsquo;\u00e9tudiant\u00b7e\u00b7s ayant r\u00e9uni suffisamment de personnes pour demander sa tenue. L&rsquo;ordre du jour \u00e9tait : Suivi de l&rsquo;application des d\u00e9cisions de l&rsquo;AG:<\/p>","protected":false},"author":1,"featured_media":0,"parent":0,"menu_order":0,"comment_status":"closed","ping_status":"closed","template":"","meta":{"neve_meta_sidebar":"","neve_meta_container":"","neve_meta_enable_content_width":"","neve_meta_content_width":0,"neve_meta_title_alignment":"","neve_meta_author_avatar":"","neve_post_elements_order":"","neve_meta_disable_header":"","neve_meta_disable_footer":"","neve_meta_disable_title":"","_themeisle_gutenberg_block_has_review":false,"footnotes":""},"class_list":["post-3086","page","type-page","status-publish","hentry"],"_links":{"self":[{"href":"https:\/\/agepoly.ch\/en\/wp-json\/wp\/v2\/pages\/3086","targetHints":{"allow":["GET"]}}],"collection":[{"href":"https:\/\/agepoly.ch\/en\/wp-json\/wp\/v2\/pages"}],"about":[{"href":"https:\/\/agepoly.ch\/en\/wp-json\/wp\/v2\/types\/page"}],"author":[{"embeddable":true,"href":"https:\/\/agepoly.ch\/en\/wp-json\/wp\/v2\/users\/1"}],"replies":[{"embeddable":true,"href":"https:\/\/agepoly.ch\/en\/wp-json\/wp\/v2\/comments?post=3086"}],"version-history":[{"count":1,"href":"https:\/\/agepoly.ch\/en\/wp-json\/wp\/v2\/pages\/3086\/revisions"}],"predecessor-version":[{"id":3099,"href":"https:\/\/agepoly.ch\/en\/wp-json\/wp\/v2\/pages\/3086\/revisions\/3099"}],"wp:attachment":[{"href":"https:\/\/agepoly.ch\/en\/wp-json\/wp\/v2\/media?parent=3086"}],"curies":[{"name":"wp","href":"https:\/\/api.w.org\/{rel}","templated":true}]}}