{"id":548,"date":"2024-09-01T14:39:45","date_gmt":"2024-09-01T13:39:45","guid":{"rendered":"https:\/\/wp.agepoly.ch\/?page_id=548"},"modified":"2026-05-13T11:48:23","modified_gmt":"2026-05-13T10:48:23","slug":"representation","status":"publish","type":"page","link":"https:\/\/agepoly.ch\/en\/representation\/","title":{"rendered":"Representation"},"content":{"rendered":"\n<div class=\"wp-block-cover alignfull is-light\" style=\"min-height:300px;aspect-ratio:unset;\"><span aria-hidden=\"true\" class=\"wp-block-cover__background has-nv-site-bg-background-color has-background-dim-100 has-background-dim\"><\/span><div class=\"wp-block-cover__inner-container is-layout-flow wp-block-cover-is-layout-flow\">\n<div class=\"wp-block-group\"><div class=\"wp-block-group__inner-container is-layout-flow wp-block-group-is-layout-flow\">\n<h1 class=\"wp-block-heading has-text-align-left has-neve-text-color-color has-text-color\">Repr\u00e9sentation<\/h1>\n\n\n\n<p>Ici tu peux trouver ce que fait le p\u00f4le repr\u00e9sentation, ainsi que comment et pourquoi.<\/p>\n\n\n\n<h2 class=\"wp-block-heading alignwide\">Contenu \u00e0 la une<\/h2>\n\n\n<div class=\"alignwide is-style-boxed wp-block-themeisle-blocks-posts-grid\" id=\"wp-block-themeisle-blocks-posts-grid-d5b91dfc\"><div class=\"alignwide is-grid o-posts-grid-columns-3\"><div class=\"o-posts-grid-post-blog o-posts-grid-post-plain\"><div class=\"o-posts-grid-post\"><div class=\"o-posts-grid-post-body is-full\"><span class=\"o-posts-grid-post-category\"><a href=\"https:\/\/agepoly.ch\/en\/category\/representation\/2025-2026\/\">2025-2026<\/a><\/span><h4 class=\"o-posts-grid-post-title\"><a href=\"https:\/\/agepoly.ch\/en\/2026\/02\/24\/flourish\/\">FLourish<\/a><\/h4><p class=\"o-posts-grid-post-meta\">Posted on <time datetime=\"2026-02-24T11:48:17+01:00\">24\/02\/2026<\/time> <\/p><div class=\"o-posts-grid-post-description\"><p>R\u00e9forme du Bachelor &nbsp; Avec la nouvelle direction, viennent de nouvelles r\u00e9flexions dont la volont\u00e9 de r\u00e9former le Bachelor (incluant l\u2019ann\u00e9e prop\u00e9deutique) et l\u2019enseignement \u00e0 l\u2019EPFL. L\u2019AGEPoly te repr\u00e9sente dans tous les groupes de travail de cette r\u00e9forme.&nbsp; Le but de cette r\u00e9forme est d\u2019\u2026<\/p><a class=\"o-posts-read-more\" href=\"https:\/\/agepoly.ch\/en\/2026\/02\/24\/flourish\/\">Read More<\/a><\/div><\/div><\/div><\/div><\/div> <\/div><\/div><\/div>\n\n\n\n<div style=\"height:100px\" aria-hidden=\"true\" class=\"wp-block-spacer\"><\/div>\n<\/div><\/div>\n\n\n\n<div class=\"wp-block-cover alignfull is-light\" style=\"min-height:600px;aspect-ratio:unset;\"><span aria-hidden=\"true\" class=\"wp-block-cover__background has-nv-light-bg-background-color has-background-dim-100 has-background-dim\"><\/span><div class=\"wp-block-cover__inner-container is-layout-flow wp-block-cover-is-layout-flow\">\n<div class=\"wp-block-group\"><div class=\"wp-block-group__inner-container is-layout-flow wp-block-group-is-layout-flow\">\n<div style=\"height:80px\" aria-hidden=\"true\" class=\"wp-block-spacer\"><\/div>\n\n\n\n<div class=\"wp-block-columns are-vertically-aligned-center is-layout-flex wp-container-core-columns-is-layout-9d6595d7 wp-block-columns-is-layout-flex\">\n<div class=\"wp-block-column is-vertically-aligned-center is-layout-flow wp-block-column-is-layout-flow\" style=\"flex-basis:50%\">\n<figure class=\"wp-block-image size-full is-resized size-large\"><img loading=\"lazy\" decoding=\"async\" width=\"2000\" height=\"2000\" src=\"https:\/\/agepoly.ch\/wp-content\/uploads\/2024\/08\/comm-entier.png\" alt=\"\" class=\"wp-image-165\" style=\"width:562px;height:auto\" srcset=\"https:\/\/agepoly.ch\/wp-content\/uploads\/2024\/08\/comm-entier.png 2000w, https:\/\/agepoly.ch\/wp-content\/uploads\/2024\/08\/comm-entier-300x300.png 300w, https:\/\/agepoly.ch\/wp-content\/uploads\/2024\/08\/comm-entier-1024x1024.png 1024w, https:\/\/agepoly.ch\/wp-content\/uploads\/2024\/08\/comm-entier-150x150.png 150w, https:\/\/agepoly.ch\/wp-content\/uploads\/2024\/08\/comm-entier-768x768.png 768w, https:\/\/agepoly.ch\/wp-content\/uploads\/2024\/08\/comm-entier-1536x1536.png 1536w, https:\/\/agepoly.ch\/wp-content\/uploads\/2024\/08\/comm-entier-12x12.png 12w\" sizes=\"(max-width: 2000px) 100vw, 2000px\" \/><\/figure>\n<\/div>\n\n\n\n<div class=\"wp-block-column is-vertically-aligned-center is-layout-flow wp-block-column-is-layout-flow\" style=\"flex-basis:50%\">\n<h2 class=\"wp-block-heading has-neve-text-color-color has-text-color\">Dossiers de repr\u00e9sentation en cours<\/h2>\n\n\n\n<p>Tu peux lire nos articles qui d\u00e9crivent nos projets en cours. En voici les plus r\u00e9cents.<\/p>\n\n\n<div class=\"is-style-boxed wp-block-themeisle-blocks-posts-grid\" id=\"wp-block-themeisle-blocks-posts-grid-4a41de8b\"><div class=\"is-grid o-posts-grid-columns-2\"><div class=\"o-posts-grid-post-blog o-posts-grid-post-plain\"><div class=\"o-posts-grid-post\"><div class=\"o-posts-grid-post-body is-full\"><span class=\"o-posts-grid-post-category\"><a href=\"https:\/\/agepoly.ch\/en\/category\/representation\/2025-2026\/\">2025-2026<\/a><\/span><h4 class=\"o-posts-grid-post-title\"><a href=\"https:\/\/agepoly.ch\/en\/2026\/02\/24\/flourish\/\">FLourish<\/a><\/h4><p class=\"o-posts-grid-post-meta\">Posted on <time datetime=\"2026-02-24T11:48:17+01:00\">24\/02\/2026<\/time> <\/p><div class=\"o-posts-grid-post-description\"><p>R\u00e9forme du Bachelor &nbsp; Avec la nouvelle direction, viennent de nouvelles r\u00e9flexions dont la volont\u00e9 de r\u00e9former le Bachelor (incluant l\u2019ann\u00e9e prop\u00e9deutique) et l\u2019enseignement \u00e0 l\u2019EPFL. L\u2019AGEPoly te repr\u00e9sente dans tous les groupes de travail de cette r\u00e9forme.&nbsp; Le but de cette r\u00e9forme est d\u2019\u2026<\/p><a class=\"o-posts-read-more\" href=\"https:\/\/agepoly.ch\/en\/2026\/02\/24\/flourish\/\">Read More<\/a><\/div><\/div><\/div><\/div><div class=\"o-posts-grid-post-blog o-posts-grid-post-plain\"><div class=\"o-posts-grid-post\"><div class=\"o-posts-grid-post-body is-full\"><span class=\"o-posts-grid-post-category\"><a href=\"https:\/\/agepoly.ch\/en\/category\/representation\/2025-2026\/\">2025-2026<\/a><\/span><h4 class=\"o-posts-grid-post-title\"><a href=\"https:\/\/agepoly.ch\/en\/2026\/02\/06\/augmentation-taxes-d-etudes\/\">Augmentation des taxes d&rsquo;\u00e9tudes<\/a><\/h4><p class=\"o-posts-grid-post-meta\">Posted on <time datetime=\"2026-02-06T10:50:09+01:00\">06\/02\/2026<\/time> <\/p><div class=\"o-posts-grid-post-description\"><p>Janvier 2026 Notre voix fonctionne ! Le Conseil des Etats d\u00e9cide de r\u00e9duire de moiti\u00e9 (en moyenne) les coupures budg\u00e9taires qui \u00e9taient pr\u00e9vues pour le domaine FRI. Le Domaine des EPF, par exemple, passe de coupures de -78 millions \u00e0 -11 millions de CHF [D\u00e9cision du Conseil des \u00c9tats du 17 et 18 d\u00e9c\u2026<\/p><a class=\"o-posts-read-more\" href=\"https:\/\/agepoly.ch\/en\/2026\/02\/06\/augmentation-taxes-d-etudes\/\">Read More<\/a><\/div><\/div><\/div><\/div><\/div> <\/div>\n\n\n<div style=\"height:50px\" aria-hidden=\"true\" class=\"wp-block-spacer\"><\/div>\n\n\n\n<div class=\"wp-block-buttons is-layout-flex wp-block-buttons-is-layout-flex\">\n<div class=\"wp-block-button\"><a class=\"wp-block-button__link has-background wp-element-button\" href=\"https:\/\/agepoly.ch\/dossiers-en-cours\/\" style=\"background-color:#f24878\">VOIR TOUS LES DOSSIERS!<\/a><\/div>\n<\/div>\n<\/div>\n<\/div>\n\n\n\n<div style=\"height:40px\" aria-hidden=\"true\" class=\"wp-block-spacer\"><\/div>\n<\/div><\/div>\n<\/div><\/div>\n\n\n\n<div class=\"wp-block-cover alignfull is-light\" style=\"min-height:600px;aspect-ratio:unset;\"><span aria-hidden=\"true\" class=\"wp-block-cover__background has-nv-dark-bg-background-color has-background-dim-100 has-background-dim\"><\/span><div class=\"wp-block-cover__inner-container is-layout-flow wp-block-cover-is-layout-flow\">\n<div class=\"wp-block-group\"><div class=\"wp-block-group__inner-container is-layout-flow wp-block-group-is-layout-flow\">\n<div style=\"height:80px\" aria-hidden=\"true\" class=\"wp-block-spacer\"><\/div>\n\n\n\n<div class=\"wp-block-columns are-vertically-aligned-center is-layout-flex wp-container-core-columns-is-layout-9d6595d7 wp-block-columns-is-layout-flex\">\n<div class=\"wp-block-column is-vertically-aligned-center is-layout-flow wp-block-column-is-layout-flow\" style=\"flex-basis:50%\">\n<h2 class=\"wp-block-heading has-nv-text-dark-bg-color has-text-color\">Structure de la repr\u00e9sentation<\/h2>\n\n\n\n<p class=\"has-nv-site-bg-color has-text-color has-link-color wp-elements-3af3efdd7a8b15d55264d1578860bcb3\">La repr\u00e9sentation estudiantine \u00e0 l\u2019EPFL commence avec les d\u00e9l\u00e9gu\u00e9\u00b7e\u00b7s de classes, qui \u00e9tablissent un contact direct entre les \u00e9tudiant\u00b7e\u00b7s, les enseignant\u00b7e\u00b7s, et les sections. L\u2019AGEPoly s\u2019occupe d\u2019appuyer, coordonner, former et informer la d\u00e9l\u00e9gation \u00e0 travers plusieurs organes et r\u00e9unions.<\/p>\n\n\n\n<div class=\"wp-block-buttons is-layout-flex wp-block-buttons-is-layout-flex\">\n<div class=\"wp-block-button is-style-primary\"><a class=\"wp-block-button__link has-nv-site-bg-color has-text-color has-link-color wp-element-button\" href=\"https:\/\/agepoly.ch\/structure-representation\/\">EN SAVOIR PLUS<\/a><\/div>\n<\/div>\n\n\n\n<div style=\"height:20px\" aria-hidden=\"true\" class=\"wp-block-spacer\"><\/div>\n<\/div>\n\n\n\n<div class=\"wp-block-column is-vertically-aligned-center is-layout-flow wp-block-column-is-layout-flow\" style=\"flex-basis:50%\"><div class=\"wp-block-image\">\n<figure class=\"aligncenter size-full is-resized\"><img loading=\"lazy\" decoding=\"async\" width=\"976\" height=\"776\" src=\"https:\/\/agepoly.ch\/wp-content\/uploads\/2024\/08\/Reunion.png\" alt=\"\" class=\"wp-image-126\" style=\"width:343px;height:auto\" srcset=\"https:\/\/agepoly.ch\/wp-content\/uploads\/2024\/08\/Reunion.png 976w, https:\/\/agepoly.ch\/wp-content\/uploads\/2024\/08\/Reunion-300x239.png 300w, https:\/\/agepoly.ch\/wp-content\/uploads\/2024\/08\/Reunion-768x611.png 768w, https:\/\/agepoly.ch\/wp-content\/uploads\/2024\/08\/Reunion-15x12.png 15w\" sizes=\"(max-width: 976px) 100vw, 976px\" \/><\/figure><\/div><\/div>\n<\/div>\n\n\n\n<div style=\"height:40px\" aria-hidden=\"true\" class=\"wp-block-spacer\"><\/div>\n<\/div><\/div>\n<\/div><\/div>\n\n\n\n<div class=\"wp-block-cover alignfull is-light\" style=\"min-height:600px;aspect-ratio:unset;\"><span aria-hidden=\"true\" class=\"wp-block-cover__background has-nv-site-bg-background-color has-background-dim-100 has-background-dim\"><\/span><div class=\"wp-block-cover__inner-container is-layout-flow wp-block-cover-is-layout-flow\">\n<div class=\"wp-block-group\"><div class=\"wp-block-group__inner-container is-layout-flow wp-block-group-is-layout-flow\">\n<div style=\"height:80px\" aria-hidden=\"true\" class=\"wp-block-spacer\"><\/div>\n\n\n\n<div class=\"wp-block-columns are-vertically-aligned-center is-layout-flex wp-container-core-columns-is-layout-9d6595d7 wp-block-columns-is-layout-flex\">\n<div class=\"wp-block-column is-vertically-aligned-center is-layout-flow wp-block-column-is-layout-flow\" style=\"flex-basis:50%\">\n<figure class=\"wp-block-image size-full is-resized size-large\"><img loading=\"lazy\" decoding=\"async\" width=\"1000\" height=\"1000\" src=\"https:\/\/agepoly.ch\/wp-content\/uploads\/2024\/11\/Pouf.png\" alt=\"\" class=\"wp-image-955\" style=\"width:562px;height:auto\" srcset=\"https:\/\/agepoly.ch\/wp-content\/uploads\/2024\/11\/Pouf.png 1000w, https:\/\/agepoly.ch\/wp-content\/uploads\/2024\/11\/Pouf-300x300.png 300w, https:\/\/agepoly.ch\/wp-content\/uploads\/2024\/11\/Pouf-150x150.png 150w, https:\/\/agepoly.ch\/wp-content\/uploads\/2024\/11\/Pouf-768x768.png 768w, https:\/\/agepoly.ch\/wp-content\/uploads\/2024\/11\/Pouf-12x12.png 12w\" sizes=\"(max-width: 1000px) 100vw, 1000px\" \/><\/figure>\n<\/div>\n\n\n\n<div class=\"wp-block-column is-vertically-aligned-center is-layout-flow wp-block-column-is-layout-flow\" style=\"flex-basis:50%\">\n<h2 class=\"wp-block-heading has-neve-text-color-color has-text-color\">Les droits des \u00e9tudiant\u00b7e\u00b7s<\/h2>\n\n\n\n<p>En tant qu\u2019\u00e9tudiant\u00b7e il est trop fr\u00e9quent de ne pas \u00eatre au courant de ses droits, notamment pour les examens.<\/p>\n\n\n\n<div class=\"wp-block-buttons is-layout-flex wp-block-buttons-is-layout-flex\">\n<div class=\"wp-block-button is-style-primary\"><a class=\"wp-block-button__link has-nv-site-bg-color has-text-color has-link-color wp-element-button\" href=\"https:\/\/agepoly.ch\/faq-questions-sur-les-etudes\/\">EN SAVOIR PLUS<\/a><\/div>\n<\/div>\n<\/div>\n<\/div>\n\n\n\n<div style=\"height:40px\" aria-hidden=\"true\" class=\"wp-block-spacer\"><\/div>\n<\/div><\/div>\n<\/div><\/div>\n\n\n\n<div class=\"wp-block-cover alignfull is-light\" style=\"min-height:600px;aspect-ratio:unset;\"><span aria-hidden=\"true\" class=\"wp-block-cover__background has-nv-light-bg-background-color has-background-dim-100 has-background-dim\"><\/span><div class=\"wp-block-cover__inner-container is-layout-flow wp-block-cover-is-layout-flow\">\n<div class=\"wp-block-columns is-layout-flex wp-container-core-columns-is-layout-9d6595d7 wp-block-columns-is-layout-flex\">\n<div class=\"wp-block-column is-vertically-aligned-center is-layout-flow wp-block-column-is-layout-flow\">\n<h2 class=\"wp-block-heading has-neve-text-color-color has-text-color\">Contacts &amp; Informations<\/h2>\n\n\n\n<p><strong>Polysph\u00e8res<\/strong><\/p>\n\n\n\n<p>Les informations sur les Polysph\u00e8res sont <a href=\"https:\/\/agepoly.ch\/polyspheres\/\" data-type=\"link\" data-id=\"https:\/\/agepoly.ch\/polyspheres\/\">disponibles ici [lien]<\/a>.<\/p>\n\n\n\n<p><strong>Evaluations des cours<\/strong><\/p>\n\n\n\n<p>Pourquoi et comment remplir ses \u00e9valuations de cours ? <a href=\"https:\/\/agepoly.ch\/evaluations-des-cours\/\" data-type=\"link\" data-id=\"https:\/\/agepoly.ch\/evaluations-des-cours\/\">Infos ici [lien]<\/a>.<\/p>\n\n\n\n<p style=\"font-size:18px\"><strong>E-mail<\/strong><\/p>\n\n\n\n<p>N\u2019h\u00e9site pas \u00e0 nous contacter via&nbsp;<a href=\"mailto:representation@agepoly.ch\">representation@agepoly.ch<\/a>.&nbsp;<\/p>\n\n\n\n<p><strong>Telegram<\/strong><\/p>\n\n\n\n<p style=\"font-size:18px\">Si tu veux \u00eatre au courant de toutes les actualit\u00e9s concernant la repr\u00e9sentation et y r\u00e9agir en temps r\u00e9el<\/p>\n\n\n\n<div class=\"wp-block-buttons is-content-justification-left is-layout-flex wp-container-core-buttons-is-layout-fdcfc74e wp-block-buttons-is-layout-flex\">\n<div class=\"wp-block-button is-style-primary\"><a class=\"wp-block-button__link has-nv-site-bg-color has-text-color has-link-color wp-element-button\" href=\"https:\/\/t.me\/agepoly_representation.\">ABONNE TOI AU CHANNEL TELEGRAM<\/a><\/div>\n<\/div>\n<\/div>\n\n\n\n<div class=\"wp-block-column is-layout-flow wp-block-column-is-layout-flow\"><div class=\"wp-block-image\">\n<figure class=\"aligncenter size-full is-resized\"><img loading=\"lazy\" decoding=\"async\" width=\"1000\" height=\"1000\" src=\"https:\/\/agepoly.ch\/wp-content\/uploads\/2024\/08\/coucou.png\" alt=\"\" class=\"wp-image-370\" style=\"width:356px;height:auto\" srcset=\"https:\/\/agepoly.ch\/wp-content\/uploads\/2024\/08\/coucou.png 1000w, https:\/\/agepoly.ch\/wp-content\/uploads\/2024\/08\/coucou-300x300.png 300w, https:\/\/agepoly.ch\/wp-content\/uploads\/2024\/08\/coucou-150x150.png 150w, https:\/\/agepoly.ch\/wp-content\/uploads\/2024\/08\/coucou-768x768.png 768w, https:\/\/agepoly.ch\/wp-content\/uploads\/2024\/08\/coucou-12x12.png 12w, https:\/\/agepoly.ch\/wp-content\/uploads\/2024\/08\/coucou-200x200.png 200w\" sizes=\"(max-width: 1000px) 100vw, 1000px\" \/><\/figure><\/div><\/div>\n<\/div>\n<\/div><\/div>\n\n\n\n<p><\/p>\n","protected":false},"excerpt":{"rendered":"","protected":false},"author":2,"featured_media":0,"parent":0,"menu_order":0,"comment_status":"closed","ping_status":"closed","template":"","meta":{"neve_meta_sidebar":"","neve_meta_container":"","neve_meta_enable_content_width":"on","neve_meta_content_width":100,"neve_meta_title_alignment":"","neve_meta_author_avatar":"","neve_post_elements_order":"","neve_meta_disable_header":"","neve_meta_disable_footer":"","neve_meta_disable_title":"on","_themeisle_gutenberg_block_has_review":false,"footnotes":""},"class_list":["post-548","page","type-page","status-publish","hentry"],"_links":{"self":[{"href":"https:\/\/agepoly.ch\/en\/wp-json\/wp\/v2\/pages\/548","targetHints":{"allow":["GET"]}}],"collection":[{"href":"https:\/\/agepoly.ch\/en\/wp-json\/wp\/v2\/pages"}],"about":[{"href":"https:\/\/agepoly.ch\/en\/wp-json\/wp\/v2\/types\/page"}],"author":[{"embeddable":true,"href":"https:\/\/agepoly.ch\/en\/wp-json\/wp\/v2\/users\/2"}],"replies":[{"embeddable":true,"href":"https:\/\/agepoly.ch\/en\/wp-json\/wp\/v2\/comments?post=548"}],"version-history":[{"count":25,"href":"https:\/\/agepoly.ch\/en\/wp-json\/wp\/v2\/pages\/548\/revisions"}],"predecessor-version":[{"id":3159,"href":"https:\/\/agepoly.ch\/en\/wp-json\/wp\/v2\/pages\/548\/revisions\/3159"}],"wp:attachment":[{"href":"https:\/\/agepoly.ch\/en\/wp-json\/wp\/v2\/media?parent=548"}],"curies":[{"name":"wp","href":"https:\/\/api.w.org\/{rel}","templated":true}]}}