{"id":575,"date":"2024-09-01T15:24:18","date_gmt":"2024-09-01T14:24:18","guid":{"rendered":"https:\/\/wp.agepoly.ch\/?page_id=575"},"modified":"2025-11-03T10:20:43","modified_gmt":"2025-11-03T09:20:43","slug":"structure-representation","status":"publish","type":"page","link":"https:\/\/agepoly.ch\/en\/structure-representation\/","title":{"rendered":"Structure of the representation"},"content":{"rendered":"<div class=\"wp-block-cover alignfull is-light\" style=\"min-height:300px;aspect-ratio:unset;\"><span aria-hidden=\"true\" class=\"wp-block-cover__background has-nv-site-bg-background-color has-background-dim-100 has-background-dim\"><\/span><div class=\"wp-block-cover__inner-container is-layout-flow wp-block-cover-is-layout-flow\">\n<div class=\"wp-block-group\"><div class=\"wp-block-group__inner-container is-layout-flow wp-block-group-is-layout-flow\">\n<h1 class=\"wp-block-heading has-text-align-left has-neve-text-color-color has-text-color\">Structure of the representation<\/h1>\n\n\n\n<p>Student representation at EPFL begins with class delegates, who establish direct contact between students, teachers, and sections. AGEPoly supports, coordinates, trains, and informs the delegation through several bodies and meetings.<\/p>\n<\/div><\/div>\n<\/div><\/div>\n\n\n\n<div class=\"wp-block-cover alignfull is-light\" style=\"min-height:600px;aspect-ratio:unset;\"><span aria-hidden=\"true\" class=\"wp-block-cover__background has-nv-light-bg-background-color has-background-dim-100 has-background-dim\"><\/span><div class=\"wp-block-cover__inner-container is-layout-flow wp-block-cover-is-layout-flow\">\n<div class=\"wp-block-group\"><div class=\"wp-block-group__inner-container is-layout-flow wp-block-group-is-layout-flow\">\n<div style=\"height:80px\" aria-hidden=\"true\" class=\"wp-block-spacer\"><\/div>\n\n\n\n<div class=\"wp-block-columns are-vertically-aligned-center is-layout-flex wp-container-core-columns-is-layout-9d6595d7 wp-block-columns-is-layout-flex\">\n<div class=\"wp-block-column is-vertically-aligned-center is-layout-flow wp-block-column-is-layout-flow\" style=\"flex-basis:50%\">\n<figure class=\"wp-block-image size-full is-resized size-large\"><img loading=\"lazy\" decoding=\"async\" width=\"1280\" height=\"853\" src=\"https:\/\/agepoly.ch\/wp-content\/uploads\/2024\/08\/photos_equipes_qualite_pourrie.jpg\" alt=\"\" class=\"wp-image-303\" style=\"width:562px;height:auto\" srcset=\"https:\/\/agepoly.ch\/wp-content\/uploads\/2024\/08\/photos_equipes_qualite_pourrie.jpg 1280w, https:\/\/agepoly.ch\/wp-content\/uploads\/2024\/08\/photos_equipes_qualite_pourrie-300x200.jpg 300w, https:\/\/agepoly.ch\/wp-content\/uploads\/2024\/08\/photos_equipes_qualite_pourrie-1024x682.jpg 1024w, https:\/\/agepoly.ch\/wp-content\/uploads\/2024\/08\/photos_equipes_qualite_pourrie-768x512.jpg 768w, https:\/\/agepoly.ch\/wp-content\/uploads\/2024\/08\/photos_equipes_qualite_pourrie-18x12.jpg 18w, https:\/\/agepoly.ch\/wp-content\/uploads\/2024\/08\/photos_equipes_qualite_pourrie-200x133.jpg 200w, https:\/\/agepoly.ch\/wp-content\/uploads\/2024\/08\/photos_equipes_qualite_pourrie-930x620.jpg 930w\" sizes=\"auto, (max-width: 1280px) 100vw, 1280px\" \/><\/figure>\n<\/div>\n\n\n\n<div class=\"wp-block-column is-vertically-aligned-center is-layout-flow wp-block-column-is-layout-flow\" style=\"flex-basis:50%\">\n<h2 class=\"wp-block-heading has-neve-text-color-color has-text-color\">Who are we ?<\/h2>\n\n\n\n<p class=\"has-neve-text-color-color has-text-color\" style=\"font-size:18px\">From teams to employees, including the committee and various bodies or honorary members, there are many people who are important to the Association! <\/p>\n\n\n\n<div class=\"wp-block-buttons is-layout-flex wp-block-buttons-is-layout-flex\">\n<div class=\"wp-block-button\"><a class=\"wp-block-button__link has-background wp-element-button\" href=\"https:\/\/agepoly.ch\/en\/qui-sommes-nous\/\" style=\"background-color:#f24878\">LEARN MORE<\/a><\/div>\n<\/div>\n<\/div>\n<\/div>\n\n\n\n<div style=\"height:40px\" aria-hidden=\"true\" class=\"wp-block-spacer\"><\/div>\n<\/div><\/div>\n<\/div><\/div>\n\n\n\n<div class=\"wp-block-cover alignfull is-light\" style=\"min-height:600px;aspect-ratio:unset;\"><span aria-hidden=\"true\" class=\"wp-block-cover__background has-nv-dark-bg-background-color has-background-dim-100 has-background-dim\"><\/span><div class=\"wp-block-cover__inner-container is-layout-flow wp-block-cover-is-layout-flow\">\n<div class=\"wp-block-group\"><div class=\"wp-block-group__inner-container is-layout-flow wp-block-group-is-layout-flow\">\n<div style=\"height:80px\" aria-hidden=\"true\" class=\"wp-block-spacer\"><\/div>\n\n\n\n<div class=\"wp-block-columns are-vertically-aligned-center is-layout-flex wp-container-core-columns-is-layout-9d6595d7 wp-block-columns-is-layout-flex\">\n<div class=\"wp-block-column is-vertically-aligned-center has-nv-site-bg-color has-text-color has-link-color wp-elements-4561eb33394a255cb8c31123c3828c51 is-layout-flow wp-block-column-is-layout-flow\" style=\"flex-basis:50%\">\n<h2 class=\"wp-block-heading has-nv-text-dark-bg-color has-text-color\">Entities where AGEPoly represents the student body<\/h2>\n\n\n\n<p class=\"has-nv-text-dark-bg-color has-text-color has-link-color wp-elements-193d429c158d9181b36a8bac2aab5785\" style=\"font-size:18px\">Here is a list of various entities and projects where AGEPoly represents the student body.<\/p>\n\n\n\n<p>Permanent entities:&nbsp;<\/p>\n\n\n\n<ul class=\"wp-block-list\">\n<li><a href=\"https:\/\/www.epfl.ch\/about\/overview\/fr\/gouvernance\/assemblee-d-ecole\/\">Assembl\u00e9e d\u2019\u00e9cole<\/a><\/li>\n\n\n\n<li><a href=\"https:\/\/www.epfl.ch\/about\/overview\/wp-content\/uploads\/2022\/09\/1.9.1_r_Conference_-dir_section_fr.pdf\">Conf\u00e9rence des Directions de Sections<\/a><\/li>\n\n\n\n<li>R\u00e9unions mensuelles avec Vice Pr\u00e9sidence Associ\u00e9e \u00e0 l&rsquo;\u00c9ducation et D\u00e9l\u00e9gu\u00e9 du Provost aux Relations Estudiantines. <\/li>\n\n\n\n<li>Commission des \u00e9tudiant\u00b7e\u00b7s repr\u00e9sentant\u00b7e\u00b7s des sections<\/li>\n\n\n\n<li><a href=\"https:\/\/www.epfl.ch\/campus\/services\/demande-de-projets-masterplan\/\">Masterplans de la vice pr\u00e9sidence pour les op\u00e9rations<\/a><\/li>\n\n\n\n<li><a href=\"https:\/\/www.fmel.ch\/qui-sommes-nous\/presentations\">Conseil de Fondation FMEL<\/a><\/li>\n\n\n\n<li><a href=\"https:\/\/www.epflpress.org\/store\/page\/126\/fondation-ppur\">Conseil de Fondation des PPUR&nbsp;<\/a><\/li>\n\n\n\n<li><a href=\"https:\/\/www.epfl.ch\/education\/studies\/bourse-sociale-de-lepfl\/\">Bourses sociales<\/a><\/li>\n\n\n\n<li><a href=\"https:\/\/www.epfl.ch\/education\/master\/fr\/bourses-dexcellence-master\/\">Bourses d\u2019excellence master<\/a><\/li>\n\n\n\n<li><a href=\"https:\/\/www.epfl.ch\/education\/bachelor\/fr\/bourses-dexcellence-bachelor\/\">Bourses d\u2019excellence bachelor<\/a><\/li>\n<\/ul>\n\n\n\n<div style=\"height:20px\" aria-hidden=\"true\" class=\"wp-block-spacer\"><\/div>\n\n\n\n<div style=\"height:20px\" aria-hidden=\"true\" class=\"wp-block-spacer\"><\/div>\n<\/div>\n\n\n\n<div class=\"wp-block-column is-vertically-aligned-center is-layout-flow wp-block-column-is-layout-flow\" style=\"flex-basis:50%\"><div class=\"wp-block-image\">\n<figure class=\"aligncenter size-large is-resized\"><img loading=\"lazy\" decoding=\"async\" width=\"1024\" height=\"1024\" src=\"https:\/\/agepoly.ch\/wp-content\/uploads\/2024\/08\/repres-entier-1024x1024.png\" alt=\"\" class=\"wp-image-124\" style=\"width:343px;height:auto\" srcset=\"https:\/\/agepoly.ch\/wp-content\/uploads\/2024\/08\/repres-entier-1024x1024.png 1024w, https:\/\/agepoly.ch\/wp-content\/uploads\/2024\/08\/repres-entier-300x300.png 300w, https:\/\/agepoly.ch\/wp-content\/uploads\/2024\/08\/repres-entier-150x150.png 150w, https:\/\/agepoly.ch\/wp-content\/uploads\/2024\/08\/repres-entier-768x768.png 768w, https:\/\/agepoly.ch\/wp-content\/uploads\/2024\/08\/repres-entier-1536x1536.png 1536w, https:\/\/agepoly.ch\/wp-content\/uploads\/2024\/08\/repres-entier-12x12.png 12w, https:\/\/agepoly.ch\/wp-content\/uploads\/2024\/08\/repres-entier.png 2000w\" sizes=\"auto, (max-width: 1024px) 100vw, 1024px\" \/><\/figure><\/div><\/div>\n<\/div>\n\n\n\n<div style=\"height:40px\" aria-hidden=\"true\" class=\"wp-block-spacer\"><\/div>\n<\/div><\/div>\n<\/div><\/div>\n\n\n\n<div class=\"wp-block-cover alignfull is-light\" style=\"min-height:600px;aspect-ratio:unset;\"><span aria-hidden=\"true\" class=\"wp-block-cover__background has-nv-site-bg-background-color has-background-dim-100 has-background-dim\"><\/span><div class=\"wp-block-cover__inner-container is-layout-flow wp-block-cover-is-layout-flow\">\n<div class=\"wp-block-group\"><div class=\"wp-block-group__inner-container is-layout-flow wp-block-group-is-layout-flow\">\n<div style=\"height:80px\" aria-hidden=\"true\" class=\"wp-block-spacer\"><\/div>\n\n\n\n<div class=\"wp-block-columns are-vertically-aligned-center is-layout-flex wp-container-core-columns-is-layout-9d6595d7 wp-block-columns-is-layout-flex\">\n<div class=\"wp-block-column is-vertically-aligned-center is-layout-flow wp-block-column-is-layout-flow\" style=\"flex-basis:50%\">\n<figure class=\"wp-block-image size-full is-resized size-large\"><img loading=\"lazy\" decoding=\"async\" width=\"2000\" height=\"2000\" src=\"https:\/\/agepoly.ch\/wp-content\/uploads\/2024\/08\/comm-1.png\" alt=\"\" class=\"wp-image-368\" style=\"width:562px;height:auto\" srcset=\"https:\/\/agepoly.ch\/wp-content\/uploads\/2024\/08\/comm-1.png 2000w, https:\/\/agepoly.ch\/wp-content\/uploads\/2024\/08\/comm-1-300x300.png 300w, https:\/\/agepoly.ch\/wp-content\/uploads\/2024\/08\/comm-1-1024x1024.png 1024w, https:\/\/agepoly.ch\/wp-content\/uploads\/2024\/08\/comm-1-150x150.png 150w, https:\/\/agepoly.ch\/wp-content\/uploads\/2024\/08\/comm-1-768x768.png 768w, https:\/\/agepoly.ch\/wp-content\/uploads\/2024\/08\/comm-1-1536x1536.png 1536w, https:\/\/agepoly.ch\/wp-content\/uploads\/2024\/08\/comm-1-12x12.png 12w, https:\/\/agepoly.ch\/wp-content\/uploads\/2024\/08\/comm-1-200x200.png 200w\" sizes=\"auto, (max-width: 2000px) 100vw, 2000px\" \/><\/figure>\n<\/div>\n\n\n\n<div class=\"wp-block-column is-vertically-aligned-center is-layout-flow wp-block-column-is-layout-flow\" style=\"flex-basis:50%\">\n<h2 class=\"wp-block-heading has-neve-text-color-color has-text-color\">Resources for Student Representation<\/h2>\n\n\n\n<div class=\"wp-block-buttons is-layout-flex wp-block-buttons-is-layout-flex\">\n<div class=\"wp-block-button is-style-primary\"><a class=\"wp-block-button__link has-nv-site-bg-color has-text-color has-link-color wp-element-button\" href=\"https:\/\/agepoly.ch\/en\/ressources-pour-la-representation-estudiantine\/\">PLUS D&rsquo;INFOS ICI<\/a><\/div>\n<\/div>\n<\/div>\n<\/div>\n\n\n\n<div style=\"height:40px\" aria-hidden=\"true\" class=\"wp-block-spacer\"><\/div>\n<\/div><\/div>\n<\/div><\/div>","protected":false},"excerpt":{"rendered":"","protected":false},"author":2,"featured_media":0,"parent":0,"menu_order":0,"comment_status":"closed","ping_status":"closed","template":"","meta":{"neve_meta_sidebar":"","neve_meta_container":"","neve_meta_enable_content_width":"on","neve_meta_content_width":100,"neve_meta_title_alignment":"","neve_meta_author_avatar":"","neve_post_elements_order":"","neve_meta_disable_header":"","neve_meta_disable_footer":"","neve_meta_disable_title":"on","_themeisle_gutenberg_block_has_review":false,"footnotes":""},"class_list":["post-575","page","type-page","status-publish","hentry"],"_links":{"self":[{"href":"https:\/\/agepoly.ch\/en\/wp-json\/wp\/v2\/pages\/575","targetHints":{"allow":["GET"]}}],"collection":[{"href":"https:\/\/agepoly.ch\/en\/wp-json\/wp\/v2\/pages"}],"about":[{"href":"https:\/\/agepoly.ch\/en\/wp-json\/wp\/v2\/types\/page"}],"author":[{"embeddable":true,"href":"https:\/\/agepoly.ch\/en\/wp-json\/wp\/v2\/users\/2"}],"replies":[{"embeddable":true,"href":"https:\/\/agepoly.ch\/en\/wp-json\/wp\/v2\/comments?post=575"}],"version-history":[{"count":10,"href":"https:\/\/agepoly.ch\/en\/wp-json\/wp\/v2\/pages\/575\/revisions"}],"predecessor-version":[{"id":2631,"href":"https:\/\/agepoly.ch\/en\/wp-json\/wp\/v2\/pages\/575\/revisions\/2631"}],"wp:attachment":[{"href":"https:\/\/agepoly.ch\/en\/wp-json\/wp\/v2\/media?parent=575"}],"curies":[{"name":"wp","href":"https:\/\/api.w.org\/{rel}","templated":true}]}}