{"id":803,"date":"2024-11-02T19:52:14","date_gmt":"2024-11-02T18:52:14","guid":{"rendered":"https:\/\/wp.agepoly.ch\/?page_id=803"},"modified":"2025-03-26T22:22:11","modified_gmt":"2025-03-26T21:22:11","slug":"boursovetements","status":"publish","type":"page","link":"https:\/\/agepoly.ch\/en\/boursovetements\/","title":{"rendered":"Boursov\u00eatements"},"content":{"rendered":"<div class=\"wp-block-cover alignfull has-custom-content-position is-position-top-center static-content-qna has-small-font-size\" style=\"border-width:20px;border-radius:40px;padding-top:20px;padding-right:15%;padding-bottom:20px;padding-left:15%;min-height:270px;aspect-ratio:unset;\"><span aria-hidden=\"true\" class=\"wp-block-cover__background has-nv-light-bg-background-color has-background-dim-100 has-background-dim\"><\/span><div class=\"wp-block-cover__inner-container is-layout-constrained wp-container-core-cover-is-layout-17656ca8 wp-block-cover-is-layout-constrained\">\n<div class=\"wp-block-cover\" style=\"border-radius:50px;padding-top:var(--wp--preset--spacing--60);min-height:133px;aspect-ratio:unset;\"><span aria-hidden=\"true\" class=\"wp-block-cover__background has-nv-c-1-background-color has-background-dim-100 has-background-dim\"><\/span><div class=\"wp-block-cover__inner-container is-layout-constrained wp-block-cover-is-layout-constrained\">\n<h1 class=\"wp-block-heading has-text-align-center has-nv-site-bg-color has-text-color has-link-color has-x-large-font-size wp-elements-a57d531b479bbd2056c7196106ec8303 translation-block\"><strong>What is<\/strong> clothing?<\/h1>\n<\/div><\/div>\n\n\n\n<div style=\"height:50px\" aria-hidden=\"true\" class=\"wp-block-spacer\"><\/div>\n\n\n\n<p class=\"has-neve-text-color-color has-text-color has-link-color has-medium-font-size wp-elements-0e8e889d0ba41300e6159dd98199f1a5 translation-block\"><strong>A kind of big thrift store, but even simpler\u2026 AGEPoly organizes with the Unipoly pole <a href=\"https:\/\/www.instagram.com\/upfashionlab\/?hl=en\" data-type=\"link\" data-id=\"https:\/\/www.instagram.com\/upfashionlab\/?hl=en\" target=\"_self\">UP Fashion Lab<\/a> a big thrift store, which allows you to buy second-hand clothes, but also resell them!<\/strong><\/p>\n\n\n\n<div style=\"height:30px\" aria-hidden=\"true\" class=\"wp-block-spacer\"><\/div>\n\n\n\n<div class=\"wp-block-columns is-layout-flex wp-container-core-columns-is-layout-9d6595d7 wp-block-columns-is-layout-flex\">\n<div class=\"wp-block-column is-layout-flow wp-block-column-is-layout-flow\" style=\"flex-basis:66.66%\">\n<div class=\"wp-block-cover has-large-font-size\" style=\"border-radius:50px;padding-top:var(--wp--preset--spacing--40);padding-bottom:1px;min-height:99px;aspect-ratio:unset;\"><span aria-hidden=\"true\" class=\"wp-block-cover__background has-neve-link-color-background-color has-background-dim-100 has-background-dim\"><\/span><div class=\"wp-block-cover__inner-container is-layout-constrained wp-block-cover-is-layout-constrained\">\n<h3 class=\"wp-block-heading has-text-align-center has-nv-site-bg-color has-text-color has-link-color wp-elements-8e015cfe2735554df87b9c19051ca702 translation-block\" style=\"font-size:32px\">I want to sell some clothes, <strong><strong><strong>how does it work?<\/strong><\/strong><\/strong><\/h3>\n<\/div><\/div>\n<\/div>\n\n\n\n<div class=\"wp-block-column is-layout-flow wp-block-column-is-layout-flow\" style=\"flex-basis:33.33%\"><\/div>\n<\/div>\n\n\n\n<p class=\"has-neve-text-color-color has-text-color has-link-color has-medium-font-size wp-elements-a18cfa614e21a4f8b8c36459e73fdfe2 translation-block\"><strong>Before coming, you can register your garment on a form. Then, you just have to come and drop off your <strong>garment<\/strong> at the sale location!<\/strong><\/p>\n\n\n\n<p class=\"has-neve-text-color-color has-text-color has-link-color has-medium-font-size wp-elements-363ab72c07bcbcf0b3bbaf4143e2fbf6 translation-block\"><strong>The <strong>clothing<\/strong> exchange team will take care of selling it and will contact you to return the money or the <strong>clothing<\/strong> if it has not found a buyer.<\/strong><\/p>\n\n\n\n<div class=\"wp-block-columns is-layout-flex wp-container-core-columns-is-layout-9d6595d7 wp-block-columns-is-layout-flex\">\n<div class=\"wp-block-column is-layout-flow wp-block-column-is-layout-flow\" style=\"flex-basis:66.66%\">\n<div class=\"wp-block-cover has-large-font-size\" style=\"border-radius:50px;padding-top:var(--wp--preset--spacing--40);padding-bottom:1px;min-height:99px;aspect-ratio:unset;\"><span aria-hidden=\"true\" class=\"wp-block-cover__background has-neve-link-color-background-color has-background-dim-100 has-background-dim\"><\/span><div class=\"wp-block-cover__inner-container is-layout-constrained wp-block-cover-is-layout-constrained\">\n<h3 class=\"wp-block-heading has-text-align-center has-nv-site-bg-color has-text-color has-link-color wp-elements-ad95735cdcda1a0f309a3f1bcf510034 translation-block\" style=\"font-size:32px\">I want to buy a <strong>piece of clothing<\/strong>, <strong><strong><strong>how does it work?<\/strong><\/strong><\/strong><\/h3>\n<\/div><\/div>\n<\/div>\n\n\n\n<div class=\"wp-block-column is-layout-flow wp-block-column-is-layout-flow\" style=\"flex-basis:33.33%\"><\/div>\n<\/div>\n\n\n\n<p class=\"has-neve-text-color-color has-text-color has-link-color has-medium-font-size wp-elements-f64458ff00754943e8371ba6a11b7e84 translation-block\"><strong>You can come to the <strong>clothing<\/strong> exchange location, and pay in cash, card or camipro!<\/strong><\/p>\n\n\n\n<div style=\"height:30px\" aria-hidden=\"true\" class=\"wp-block-spacer\"><\/div>\n\n\n\n<div class=\"wp-block-columns is-layout-flex wp-container-core-columns-is-layout-9d6595d7 wp-block-columns-is-layout-flex\">\n<div class=\"wp-block-column is-layout-flow wp-block-column-is-layout-flow\" style=\"flex-basis:66.66%\">\n<div class=\"wp-block-cover has-large-font-size\" style=\"border-radius:50px;padding-top:var(--wp--preset--spacing--40);padding-bottom:1px;min-height:99px;aspect-ratio:unset;\"><span aria-hidden=\"true\" class=\"wp-block-cover__background has-neve-link-color-background-color has-background-dim-100 has-background-dim\"><\/span><div class=\"wp-block-cover__inner-container is-layout-constrained wp-block-cover-is-layout-constrained\">\n<h3 class=\"wp-block-heading has-text-align-center has-nv-site-bg-color has-text-color has-link-color wp-elements-7979474a8e52e903182138fc8ff2756b\" style=\"font-size:32px\">What are the infos for this year?<\/h3>\n<\/div><\/div>\n<\/div>\n\n\n\n<div class=\"wp-block-column is-layout-flow wp-block-column-is-layout-flow\" style=\"flex-basis:33.33%\"><\/div>\n<\/div>\n\n\n<ul class=\"wp-block-latest-posts__list has-link-color ticss-b0436c2d wp-elements-f5f8f8112b44f91a38ae4f0a1b785bd5 wp-block-latest-posts has-text-color has-neve-text-color-color has-medium-font-size\"><li><a class=\"wp-block-latest-posts__post-title\" href=\"https:\/\/agepoly.ch\/en\/2026\/03\/23\/boursovetements-2026\/\">Boursov\u00eatements 2026<\/a><div class=\"wp-block-latest-posts__post-full-content\"><!-- wp:paragraph {\"style\":{\"elements\":{\"link\":{\"color\":{\"text\":\"var:preset|color|nv-dark-bg\"}}}},\"textColor\":\"nv-dark-bg\"} -->\n<p class=\"has-nv-dark-bg-color has-text-color has-link-color\">L&rsquo;\u00e9dition 2026 de la boursov\u00eatement aura lieu du <strong>31 mars au 2 avril dans le hall CO 0 de 9h \u00e0 17h !<\/strong><\/p>\n<!-- \/wp:paragraph -->\n\n<!-- wp:paragraph -->\n<p>Si tu souhaites inscrire tes v\u00eatements pour les vendre, c&rsquo;est par ici :   <\/p>\n<!-- \/wp:paragraph -->\n\n<!-- wp:buttons {\"layout\":{\"type\":\"flex\",\"justifyContent\":\"center\"}} -->\n<div class=\"wp-block-buttons\"><!-- wp:button {\"backgroundColor\":\"neve-link-color\",\"width\":50,\"style\":{\"spacing\":{\"padding\":{\"left\":\"var:preset|spacing|60\",\"right\":\"var:preset|spacing|60\",\"top\":\"var:preset|spacing|50\",\"bottom\":\"var:preset|spacing|50\"}},\"border\":{\"width\":\"0px\",\"style\":\"none\",\"radius\":\"48px\"}},\"fontSize\":\"medium\"} -->\n<div class=\"wp-block-button has-custom-width wp-block-button__width-50\"><a class=\"wp-block-button__link has-neve-link-color-background-color has-background has-medium-font-size has-custom-font-size wp-element-button\" href=\"https:\/\/go.agepoly.ch\/Inscriptions-Boursov%C3%AAtements\" style=\"border-style:none;border-width:0px;border-radius:48px;padding-top:var(--wp--preset--spacing--50);padding-right:var(--wp--preset--spacing--60);padding-bottom:var(--wp--preset--spacing--50);padding-left:var(--wp--preset--spacing--60)\">Inscription Boursov\u00eatements 2026<\/a><\/div>\n<!-- \/wp:button --><\/div>\n<!-- \/wp:buttons -->\n\n<!-- wp:paragraph -->\n<p><\/p>\n<!-- \/wp:paragraph -->\n\n<!-- wp:paragraph -->\n<p>Sur place seront \u00e9galement vendus des v\u00eatements de UPFL ainsi que de GloryLand, n&rsquo;h\u00e9site pas \u00e0 venir faire un tour !<\/p>\n<!-- \/wp:paragraph -->\n\n<!-- wp:paragraph -->\n<p><\/p>\n<!-- \/wp:paragraph --><\/div><\/li>\n<\/ul>\n\n\n<div style=\"height:30px\" aria-hidden=\"true\" class=\"wp-block-spacer\"><\/div>\n\n\n\n<div class=\"wp-block-columns is-layout-flex wp-container-core-columns-is-layout-9d6595d7 wp-block-columns-is-layout-flex\">\n<div class=\"wp-block-column is-layout-flow wp-block-column-is-layout-flow\" style=\"flex-basis:66.66%\">\n<div class=\"wp-block-cover has-large-font-size\" style=\"border-radius:50px;padding-top:var(--wp--preset--spacing--40);padding-bottom:1px;min-height:99px;aspect-ratio:unset;\"><span aria-hidden=\"true\" class=\"wp-block-cover__background has-neve-link-color-background-color has-background-dim-100 has-background-dim\"><\/span><div class=\"wp-block-cover__inner-container is-layout-constrained wp-block-cover-is-layout-constrained\">\n<h3 class=\"wp-block-heading has-text-align-center has-nv-site-bg-color has-text-color has-link-color wp-elements-0661282708822ba55a7b808580abbec3\" style=\"font-size:32px\"><strong><strong><strong>Any more questions?<\/strong><\/strong><\/strong><\/h3>\n<\/div><\/div>\n<\/div>\n\n\n\n<div class=\"wp-block-column is-layout-flow wp-block-column-is-layout-flow\" style=\"flex-basis:33.33%\"><\/div>\n<\/div>\n\n\n\n<p class=\"has-neve-link-color-color has-text-color has-link-color has-medium-font-size wp-elements-34d13821b05cfdb97c7b09b6edc170b0\"><strong><mark style=\"background-color:rgba(0, 0, 0, 0)\" class=\"has-inline-color has-neve-text-color-color\">Do not hesitate to write us an email at&nbsp;<a href=\"mailto:comite@agepoly.ch\">services@agepoly.ch<\/a>, we will be happy to answer your questions.<\/mark><\/strong><\/p>\n<\/div><\/div>\n\n\n\n<h3 class=\"wp-block-heading\"><\/h3>","protected":false},"excerpt":{"rendered":"","protected":false},"author":2,"featured_media":0,"parent":0,"menu_order":0,"comment_status":"closed","ping_status":"closed","template":"","meta":{"neve_meta_sidebar":"","neve_meta_container":"","neve_meta_enable_content_width":"","neve_meta_content_width":0,"neve_meta_title_alignment":"","neve_meta_author_avatar":"","neve_post_elements_order":"","neve_meta_disable_header":"","neve_meta_disable_footer":"","neve_meta_disable_title":"","_themeisle_gutenberg_block_has_review":false,"footnotes":""},"class_list":["post-803","page","type-page","status-publish","hentry"],"_links":{"self":[{"href":"https:\/\/agepoly.ch\/en\/wp-json\/wp\/v2\/pages\/803","targetHints":{"allow":["GET"]}}],"collection":[{"href":"https:\/\/agepoly.ch\/en\/wp-json\/wp\/v2\/pages"}],"about":[{"href":"https:\/\/agepoly.ch\/en\/wp-json\/wp\/v2\/types\/page"}],"author":[{"embeddable":true,"href":"https:\/\/agepoly.ch\/en\/wp-json\/wp\/v2\/users\/2"}],"replies":[{"embeddable":true,"href":"https:\/\/agepoly.ch\/en\/wp-json\/wp\/v2\/comments?post=803"}],"version-history":[{"count":22,"href":"https:\/\/agepoly.ch\/en\/wp-json\/wp\/v2\/pages\/803\/revisions"}],"predecessor-version":[{"id":1640,"href":"https:\/\/agepoly.ch\/en\/wp-json\/wp\/v2\/pages\/803\/revisions\/1640"}],"wp:attachment":[{"href":"https:\/\/agepoly.ch\/en\/wp-json\/wp\/v2\/media?parent=803"}],"curies":[{"name":"wp","href":"https:\/\/api.w.org\/{rel}","templated":true}]}}