{"id":945,"date":"2024-11-11T16:45:51","date_gmt":"2024-11-11T15:45:51","guid":{"rendered":"https:\/\/wp.agepoly.ch\/?page_id=945"},"modified":"2025-03-26T22:22:38","modified_gmt":"2025-03-26T21:22:38","slug":"vente-de-skis","status":"publish","type":"page","link":"https:\/\/agepoly.ch\/en\/vente-de-skis\/","title":{"rendered":"Vente de skis"},"content":{"rendered":"<div class=\"wp-block-cover alignfull has-custom-content-position is-position-top-center static-content-qna has-small-font-size\" style=\"border-width:20px;border-radius:40px;padding-top:20px;padding-right:15%;padding-bottom:20px;padding-left:15%;min-height:270px;aspect-ratio:unset;\"><span aria-hidden=\"true\" class=\"wp-block-cover__background has-nv-light-bg-background-color has-background-dim-100 has-background-dim\"><\/span><div class=\"wp-block-cover__inner-container is-layout-constrained wp-container-core-cover-is-layout-17656ca8 wp-block-cover-is-layout-constrained\">\n<div class=\"wp-block-cover\" style=\"border-radius:50px;padding-top:var(--wp--preset--spacing--60);min-height:133px;aspect-ratio:unset;\"><span aria-hidden=\"true\" class=\"wp-block-cover__background has-nv-c-1-background-color has-background-dim-100 has-background-dim\"><\/span><div class=\"wp-block-cover__inner-container is-layout-constrained wp-block-cover-is-layout-constrained\">\n<h1 class=\"wp-block-heading has-text-align-center has-nv-site-bg-color has-text-color has-link-color has-x-large-font-size wp-elements-3899687c4d0d74145b470b3e2696ba2e translation-block\"><strong>What is<\/strong> ski sales?<\/h1>\n<\/div><\/div>\n\n\n\n<div style=\"height:50px\" aria-hidden=\"true\" class=\"wp-block-spacer\"><\/div>\n\n\n\n<p class=\"has-neve-text-color-color has-text-color has-link-color has-medium-font-size wp-elements-97e9539ab4c2a467f591418f6ca6e441\"><strong>A gigantic ski sale, where you will find what you are looking for at really cool prices! From snow clothes to equipment to swimsuits (because why not have a jacuzzi after a great day of skiing).<\/strong><\/p>\n\n\n\n<div style=\"height:30px\" aria-hidden=\"true\" class=\"wp-block-spacer\"><\/div>\n\n\n\n<div class=\"wp-block-columns is-layout-flex wp-container-core-columns-is-layout-9d6595d7 wp-block-columns-is-layout-flex\">\n<div class=\"wp-block-column is-layout-flow wp-block-column-is-layout-flow\" style=\"flex-basis:66.66%\">\n<div class=\"wp-block-cover has-large-font-size\" style=\"border-radius:50px;padding-top:var(--wp--preset--spacing--40);padding-bottom:1px;min-height:99px;aspect-ratio:unset;\"><span aria-hidden=\"true\" class=\"wp-block-cover__background has-neve-link-color-background-color has-background-dim-100 has-background-dim\"><\/span><div class=\"wp-block-cover__inner-container is-layout-constrained wp-block-cover-is-layout-constrained\">\n<h3 class=\"wp-block-heading has-text-align-center has-nv-site-bg-color has-text-color has-link-color wp-elements-5dcd4c45b0aef6f8286d0ca0afb02092\" style=\"font-size:32px\">How can I pay<strong><strong><strong> ?<\/strong><\/strong><\/strong><\/h3>\n<\/div><\/div>\n<\/div>\n\n\n\n<div class=\"wp-block-column is-layout-flow wp-block-column-is-layout-flow\" style=\"flex-basis:33.33%\"><\/div>\n<\/div>\n\n\n\n<p class=\"has-neve-text-color-color has-text-color has-link-color has-medium-font-size wp-elements-56162e252eb89e0b374422e15e477383\"><strong>You can pay by cash, card or camipro!<\/strong><\/p>\n\n\n\n<div style=\"height:30px\" aria-hidden=\"true\" class=\"wp-block-spacer\"><\/div>\n\n\n\n<div class=\"wp-block-columns is-layout-flex wp-container-core-columns-is-layout-9d6595d7 wp-block-columns-is-layout-flex\">\n<div class=\"wp-block-column is-layout-flow wp-block-column-is-layout-flow\" style=\"flex-basis:66.66%\">\n<div class=\"wp-block-cover has-large-font-size\" style=\"border-radius:50px;padding-top:var(--wp--preset--spacing--40);padding-bottom:1px;min-height:99px;aspect-ratio:unset;\"><span aria-hidden=\"true\" class=\"wp-block-cover__background has-neve-link-color-background-color has-background-dim-100 has-background-dim\"><\/span><div class=\"wp-block-cover__inner-container is-layout-constrained wp-block-cover-is-layout-constrained\">\n<h3 class=\"wp-block-heading has-text-align-center has-nv-site-bg-color has-text-color has-link-color wp-elements-7979474a8e52e903182138fc8ff2756b\" style=\"font-size:32px\">What are the infos for this year?<\/h3>\n<\/div><\/div>\n<\/div>\n\n\n\n<div class=\"wp-block-column is-layout-flow wp-block-column-is-layout-flow\" style=\"flex-basis:33.33%\"><\/div>\n<\/div>\n\n\n<ul class=\"wp-block-latest-posts__list has-link-color ticss-b0436c2d wp-elements-a6466edde50cb07437e348c792d78efe wp-block-latest-posts has-text-color has-neve-text-color-color has-medium-font-size\"><li><a class=\"wp-block-latest-posts__post-title\" href=\"https:\/\/agepoly.ch\/en\/2025\/10\/07\/vente-de-ski-2025\/\">Vente de ski 2025<\/a><div class=\"wp-block-latest-posts__post-full-content\"><!-- wp:paragraph -->\n<p>La vente de ski de l&rsquo;ann\u00e9e 2025 aura lieu du 27 au 30 octobre de 8h \u00e0 18h dans le hall du b\u00e2timent SG.<\/p>\n<!-- \/wp:paragraph --><\/div><\/li>\n<\/ul>\n\n\n<div style=\"height:30px\" aria-hidden=\"true\" class=\"wp-block-spacer\"><\/div>\n\n\n\n<div class=\"wp-block-columns is-layout-flex wp-container-core-columns-is-layout-9d6595d7 wp-block-columns-is-layout-flex\">\n<div class=\"wp-block-column is-layout-flow wp-block-column-is-layout-flow\" style=\"flex-basis:66.66%\">\n<div class=\"wp-block-cover has-large-font-size\" style=\"border-radius:50px;padding-top:var(--wp--preset--spacing--40);padding-bottom:1px;min-height:99px;aspect-ratio:unset;\"><span aria-hidden=\"true\" class=\"wp-block-cover__background has-neve-link-color-background-color has-background-dim-100 has-background-dim\"><\/span><div class=\"wp-block-cover__inner-container is-layout-constrained wp-block-cover-is-layout-constrained\">\n<h3 class=\"wp-block-heading has-text-align-center has-nv-site-bg-color has-text-color has-link-color wp-elements-0661282708822ba55a7b808580abbec3\" style=\"font-size:32px\"><strong><strong><strong>Any more questions?<\/strong><\/strong><\/strong><\/h3>\n<\/div><\/div>\n<\/div>\n\n\n\n<div class=\"wp-block-column is-layout-flow wp-block-column-is-layout-flow\" style=\"flex-basis:33.33%\"><\/div>\n<\/div>\n\n\n\n<p class=\"has-neve-link-color-color has-text-color has-link-color has-medium-font-size wp-elements-34d13821b05cfdb97c7b09b6edc170b0\"><strong><mark style=\"background-color:rgba(0, 0, 0, 0)\" class=\"has-inline-color has-neve-text-color-color\">Do not hesitate to write us an email at&nbsp;<a href=\"mailto:comite@agepoly.ch\">services@agepoly.ch<\/a>, we will be happy to answer your questions.<\/mark><\/strong><\/p>\n<\/div><\/div>\n\n\n\n<h3 class=\"wp-block-heading\"><\/h3>","protected":false},"excerpt":{"rendered":"","protected":false},"author":2,"featured_media":0,"parent":0,"menu_order":0,"comment_status":"closed","ping_status":"closed","template":"","meta":{"neve_meta_sidebar":"","neve_meta_container":"","neve_meta_enable_content_width":"","neve_meta_content_width":0,"neve_meta_title_alignment":"","neve_meta_author_avatar":"","neve_post_elements_order":"","neve_meta_disable_header":"","neve_meta_disable_footer":"","neve_meta_disable_title":"","_themeisle_gutenberg_block_has_review":false,"footnotes":""},"class_list":["post-945","page","type-page","status-publish","hentry"],"_links":{"self":[{"href":"https:\/\/agepoly.ch\/en\/wp-json\/wp\/v2\/pages\/945","targetHints":{"allow":["GET"]}}],"collection":[{"href":"https:\/\/agepoly.ch\/en\/wp-json\/wp\/v2\/pages"}],"about":[{"href":"https:\/\/agepoly.ch\/en\/wp-json\/wp\/v2\/types\/page"}],"author":[{"embeddable":true,"href":"https:\/\/agepoly.ch\/en\/wp-json\/wp\/v2\/users\/2"}],"replies":[{"embeddable":true,"href":"https:\/\/agepoly.ch\/en\/wp-json\/wp\/v2\/comments?post=945"}],"version-history":[{"count":4,"href":"https:\/\/agepoly.ch\/en\/wp-json\/wp\/v2\/pages\/945\/revisions"}],"predecessor-version":[{"id":2582,"href":"https:\/\/agepoly.ch\/en\/wp-json\/wp\/v2\/pages\/945\/revisions\/2582"}],"wp:attachment":[{"href":"https:\/\/agepoly.ch\/en\/wp-json\/wp\/v2\/media?parent=945"}],"curies":[{"name":"wp","href":"https:\/\/api.w.org\/{rel}","templated":true}]}}